{"id":6950,"date":"2023-01-26T18:05:42","date_gmt":"2023-01-26T17:05:42","guid":{"rendered":"https:\/\/butikhome.pl\/index.php\/produkt\/figi-abra-biale\/"},"modified":"2023-04-14T14:25:09","modified_gmt":"2023-04-14T12:25:09","slug":"figi-abra-biale","status":"publish","type":"product","link":"https:\/\/butikhome.pl\/index.php\/produkt\/figi-abra-biale\/","title":{"rendered":"Figi Abra Bia\u0142e"},"content":{"rendered":"<p><span>Eleganckie figi damskie, kt\u00f3re pi\u0119knie zdobi\u0105 biodra. Wykonane z mi\u0119kkiej, g\u0142adkiej tkaniny, kt\u00f3r\u0105 z wdzi\u0119kiem otula na brzegach delikatna, bogata koronka. Sk\u0142ad: 83% poliamid, 17% elastan.<\/span><\/p>\n","protected":false},"excerpt":{"rendered":"<p>Eleganckie figi damskie, kt\u00f3re pi\u0119knie zdobi\u0105 biodra. Wykonane z mi\u0119kkiej, g\u0142adkiej tkaniny, kt\u00f3r\u0105 z wdzi\u0119kiem otula na brzegach delikatna, bogata koronka. Sk\u0142ad: 83% poliamid, 17% elastan.<\/p>\n","protected":false},"featured_media":9038,"comment_status":"open","ping_status":"closed","template":"","meta":[],"product_brand":[],"product_cat":[48,24,41,40],"product_tag":[],"class_list":{"0":"post-6950","1":"product","2":"type-product","3":"status-publish","4":"has-post-thumbnail","6":"product_cat-majtki-podkategoria-do-bielizny","7":"product_cat-produkty","8":"product_cat-l","9":"product_cat-m","11":"first","12":"instock","13":"sale","14":"taxable","15":"shipping-taxable","16":"purchasable","17":"product-type-simple"},"_links":{"self":[{"href":"https:\/\/butikhome.pl\/index.php\/wp-json\/wp\/v2\/product\/6950","targetHints":{"allow":["GET"]}}],"collection":[{"href":"https:\/\/butikhome.pl\/index.php\/wp-json\/wp\/v2\/product"}],"about":[{"href":"https:\/\/butikhome.pl\/index.php\/wp-json\/wp\/v2\/types\/product"}],"replies":[{"embeddable":true,"href":"https:\/\/butikhome.pl\/index.php\/wp-json\/wp\/v2\/comments?post=6950"}],"wp:featuredmedia":[{"embeddable":true,"href":"https:\/\/butikhome.pl\/index.php\/wp-json\/wp\/v2\/media\/9038"}],"wp:attachment":[{"href":"https:\/\/butikhome.pl\/index.php\/wp-json\/wp\/v2\/media?parent=6950"}],"wp:term":[{"taxonomy":"product_brand","embeddable":true,"href":"https:\/\/butikhome.pl\/index.php\/wp-json\/wp\/v2\/product_brand?post=6950"},{"taxonomy":"product_cat","embeddable":true,"href":"https:\/\/butikhome.pl\/index.php\/wp-json\/wp\/v2\/product_cat?post=6950"},{"taxonomy":"product_tag","embeddable":true,"href":"https:\/\/butikhome.pl\/index.php\/wp-json\/wp\/v2\/product_tag?post=6950"}],"curies":[{"name":"wp","href":"https:\/\/api.w.org\/{rel}","templated":true}]}}