{"id":6954,"date":"2023-01-26T18:05:42","date_gmt":"2023-01-26T17:05:42","guid":{"rendered":"https:\/\/butikhome.pl\/index.php\/produkt\/figi-abra-czarne\/"},"modified":"2023-04-14T14:24:59","modified_gmt":"2023-04-14T12:24:59","slug":"figi-abra-czarne","status":"publish","type":"product","link":"https:\/\/butikhome.pl\/index.php\/produkt\/figi-abra-czarne\/","title":{"rendered":"Figi Abra Czarne"},"content":{"rendered":"<p>Eleganckie figi damskie, kt\u00f3re pi\u0119knie zdobi\u0105 biodra. Wykonane z mi\u0119kkiej, g\u0142adkiej tkaniny, kt\u00f3r\u0105 z wdzi\u0119kiem otula na brzegach delikatna, bogata koronka. Sk\u0142ad: 83% poliamid, 17% elastan.<\/p>\n<p>&nbsp;<\/p>\n","protected":false},"excerpt":{"rendered":"<p>Eleganckie figi damskie, kt\u00f3re pi\u0119knie zdobi\u0105 biodra. Wykonane z mi\u0119kkiej, g\u0142adkiej tkaniny, kt\u00f3r\u0105 z wdzi\u0119kiem otula na brzegach delikatna, bogata koronka. Sk\u0142ad: 83% poliamid, 17% elastan. &nbsp;<\/p>\n","protected":false},"featured_media":9037,"comment_status":"open","ping_status":"closed","template":"","meta":[],"product_brand":[],"product_cat":[48,24,40,39,42],"product_tag":[609,348,50,51,81,165,305,525],"class_list":{"0":"post-6954","1":"product","2":"type-product","3":"status-publish","4":"has-post-thumbnail","6":"product_cat-majtki-podkategoria-do-bielizny","7":"product_cat-produkty","8":"product_cat-m","9":"product_cat-s","10":"product_cat-xl","11":"product_tag-delikatna-piekna-koronka","12":"product_tag-eleganckie","13":"product_tag-figi","14":"product_tag-gladkie","15":"product_tag-kobiece","16":"product_tag-miekka-tkanina","17":"product_tag-piekne","18":"product_tag-zdobia-biodra","20":"first","21":"instock","22":"sale","23":"taxable","24":"shipping-taxable","25":"purchasable","26":"product-type-simple"},"_links":{"self":[{"href":"https:\/\/butikhome.pl\/index.php\/wp-json\/wp\/v2\/product\/6954","targetHints":{"allow":["GET"]}}],"collection":[{"href":"https:\/\/butikhome.pl\/index.php\/wp-json\/wp\/v2\/product"}],"about":[{"href":"https:\/\/butikhome.pl\/index.php\/wp-json\/wp\/v2\/types\/product"}],"replies":[{"embeddable":true,"href":"https:\/\/butikhome.pl\/index.php\/wp-json\/wp\/v2\/comments?post=6954"}],"wp:featuredmedia":[{"embeddable":true,"href":"https:\/\/butikhome.pl\/index.php\/wp-json\/wp\/v2\/media\/9037"}],"wp:attachment":[{"href":"https:\/\/butikhome.pl\/index.php\/wp-json\/wp\/v2\/media?parent=6954"}],"wp:term":[{"taxonomy":"product_brand","embeddable":true,"href":"https:\/\/butikhome.pl\/index.php\/wp-json\/wp\/v2\/product_brand?post=6954"},{"taxonomy":"product_cat","embeddable":true,"href":"https:\/\/butikhome.pl\/index.php\/wp-json\/wp\/v2\/product_cat?post=6954"},{"taxonomy":"product_tag","embeddable":true,"href":"https:\/\/butikhome.pl\/index.php\/wp-json\/wp\/v2\/product_tag?post=6954"}],"curies":[{"name":"wp","href":"https:\/\/api.w.org\/{rel}","templated":true}]}}