{"id":6967,"date":"2023-01-26T18:05:43","date_gmt":"2023-01-26T17:05:43","guid":{"rendered":"https:\/\/butikhome.pl\/index.php\/produkt\/figi-adapta-czarne\/"},"modified":"2023-04-14T14:24:13","modified_gmt":"2023-04-14T12:24:13","slug":"figi-adapta-czarne","status":"publish","type":"product","link":"https:\/\/butikhome.pl\/index.php\/produkt\/figi-adapta-czarne\/","title":{"rendered":"Figi Adapta Czarne"},"content":{"rendered":"<p><span>G\u0142adkie figi, kt\u00f3re modeluj\u0105 stref\u0119 brzucha i bioder. Wyko\u0144czone lekkim prze\u015bwitem w rejonie ud, mimo wszystko sprawiaj\u0105 wra\u017cenie delikatnych i bardzo kobiecych. \u015awietny produkt, rewelacyjny tak\u017ce na lato. <\/span><\/p>\n","protected":false},"excerpt":{"rendered":"<p>G\u0142adkie figi, kt\u00f3re modeluj\u0105 stref\u0119 brzucha i bioder. Wyko\u0144czone lekkim prze\u015bwitem w rejonie ud, mimo wszystko sprawiaj\u0105 wra\u017cenie delikatnych i bardzo kobiecych. \u015awietny produkt, rewelacyjny tak\u017ce na lato.<\/p>\n","protected":false},"featured_media":9033,"comment_status":"open","ping_status":"closed","template":"","meta":[],"product_brand":[],"product_cat":[48,24,41,40,39,42],"product_tag":[],"class_list":{"0":"post-6967","1":"product","2":"type-product","3":"status-publish","4":"has-post-thumbnail","6":"product_cat-majtki-podkategoria-do-bielizny","7":"product_cat-produkty","8":"product_cat-l","9":"product_cat-m","10":"product_cat-s","11":"product_cat-xl","13":"first","14":"instock","15":"sale","16":"taxable","17":"shipping-taxable","18":"purchasable","19":"product-type-simple"},"_links":{"self":[{"href":"https:\/\/butikhome.pl\/index.php\/wp-json\/wp\/v2\/product\/6967","targetHints":{"allow":["GET"]}}],"collection":[{"href":"https:\/\/butikhome.pl\/index.php\/wp-json\/wp\/v2\/product"}],"about":[{"href":"https:\/\/butikhome.pl\/index.php\/wp-json\/wp\/v2\/types\/product"}],"replies":[{"embeddable":true,"href":"https:\/\/butikhome.pl\/index.php\/wp-json\/wp\/v2\/comments?post=6967"}],"wp:featuredmedia":[{"embeddable":true,"href":"https:\/\/butikhome.pl\/index.php\/wp-json\/wp\/v2\/media\/9033"}],"wp:attachment":[{"href":"https:\/\/butikhome.pl\/index.php\/wp-json\/wp\/v2\/media?parent=6967"}],"wp:term":[{"taxonomy":"product_brand","embeddable":true,"href":"https:\/\/butikhome.pl\/index.php\/wp-json\/wp\/v2\/product_brand?post=6967"},{"taxonomy":"product_cat","embeddable":true,"href":"https:\/\/butikhome.pl\/index.php\/wp-json\/wp\/v2\/product_cat?post=6967"},{"taxonomy":"product_tag","embeddable":true,"href":"https:\/\/butikhome.pl\/index.php\/wp-json\/wp\/v2\/product_tag?post=6967"}],"curies":[{"name":"wp","href":"https:\/\/api.w.org\/{rel}","templated":true}]}}