{"id":6987,"date":"2023-01-26T18:05:46","date_gmt":"2023-01-26T17:05:46","guid":{"rendered":"https:\/\/butikhome.pl\/index.php\/produkt\/figi-aida-biale\/"},"modified":"2023-04-14T14:23:26","modified_gmt":"2023-04-14T12:23:26","slug":"figi-aida-biale","status":"publish","type":"product","link":"https:\/\/butikhome.pl\/index.php\/produkt\/figi-aida-biale\/","title":{"rendered":"Figi Aida Bia\u0142e"},"content":{"rendered":"<p><span>Wysokiej jako\u015bci figi damskie marki Wol-Bar, wykonane z eleganckiej koronki o delikatnie geometrycznym wzorze i g\u0142adkiej tkaniny. Boki nieco mocniej zabudowane, a\u017curowe, z prze\u015bwitem. Spojrzenie skupia g\u0142adka tkanina, kt\u00f3ra tworzy z przodu tylko smuk\u0142y, seksowny tr\u00f3jk\u0105cik. Linia po\u015bladk\u00f3w r\u00f3wnie\u017c z koronkowym akcentem. Sk\u0142ad: 83% poliamid, 17% elastan.<\/span><\/p>\n","protected":false},"excerpt":{"rendered":"<p>Wysokiej jako\u015bci figi damskie marki Wol-Bar, wykonane z eleganckiej koronki o delikatnie geometrycznym wzorze i g\u0142adkiej tkaniny. Boki nieco mocniej zabudowane, a\u017curowe, z prze\u015bwitem. Spojrzenie skupia g\u0142adka tkanina, kt\u00f3ra tworzy z przodu tylko smuk\u0142y, seksowny tr\u00f3jk\u0105cik. Linia po\u015bladk\u00f3w r\u00f3wnie\u017c z koronkowym akcentem. Sk\u0142ad: 83% poliamid, 17% elastan.<\/p>\n","protected":false},"featured_media":9023,"comment_status":"open","ping_status":"closed","template":"","meta":[],"product_brand":[],"product_cat":[48,24,41,40,39,42],"product_tag":[],"class_list":{"0":"post-6987","1":"product","2":"type-product","3":"status-publish","4":"has-post-thumbnail","6":"product_cat-majtki-podkategoria-do-bielizny","7":"product_cat-produkty","8":"product_cat-l","9":"product_cat-m","10":"product_cat-s","11":"product_cat-xl","13":"first","14":"instock","15":"sale","16":"taxable","17":"shipping-taxable","18":"purchasable","19":"product-type-simple"},"_links":{"self":[{"href":"https:\/\/butikhome.pl\/index.php\/wp-json\/wp\/v2\/product\/6987","targetHints":{"allow":["GET"]}}],"collection":[{"href":"https:\/\/butikhome.pl\/index.php\/wp-json\/wp\/v2\/product"}],"about":[{"href":"https:\/\/butikhome.pl\/index.php\/wp-json\/wp\/v2\/types\/product"}],"replies":[{"embeddable":true,"href":"https:\/\/butikhome.pl\/index.php\/wp-json\/wp\/v2\/comments?post=6987"}],"wp:featuredmedia":[{"embeddable":true,"href":"https:\/\/butikhome.pl\/index.php\/wp-json\/wp\/v2\/media\/9023"}],"wp:attachment":[{"href":"https:\/\/butikhome.pl\/index.php\/wp-json\/wp\/v2\/media?parent=6987"}],"wp:term":[{"taxonomy":"product_brand","embeddable":true,"href":"https:\/\/butikhome.pl\/index.php\/wp-json\/wp\/v2\/product_brand?post=6987"},{"taxonomy":"product_cat","embeddable":true,"href":"https:\/\/butikhome.pl\/index.php\/wp-json\/wp\/v2\/product_cat?post=6987"},{"taxonomy":"product_tag","embeddable":true,"href":"https:\/\/butikhome.pl\/index.php\/wp-json\/wp\/v2\/product_tag?post=6987"}],"curies":[{"name":"wp","href":"https:\/\/api.w.org\/{rel}","templated":true}]}}