{"id":6995,"date":"2023-01-26T18:05:47","date_gmt":"2023-01-26T17:05:47","guid":{"rendered":"https:\/\/butikhome.pl\/index.php\/produkt\/figi-alba-biale\/"},"modified":"2023-04-14T14:23:12","modified_gmt":"2023-04-14T12:23:12","slug":"figi-alba-biale","status":"publish","type":"product","link":"https:\/\/butikhome.pl\/index.php\/produkt\/figi-alba-biale\/","title":{"rendered":"Figi Alba Bia\u0142e"},"content":{"rendered":"<p><span>Zmys\u0142owe figi, kt\u00f3re swym krojem lekko nawi\u0105zuj\u0105 do szort\u00f3w. Prz\u00f3d nieco pe\u0142niejszy, bardziej zabudowany, koronkowy, a\u017curowy &#8211; wygl\u0105da seksownie i kobieco. U g\u00f3ry wstawka z g\u0142adkiej tkaniny, w formie ozdobnego paska. Ty\u0142 odwrotnie &#8211; w przewa\u017caj\u0105cej cz\u0119\u015bci wykonany z kryj\u0105cej, g\u0142adkiej tkaniny. Sk\u0142ad: 83% poliamid, 17% elastan.<\/span><\/p>\n","protected":false},"excerpt":{"rendered":"<p>Zmys\u0142owe figi, kt\u00f3re swym krojem lekko nawi\u0105zuj\u0105 do szort\u00f3w. Prz\u00f3d nieco pe\u0142niejszy, bardziej zabudowany, koronkowy, a\u017curowy &#8211; wygl\u0105da seksownie i kobieco. U g\u00f3ry wstawka z g\u0142adkiej tkaniny, w formie ozdobnego paska. Ty\u0142 odwrotnie &#8211; w przewa\u017caj\u0105cej cz\u0119\u015bci wykonany z kryj\u0105cej, g\u0142adkiej tkaniny. Sk\u0142ad: 83% poliamid, 17% elastan.<\/p>\n","protected":false},"featured_media":9018,"comment_status":"open","ping_status":"closed","template":"","meta":[],"product_brand":[],"product_cat":[48,24,39],"product_tag":[],"class_list":{"0":"post-6995","1":"product","2":"type-product","3":"status-publish","4":"has-post-thumbnail","6":"product_cat-majtki-podkategoria-do-bielizny","7":"product_cat-produkty","8":"product_cat-s","10":"first","11":"instock","12":"taxable","13":"shipping-taxable","14":"purchasable","15":"product-type-simple"},"_links":{"self":[{"href":"https:\/\/butikhome.pl\/index.php\/wp-json\/wp\/v2\/product\/6995","targetHints":{"allow":["GET"]}}],"collection":[{"href":"https:\/\/butikhome.pl\/index.php\/wp-json\/wp\/v2\/product"}],"about":[{"href":"https:\/\/butikhome.pl\/index.php\/wp-json\/wp\/v2\/types\/product"}],"replies":[{"embeddable":true,"href":"https:\/\/butikhome.pl\/index.php\/wp-json\/wp\/v2\/comments?post=6995"}],"wp:featuredmedia":[{"embeddable":true,"href":"https:\/\/butikhome.pl\/index.php\/wp-json\/wp\/v2\/media\/9018"}],"wp:attachment":[{"href":"https:\/\/butikhome.pl\/index.php\/wp-json\/wp\/v2\/media?parent=6995"}],"wp:term":[{"taxonomy":"product_brand","embeddable":true,"href":"https:\/\/butikhome.pl\/index.php\/wp-json\/wp\/v2\/product_brand?post=6995"},{"taxonomy":"product_cat","embeddable":true,"href":"https:\/\/butikhome.pl\/index.php\/wp-json\/wp\/v2\/product_cat?post=6995"},{"taxonomy":"product_tag","embeddable":true,"href":"https:\/\/butikhome.pl\/index.php\/wp-json\/wp\/v2\/product_tag?post=6995"}],"curies":[{"name":"wp","href":"https:\/\/api.w.org\/{rel}","templated":true}]}}