{"id":7501,"date":"2023-01-26T18:07:06","date_gmt":"2023-01-26T17:07:06","guid":{"rendered":"https:\/\/butikhome.pl\/index.php\/produkt\/figi-eco-so-biale\/"},"modified":"2023-04-14T14:22:09","modified_gmt":"2023-04-14T12:22:09","slug":"figi-eco-so-biale","status":"publish","type":"product","link":"https:\/\/butikhome.pl\/index.php\/produkt\/figi-eco-so-biale\/","title":{"rendered":"Figi Eco-So Bia\u0142e"},"content":{"rendered":"<p><span>Bawe\u0142niane figi o wy\u017cszym kroju. Zdobione koronk\u0105 wok\u00f3\u0142 ud. Ty\u0142 g\u0142adki, kryj\u0105cy. Model pe\u0142en klasy i elegancji. Sk\u0142ad: 90% bawe\u0142na, 7% elasatn, 3% poliamid.<\/span><\/p>\n<p><span>\u00a0<\/span><\/p>\n","protected":false},"excerpt":{"rendered":"<p>Bawe\u0142niane figi o wy\u017cszym kroju. Zdobione koronk\u0105 wok\u00f3\u0142 ud. Ty\u0142 g\u0142adki, kryj\u0105cy. Model pe\u0142en klasy i elegancji. Sk\u0142ad: 90% bawe\u0142na, 7% elasatn, 3% poliamid. \u00a0<\/p>\n","protected":false},"featured_media":9015,"comment_status":"open","ping_status":"closed","template":"","meta":[],"product_brand":[],"product_cat":[48,24,41],"product_tag":[],"class_list":{"0":"post-7501","1":"product","2":"type-product","3":"status-publish","4":"has-post-thumbnail","6":"product_cat-majtki-podkategoria-do-bielizny","7":"product_cat-produkty","8":"product_cat-l","10":"first","11":"instock","12":"taxable","13":"shipping-taxable","14":"purchasable","15":"product-type-simple"},"_links":{"self":[{"href":"https:\/\/butikhome.pl\/index.php\/wp-json\/wp\/v2\/product\/7501","targetHints":{"allow":["GET"]}}],"collection":[{"href":"https:\/\/butikhome.pl\/index.php\/wp-json\/wp\/v2\/product"}],"about":[{"href":"https:\/\/butikhome.pl\/index.php\/wp-json\/wp\/v2\/types\/product"}],"replies":[{"embeddable":true,"href":"https:\/\/butikhome.pl\/index.php\/wp-json\/wp\/v2\/comments?post=7501"}],"wp:featuredmedia":[{"embeddable":true,"href":"https:\/\/butikhome.pl\/index.php\/wp-json\/wp\/v2\/media\/9015"}],"wp:attachment":[{"href":"https:\/\/butikhome.pl\/index.php\/wp-json\/wp\/v2\/media?parent=7501"}],"wp:term":[{"taxonomy":"product_brand","embeddable":true,"href":"https:\/\/butikhome.pl\/index.php\/wp-json\/wp\/v2\/product_brand?post=7501"},{"taxonomy":"product_cat","embeddable":true,"href":"https:\/\/butikhome.pl\/index.php\/wp-json\/wp\/v2\/product_cat?post=7501"},{"taxonomy":"product_tag","embeddable":true,"href":"https:\/\/butikhome.pl\/index.php\/wp-json\/wp\/v2\/product_tag?post=7501"}],"curies":[{"name":"wp","href":"https:\/\/api.w.org\/{rel}","templated":true}]}}