{"id":7509,"date":"2023-01-26T18:07:08","date_gmt":"2023-01-26T17:07:08","guid":{"rendered":"https:\/\/butikhome.pl\/index.php\/produkt\/figi-eco-su-biale\/"},"modified":"2023-04-14T14:21:56","modified_gmt":"2023-04-14T12:21:56","slug":"figi-eco-su-biale","status":"publish","type":"product","link":"https:\/\/butikhome.pl\/index.php\/produkt\/figi-eco-su-biale\/","title":{"rendered":"Figi Eco-Su Bia\u0142e"},"content":{"rendered":"<p><span>Kusz\u0105ce figi z nieco obni\u017con\u0105 lini\u0105, kt\u00f3re wygl\u0105daj\u0105 po prostu wspaniale. Bielizna na biodrach zmys\u0142owo uk\u0142ada si\u0119 w kszta\u0142t litery v, co sprawia, \u017ce nogi wydaj\u0105 si\u0119 d\u0142u\u017csze, a biodra bardziej sexy. Delikatna koronka w pi\u0119knych, kwiecistych ornamentach, stylowa. Prawdziwy bestseller! Sk\u0142ad: 90% bawe\u0142na, 7% elastan, 3% poliamid. <\/span><\/p>\n<table border=1 cellspacing=0 cellpadding=3>\n<tr>\n<td valign=top width=141>\n<p><span>Rozmiar<\/span><\/p>\n<\/td>\n<td valign=top width=141>\n<p><span>S<\/span><\/p>\n<\/td>\n<td valign=top width=142>\n<p><span>M<\/span><\/p>\n<\/td>\n<td valign=top width=142>\n<p><span>L<\/span><\/p>\n<\/td>\n<td valign=top width=142>\n<p><span>XL<\/span><\/p>\n<\/td>\n<td valign=top width=142>\n<p><span>XXL<\/span><\/p>\n<\/td>\n<\/tr>\n<tr>\n<td valign=top width=141>\n<p><span>Obw\u00f3d bioder<\/span><\/p>\n<\/td>\n<td valign=top width=141>\n<p><span>85-88 cm<\/span><\/p>\n<\/td>\n<td valign=top width=142>\n<p><span>89-92 cm<\/span><\/p>\n<\/td>\n<td valign=top width=142>\n<p><span>93-96 cm<\/span><\/p>\n<\/td>\n<td valign=top width=142>\n<p><span>97-100 cm<\/span><\/p>\n<\/td>\n<td valign=top width=142>\n<p><span>101-104 cm<\/span><\/p>\n<\/td>\n<\/tr>\n<\/table>\n<p><span>\u00a0<\/span><\/p>\n","protected":false},"excerpt":{"rendered":"<p>Kusz\u0105ce figi z nieco obni\u017con\u0105 lini\u0105, kt\u00f3re wygl\u0105daj\u0105 po prostu wspaniale. Bielizna na biodrach zmys\u0142owo uk\u0142ada si\u0119 w kszta\u0142t litery v, co sprawia, \u017ce nogi wydaj\u0105 si\u0119 d\u0142u\u017csze, a biodra bardziej sexy. Delikatna koronka w pi\u0119knych, kwiecistych ornamentach, stylowa. Prawdziwy bestseller! Sk\u0142ad: 90% bawe\u0142na, 7% elastan, 3% poliamid. Rozmiar S M L XL XXL Obw\u00f3d &hellip; <\/p>\n","protected":false},"featured_media":9012,"comment_status":"open","ping_status":"closed","template":"","meta":[],"product_brand":[],"product_cat":[48,24,41,42],"product_tag":[],"class_list":{"0":"post-7509","1":"product","2":"type-product","3":"status-publish","4":"has-post-thumbnail","6":"product_cat-majtki-podkategoria-do-bielizny","7":"product_cat-produkty","8":"product_cat-l","9":"product_cat-xl","11":"first","12":"instock","13":"sale","14":"taxable","15":"shipping-taxable","16":"purchasable","17":"product-type-simple"},"_links":{"self":[{"href":"https:\/\/butikhome.pl\/index.php\/wp-json\/wp\/v2\/product\/7509","targetHints":{"allow":["GET"]}}],"collection":[{"href":"https:\/\/butikhome.pl\/index.php\/wp-json\/wp\/v2\/product"}],"about":[{"href":"https:\/\/butikhome.pl\/index.php\/wp-json\/wp\/v2\/types\/product"}],"replies":[{"embeddable":true,"href":"https:\/\/butikhome.pl\/index.php\/wp-json\/wp\/v2\/comments?post=7509"}],"wp:featuredmedia":[{"embeddable":true,"href":"https:\/\/butikhome.pl\/index.php\/wp-json\/wp\/v2\/media\/9012"}],"wp:attachment":[{"href":"https:\/\/butikhome.pl\/index.php\/wp-json\/wp\/v2\/media?parent=7509"}],"wp:term":[{"taxonomy":"product_brand","embeddable":true,"href":"https:\/\/butikhome.pl\/index.php\/wp-json\/wp\/v2\/product_brand?post=7509"},{"taxonomy":"product_cat","embeddable":true,"href":"https:\/\/butikhome.pl\/index.php\/wp-json\/wp\/v2\/product_cat?post=7509"},{"taxonomy":"product_tag","embeddable":true,"href":"https:\/\/butikhome.pl\/index.php\/wp-json\/wp\/v2\/product_tag?post=7509"}],"curies":[{"name":"wp","href":"https:\/\/api.w.org\/{rel}","templated":true}]}}