{"id":7527,"date":"2023-01-26T18:07:11","date_gmt":"2023-01-26T17:07:11","guid":{"rendered":"https:\/\/butikhome.pl\/index.php\/produkt\/figi-eco-ti-czarne\/"},"modified":"2023-04-14T14:15:22","modified_gmt":"2023-04-14T12:15:22","slug":"figi-eco-ti-czarne","status":"publish","type":"product","link":"https:\/\/butikhome.pl\/index.php\/produkt\/figi-eco-ti-czarne\/","title":{"rendered":"Figi Eco-Ti Czarne"},"content":{"rendered":"<p><span>Delikatne figi z bawe\u0142ny z subteln\u0105 koronk\u0105 wok\u00f3\u0142 bioder. Zgrabny, bardzo kobiecy fason. Tkanina z pewno\u015bci\u0105 przys\u0142u\u017cy si\u0119 Twojej wygodzie. Sk\u0142ad: 90% bawe\u0142na, 7% elastan, 3% poliamid.<\/span><\/p>\n<p><span>\u00a0<\/span><\/p>\n","protected":false},"excerpt":{"rendered":"<p>Delikatne figi z bawe\u0142ny z subteln\u0105 koronk\u0105 wok\u00f3\u0142 bioder. Zgrabny, bardzo kobiecy fason. Tkanina z pewno\u015bci\u0105 przys\u0142u\u017cy si\u0119 Twojej wygodzie. Sk\u0142ad: 90% bawe\u0142na, 7% elastan, 3% poliamid. \u00a0<\/p>\n","protected":false},"featured_media":8997,"comment_status":"open","ping_status":"closed","template":"","meta":[],"product_brand":[],"product_cat":[48,24,41,40,39,42],"product_tag":[],"class_list":{"0":"post-7527","1":"product","2":"type-product","3":"status-publish","4":"has-post-thumbnail","6":"product_cat-majtki-podkategoria-do-bielizny","7":"product_cat-produkty","8":"product_cat-l","9":"product_cat-m","10":"product_cat-s","11":"product_cat-xl","13":"first","14":"instock","15":"taxable","16":"shipping-taxable","17":"purchasable","18":"product-type-simple"},"_links":{"self":[{"href":"https:\/\/butikhome.pl\/index.php\/wp-json\/wp\/v2\/product\/7527","targetHints":{"allow":["GET"]}}],"collection":[{"href":"https:\/\/butikhome.pl\/index.php\/wp-json\/wp\/v2\/product"}],"about":[{"href":"https:\/\/butikhome.pl\/index.php\/wp-json\/wp\/v2\/types\/product"}],"replies":[{"embeddable":true,"href":"https:\/\/butikhome.pl\/index.php\/wp-json\/wp\/v2\/comments?post=7527"}],"wp:featuredmedia":[{"embeddable":true,"href":"https:\/\/butikhome.pl\/index.php\/wp-json\/wp\/v2\/media\/8997"}],"wp:attachment":[{"href":"https:\/\/butikhome.pl\/index.php\/wp-json\/wp\/v2\/media?parent=7527"}],"wp:term":[{"taxonomy":"product_brand","embeddable":true,"href":"https:\/\/butikhome.pl\/index.php\/wp-json\/wp\/v2\/product_brand?post=7527"},{"taxonomy":"product_cat","embeddable":true,"href":"https:\/\/butikhome.pl\/index.php\/wp-json\/wp\/v2\/product_cat?post=7527"},{"taxonomy":"product_tag","embeddable":true,"href":"https:\/\/butikhome.pl\/index.php\/wp-json\/wp\/v2\/product_tag?post=7527"}],"curies":[{"name":"wp","href":"https:\/\/api.w.org\/{rel}","templated":true}]}}