{"id":7550,"date":"2023-01-26T18:07:14","date_gmt":"2023-01-26T17:07:14","guid":{"rendered":"https:\/\/butikhome.pl\/index.php\/produkt\/figi-eco-vu-biale\/"},"modified":"2023-04-14T14:12:32","modified_gmt":"2023-04-14T12:12:32","slug":"figi-eco-vu-biale","status":"publish","type":"product","link":"https:\/\/butikhome.pl\/index.php\/produkt\/figi-eco-vu-biale\/","title":{"rendered":"Figi Eco-Vu Bia\u0142e"},"content":{"rendered":"<p><span>Pi\u0119kne, bawe\u0142niane, wy\u017csze figi mu\u015bni\u0119te koronk\u0105 po bokach. Szukasz czego\u015b wygodnego ale z klas\u0105? &#8211; prosz\u0119 bardzo! Eco-Vu to bielizna dost\u0119pna a\u017c w trzech kolorach, kt\u00f3ra perfekcyjnie wpisze si\u0119 w Tw\u00f3j codzienny outfit. Sk\u0142ad: 90% bawe\u0142na, 7% elastan, 3% poliamid. <\/span><\/p>\n","protected":false},"excerpt":{"rendered":"<p>Pi\u0119kne, bawe\u0142niane, wy\u017csze figi mu\u015bni\u0119te koronk\u0105 po bokach. Szukasz czego\u015b wygodnego ale z klas\u0105? &#8211; prosz\u0119 bardzo! Eco-Vu to bielizna dost\u0119pna a\u017c w trzech kolorach, kt\u00f3ra perfekcyjnie wpisze si\u0119 w Tw\u00f3j codzienny outfit. Sk\u0142ad: 90% bawe\u0142na, 7% elastan, 3% poliamid.<\/p>\n","protected":false},"featured_media":8987,"comment_status":"open","ping_status":"closed","template":"","meta":[],"product_brand":[],"product_cat":[48,24,41,40,42,43],"product_tag":[],"class_list":{"0":"post-7550","1":"product","2":"type-product","3":"status-publish","4":"has-post-thumbnail","6":"product_cat-majtki-podkategoria-do-bielizny","7":"product_cat-produkty","8":"product_cat-l","9":"product_cat-m","10":"product_cat-xl","11":"product_cat-2xl","13":"first","14":"instock","15":"taxable","16":"shipping-taxable","17":"purchasable","18":"product-type-simple"},"_links":{"self":[{"href":"https:\/\/butikhome.pl\/index.php\/wp-json\/wp\/v2\/product\/7550","targetHints":{"allow":["GET"]}}],"collection":[{"href":"https:\/\/butikhome.pl\/index.php\/wp-json\/wp\/v2\/product"}],"about":[{"href":"https:\/\/butikhome.pl\/index.php\/wp-json\/wp\/v2\/types\/product"}],"replies":[{"embeddable":true,"href":"https:\/\/butikhome.pl\/index.php\/wp-json\/wp\/v2\/comments?post=7550"}],"wp:featuredmedia":[{"embeddable":true,"href":"https:\/\/butikhome.pl\/index.php\/wp-json\/wp\/v2\/media\/8987"}],"wp:attachment":[{"href":"https:\/\/butikhome.pl\/index.php\/wp-json\/wp\/v2\/media?parent=7550"}],"wp:term":[{"taxonomy":"product_brand","embeddable":true,"href":"https:\/\/butikhome.pl\/index.php\/wp-json\/wp\/v2\/product_brand?post=7550"},{"taxonomy":"product_cat","embeddable":true,"href":"https:\/\/butikhome.pl\/index.php\/wp-json\/wp\/v2\/product_cat?post=7550"},{"taxonomy":"product_tag","embeddable":true,"href":"https:\/\/butikhome.pl\/index.php\/wp-json\/wp\/v2\/product_tag?post=7550"}],"curies":[{"name":"wp","href":"https:\/\/api.w.org\/{rel}","templated":true}]}}