{"id":7558,"date":"2023-01-26T18:07:15","date_gmt":"2023-01-26T17:07:15","guid":{"rendered":"https:\/\/butikhome.pl\/index.php\/produkt\/figi-eco-yo-biale\/"},"modified":"2023-04-14T14:12:17","modified_gmt":"2023-04-14T12:12:17","slug":"figi-eco-yo-biale","status":"publish","type":"product","link":"https:\/\/butikhome.pl\/index.php\/produkt\/figi-eco-yo-biale\/","title":{"rendered":"Figi Eco-Yo Bia\u0142e"},"content":{"rendered":"<p><span>Klasyczne figi o ponadczasowym kroju. Wykonane z wysokiej jako\u015bci bawe\u0142ny, pozwalaj\u0105 sk\u00f3rze oddycha\u0107, \u015bwietnie dopasowuj\u0105 si\u0119 do kszta\u0142tu cia\u0142a. Nieco pe\u0142niejszy fason doskonale tuszuje niedoskona\u0142o\u015bci figury oraz modeluje po\u015bladki. G\u0142adkie, ozdobione po bokach prze\u015bwituj\u0105c\u0105 koronk\u0105. Bardzo kobiece, niezast\u0105pione w ka\u017cdej kobiecej szafie!<\/span><\/p>\n<p><span>Sk\u0142ad: 90% bawe\u0142na, 7% elastan, 3% poliamid.<\/span><\/p>\n<p><span>\u00a0<\/span><\/p>\n<table border=1 cellspacing=0 cellpadding=3>\n<tr>\n<td valign=top width=141>\n<p><span>Rozmiar<\/span><\/p>\n<\/td>\n<td valign=top width=141>\n<p><span>S<\/span><\/p>\n<\/td>\n<td valign=top width=142>\n<p><span>M<\/span><\/p>\n<\/td>\n<td valign=top width=142>\n<p><span>L<\/span><\/p>\n<\/td>\n<td valign=top width=142>\n<p><span>XL<\/span><\/p>\n<\/td>\n<td valign=top width=142>\n<p><span>XXL<\/span><\/p>\n<\/td>\n<\/tr>\n<tr>\n<td valign=top width=141>\n<p><span>Obw\u00f3d bioder<\/span><\/p>\n<\/td>\n<td valign=top width=141>\n<p><span>85-88 cm<\/span><\/p>\n<\/td>\n<td valign=top width=142>\n<p><span>89-92 cm<\/span><\/p>\n<\/td>\n<td valign=top width=142>\n<p><span>93-96 cm<\/span><\/p>\n<\/td>\n<td valign=top width=142>\n<p><span>97-100 cm<\/span><\/p>\n<\/td>\n<td valign=top width=142>\n<p><span>101-104 cm<\/span><\/p>\n<\/td>\n<\/tr>\n<\/table>\n<p><span>\u00a0<\/span><\/p>\n","protected":false},"excerpt":{"rendered":"<p>Klasyczne figi o ponadczasowym kroju. Wykonane z wysokiej jako\u015bci bawe\u0142ny, pozwalaj\u0105 sk\u00f3rze oddycha\u0107, \u015bwietnie dopasowuj\u0105 si\u0119 do kszta\u0142tu cia\u0142a. Nieco pe\u0142niejszy fason doskonale tuszuje niedoskona\u0142o\u015bci figury oraz modeluje po\u015bladki. G\u0142adkie, ozdobione po bokach prze\u015bwituj\u0105c\u0105 koronk\u0105. Bardzo kobiece, niezast\u0105pione w ka\u017cdej kobiecej szafie! Sk\u0142ad: 90% bawe\u0142na, 7% elastan, 3% poliamid. \u00a0 Rozmiar S M L XL &hellip; <\/p>\n","protected":false},"featured_media":8986,"comment_status":"open","ping_status":"closed","template":"","meta":[],"product_brand":[],"product_cat":[48,24,41,40,42,43],"product_tag":[],"class_list":{"0":"post-7558","1":"product","2":"type-product","3":"status-publish","4":"has-post-thumbnail","6":"product_cat-majtki-podkategoria-do-bielizny","7":"product_cat-produkty","8":"product_cat-l","9":"product_cat-m","10":"product_cat-xl","11":"product_cat-2xl","13":"first","14":"instock","15":"sale","16":"taxable","17":"shipping-taxable","18":"purchasable","19":"product-type-simple"},"_links":{"self":[{"href":"https:\/\/butikhome.pl\/index.php\/wp-json\/wp\/v2\/product\/7558","targetHints":{"allow":["GET"]}}],"collection":[{"href":"https:\/\/butikhome.pl\/index.php\/wp-json\/wp\/v2\/product"}],"about":[{"href":"https:\/\/butikhome.pl\/index.php\/wp-json\/wp\/v2\/types\/product"}],"replies":[{"embeddable":true,"href":"https:\/\/butikhome.pl\/index.php\/wp-json\/wp\/v2\/comments?post=7558"}],"wp:featuredmedia":[{"embeddable":true,"href":"https:\/\/butikhome.pl\/index.php\/wp-json\/wp\/v2\/media\/8986"}],"wp:attachment":[{"href":"https:\/\/butikhome.pl\/index.php\/wp-json\/wp\/v2\/media?parent=7558"}],"wp:term":[{"taxonomy":"product_brand","embeddable":true,"href":"https:\/\/butikhome.pl\/index.php\/wp-json\/wp\/v2\/product_brand?post=7558"},{"taxonomy":"product_cat","embeddable":true,"href":"https:\/\/butikhome.pl\/index.php\/wp-json\/wp\/v2\/product_cat?post=7558"},{"taxonomy":"product_tag","embeddable":true,"href":"https:\/\/butikhome.pl\/index.php\/wp-json\/wp\/v2\/product_tag?post=7558"}],"curies":[{"name":"wp","href":"https:\/\/api.w.org\/{rel}","templated":true}]}}