{"id":7578,"date":"2023-01-26T18:07:18","date_gmt":"2023-01-26T17:07:18","guid":{"rendered":"https:\/\/butikhome.pl\/index.php\/produkt\/figi-eco-zi-czarne\/"},"modified":"2023-04-14T14:11:31","modified_gmt":"2023-04-14T12:11:31","slug":"figi-eco-zi-czarne","status":"publish","type":"product","link":"https:\/\/butikhome.pl\/index.php\/produkt\/figi-eco-zi-czarne\/","title":{"rendered":"Figi Eco-Zi Czarne"},"content":{"rendered":"<p><span>Oto majteczki idealne dla kobiety, kt\u00f3ra kocha bawe\u0142n\u0119. Model\u00a0z delikatnie\u00a0wy\u017cszym stanem. Ozdobione dzianin\u0105 w pr\u0105\u017cki oraz\u00a0koronk\u0105, kt\u00f3ra\u00a0akcentuje boki. Sk\u0142ad: 90% bawe\u0142na, 7% elastan, 3% poliamid.<\/span><\/p>\n<table border=1 cellspacing=0 cellpadding=3>\n<tr>\n<td valign=top width=141>\n<p><span>Rozmiar<\/span><\/p>\n<\/td>\n<td valign=top width=141>\n<p><span>S<\/span><\/p>\n<\/td>\n<td valign=top width=142>\n<p><span>M<\/span><\/p>\n<\/td>\n<td valign=top width=142>\n<p><span>L<\/span><\/p>\n<\/td>\n<td valign=top width=142>\n<p><span>XL<\/span><\/p>\n<\/td>\n<td valign=top width=142>\n<p><span>XXL<\/span><\/p>\n<\/td>\n<\/tr>\n<tr>\n<td valign=top width=141>\n<p><span>Obw\u00f3d bioder<\/span><\/p>\n<\/td>\n<td valign=top width=141>\n<p><span>85-88 cm<\/span><\/p>\n<\/td>\n<td valign=top width=142>\n<p><span>89-92 cm<\/span><\/p>\n<\/td>\n<td valign=top width=142>\n<p><span>93-96 cm<\/span><\/p>\n<\/td>\n<td valign=top width=142>\n<p><span>97-100 cm<\/span><\/p>\n<\/td>\n<td valign=top width=142>\n<p><span>101-104 cm<\/span><\/p>\n<\/td>\n<\/tr>\n<\/table>\n<p><span>\u00a0<\/span><\/p>\n","protected":false},"excerpt":{"rendered":"<p>Oto majteczki idealne dla kobiety, kt\u00f3ra kocha bawe\u0142n\u0119. Model\u00a0z delikatnie\u00a0wy\u017cszym stanem. Ozdobione dzianin\u0105 w pr\u0105\u017cki oraz\u00a0koronk\u0105, kt\u00f3ra\u00a0akcentuje boki. Sk\u0142ad: 90% bawe\u0142na, 7% elastan, 3% poliamid. Rozmiar S M L XL XXL Obw\u00f3d bioder 85-88 cm 89-92 cm 93-96 cm 97-100 cm 101-104 cm \u00a0<\/p>\n","protected":false},"featured_media":8973,"comment_status":"open","ping_status":"closed","template":"","meta":[],"product_brand":[],"product_cat":[48,24,41,40,42,43],"product_tag":[],"class_list":{"0":"post-7578","1":"product","2":"type-product","3":"status-publish","4":"has-post-thumbnail","6":"product_cat-majtki-podkategoria-do-bielizny","7":"product_cat-produkty","8":"product_cat-l","9":"product_cat-m","10":"product_cat-xl","11":"product_cat-2xl","13":"first","14":"instock","15":"taxable","16":"shipping-taxable","17":"purchasable","18":"product-type-simple"},"_links":{"self":[{"href":"https:\/\/butikhome.pl\/index.php\/wp-json\/wp\/v2\/product\/7578","targetHints":{"allow":["GET"]}}],"collection":[{"href":"https:\/\/butikhome.pl\/index.php\/wp-json\/wp\/v2\/product"}],"about":[{"href":"https:\/\/butikhome.pl\/index.php\/wp-json\/wp\/v2\/types\/product"}],"replies":[{"embeddable":true,"href":"https:\/\/butikhome.pl\/index.php\/wp-json\/wp\/v2\/comments?post=7578"}],"wp:featuredmedia":[{"embeddable":true,"href":"https:\/\/butikhome.pl\/index.php\/wp-json\/wp\/v2\/media\/8973"}],"wp:attachment":[{"href":"https:\/\/butikhome.pl\/index.php\/wp-json\/wp\/v2\/media?parent=7578"}],"wp:term":[{"taxonomy":"product_brand","embeddable":true,"href":"https:\/\/butikhome.pl\/index.php\/wp-json\/wp\/v2\/product_brand?post=7578"},{"taxonomy":"product_cat","embeddable":true,"href":"https:\/\/butikhome.pl\/index.php\/wp-json\/wp\/v2\/product_cat?post=7578"},{"taxonomy":"product_tag","embeddable":true,"href":"https:\/\/butikhome.pl\/index.php\/wp-json\/wp\/v2\/product_tag?post=7578"}],"curies":[{"name":"wp","href":"https:\/\/api.w.org\/{rel}","templated":true}]}}