{"id":7582,"date":"2023-01-26T18:07:18","date_gmt":"2023-01-26T17:07:18","guid":{"rendered":"https:\/\/butikhome.pl\/index.php\/produkt\/figi-eco-zo-bezowe\/"},"modified":"2023-04-14T14:11:23","modified_gmt":"2023-04-14T12:11:23","slug":"figi-eco-zo-bezowe","status":"publish","type":"product","link":"https:\/\/butikhome.pl\/index.php\/produkt\/figi-eco-zo-bezowe\/","title":{"rendered":"Figi Eco-Zo Be\u017cowe"},"content":{"rendered":"<p>Niesamowicie zgrabne i do tego bardzo wygodne, bawe\u0142niane figi z koronkowymi brzegami. Propozycja, kt\u00f3ra wpadnie w oko nawet najbardziej wymagaj\u0105cym paniom. Wysoka jako\u015b\u0107, mi\u0119kka tkanina, nieco wy\u017cszy, bardziej klasyczny kr\u00f3j. Sk\u0142ad: 90% bawe\u0142na, 7% elastan, 3% poliamid.<\/p>\n","protected":false},"excerpt":{"rendered":"<p>Niesamowicie zgrabne i do tego bardzo wygodne, bawe\u0142niane figi z koronkowymi brzegami. Propozycja, kt\u00f3ra wpadnie w oko nawet najbardziej wymagaj\u0105cym paniom. Wysoka jako\u015b\u0107, mi\u0119kka tkanina, nieco wy\u017cszy, bardziej klasyczny kr\u00f3j. Sk\u0142ad: 90% bawe\u0142na, 7% elastan, 3% poliamid.<\/p>\n","protected":false},"featured_media":8971,"comment_status":"open","ping_status":"closed","template":"","meta":[],"product_brand":[],"product_cat":[48,24,41,40,42,43],"product_tag":[70,50,550,165,120,301,293,106],"class_list":{"0":"post-7582","1":"product","2":"type-product","3":"status-publish","4":"has-post-thumbnail","6":"product_cat-majtki-podkategoria-do-bielizny","7":"product_cat-produkty","8":"product_cat-l","9":"product_cat-m","10":"product_cat-xl","11":"product_cat-2xl","12":"product_tag-bawelniane","13":"product_tag-figi","14":"product_tag-koronkowe-brzegi","15":"product_tag-miekka-tkanina","16":"product_tag-wygodne","17":"product_tag-wysoka-jakosc","18":"product_tag-wyzszy-kroj","19":"product_tag-zgrabne","21":"first","22":"instock","23":"taxable","24":"shipping-taxable","25":"purchasable","26":"product-type-simple"},"_links":{"self":[{"href":"https:\/\/butikhome.pl\/index.php\/wp-json\/wp\/v2\/product\/7582","targetHints":{"allow":["GET"]}}],"collection":[{"href":"https:\/\/butikhome.pl\/index.php\/wp-json\/wp\/v2\/product"}],"about":[{"href":"https:\/\/butikhome.pl\/index.php\/wp-json\/wp\/v2\/types\/product"}],"replies":[{"embeddable":true,"href":"https:\/\/butikhome.pl\/index.php\/wp-json\/wp\/v2\/comments?post=7582"}],"wp:featuredmedia":[{"embeddable":true,"href":"https:\/\/butikhome.pl\/index.php\/wp-json\/wp\/v2\/media\/8971"}],"wp:attachment":[{"href":"https:\/\/butikhome.pl\/index.php\/wp-json\/wp\/v2\/media?parent=7582"}],"wp:term":[{"taxonomy":"product_brand","embeddable":true,"href":"https:\/\/butikhome.pl\/index.php\/wp-json\/wp\/v2\/product_brand?post=7582"},{"taxonomy":"product_cat","embeddable":true,"href":"https:\/\/butikhome.pl\/index.php\/wp-json\/wp\/v2\/product_cat?post=7582"},{"taxonomy":"product_tag","embeddable":true,"href":"https:\/\/butikhome.pl\/index.php\/wp-json\/wp\/v2\/product_tag?post=7582"}],"curies":[{"name":"wp","href":"https:\/\/api.w.org\/{rel}","templated":true}]}}