{"id":7590,"date":"2023-01-26T18:07:19","date_gmt":"2023-01-26T17:07:19","guid":{"rendered":"https:\/\/butikhome.pl\/index.php\/produkt\/figi-eco-zo-czarne\/"},"modified":"2023-04-14T14:11:07","modified_gmt":"2023-04-14T12:11:07","slug":"figi-eco-zo-czarne","status":"publish","type":"product","link":"https:\/\/butikhome.pl\/index.php\/produkt\/figi-eco-zo-czarne\/","title":{"rendered":"Figi Eco-Zo Czarne"},"content":{"rendered":"<p><span>Niesamowicie zgrabne i do tego bardzo wygodne, bawe\u0142niane figi z koronkowymi brzegami. Propozycja, kt\u00f3ra wpadnie w oko nawet najbardziej wymagaj\u0105cym paniom. Wysoka jako\u015b\u0107, mi\u0119kka tkanina, nieco wy\u017cszy, bardziej klasyczny kr\u00f3j. Sk\u0142ad: 90% bawe\u0142na, 7% elastan, 3% poliamid. <\/span><\/p>\n<p><span>\u00a0<\/span><\/p>\n","protected":false},"excerpt":{"rendered":"<p>Niesamowicie zgrabne i do tego bardzo wygodne, bawe\u0142niane figi z koronkowymi brzegami. Propozycja, kt\u00f3ra wpadnie w oko nawet najbardziej wymagaj\u0105cym paniom. Wysoka jako\u015b\u0107, mi\u0119kka tkanina, nieco wy\u017cszy, bardziej klasyczny kr\u00f3j. Sk\u0142ad: 90% bawe\u0142na, 7% elastan, 3% poliamid. \u00a0<\/p>\n","protected":false},"featured_media":8967,"comment_status":"open","ping_status":"closed","template":"","meta":[],"product_brand":[],"product_cat":[48,24,41,40,42],"product_tag":[],"class_list":{"0":"post-7590","1":"product","2":"type-product","3":"status-publish","4":"has-post-thumbnail","6":"product_cat-majtki-podkategoria-do-bielizny","7":"product_cat-produkty","8":"product_cat-l","9":"product_cat-m","10":"product_cat-xl","12":"first","13":"instock","14":"sale","15":"taxable","16":"shipping-taxable","17":"purchasable","18":"product-type-simple"},"_links":{"self":[{"href":"https:\/\/butikhome.pl\/index.php\/wp-json\/wp\/v2\/product\/7590","targetHints":{"allow":["GET"]}}],"collection":[{"href":"https:\/\/butikhome.pl\/index.php\/wp-json\/wp\/v2\/product"}],"about":[{"href":"https:\/\/butikhome.pl\/index.php\/wp-json\/wp\/v2\/types\/product"}],"replies":[{"embeddable":true,"href":"https:\/\/butikhome.pl\/index.php\/wp-json\/wp\/v2\/comments?post=7590"}],"wp:featuredmedia":[{"embeddable":true,"href":"https:\/\/butikhome.pl\/index.php\/wp-json\/wp\/v2\/media\/8967"}],"wp:attachment":[{"href":"https:\/\/butikhome.pl\/index.php\/wp-json\/wp\/v2\/media?parent=7590"}],"wp:term":[{"taxonomy":"product_brand","embeddable":true,"href":"https:\/\/butikhome.pl\/index.php\/wp-json\/wp\/v2\/product_brand?post=7590"},{"taxonomy":"product_cat","embeddable":true,"href":"https:\/\/butikhome.pl\/index.php\/wp-json\/wp\/v2\/product_cat?post=7590"},{"taxonomy":"product_tag","embeddable":true,"href":"https:\/\/butikhome.pl\/index.php\/wp-json\/wp\/v2\/product_tag?post=7590"}],"curies":[{"name":"wp","href":"https:\/\/api.w.org\/{rel}","templated":true}]}}