{"id":7597,"date":"2023-01-26T18:07:20","date_gmt":"2023-01-26T17:07:20","guid":{"rendered":"https:\/\/butikhome.pl\/index.php\/produkt\/figi-efecta-bezowe\/"},"modified":"2023-04-14T14:10:44","modified_gmt":"2023-04-14T12:10:44","slug":"figi-efecta-bezowe","status":"publish","type":"product","link":"https:\/\/butikhome.pl\/index.php\/produkt\/figi-efecta-bezowe\/","title":{"rendered":"Figi Efecta Be\u017cowe"},"content":{"rendered":"<p><span>Efecta &#8211; najnowsze figi modeluj\u0105ce marki Wol-bar to prawdziwy hit. S\u0105 wy\u017csze, umiej\u0119tnie wysmuklaj\u0105 rejon brzucha i tali, a do tego s\u0105 po\u0142\u0105czone z subteln\u0105, lekko transparentn\u0105, paseczkow\u0105 dzianin\u0105 dzi\u0119ki kt\u00f3rej prezentuj\u0105 si\u0119 lekko i nienagannie. G\u00f3ra podszyta silikonem. Sk\u0142ad: 58% poliamid, 42% elastan.<\/span><\/p>\n<p><span>\u00a0<\/span><\/p>\n<table border=1 cellspacing=0 cellpadding=3>\n<tr>\n<td valign=top width=141>\n<p><span>Rozmiar<\/span><\/p>\n<\/td>\n<td valign=top width=141>\n<p><span>S<\/span><\/p>\n<\/td>\n<td valign=top width=142>\n<p><span>M<\/span><\/p>\n<\/td>\n<td valign=top width=142>\n<p><span>L<\/span><\/p>\n<\/td>\n<td valign=top width=142>\n<p><span>XL<\/span><\/p>\n<\/td>\n<td valign=top width=142>\n<p><span>XXL<\/span><\/p>\n<\/td>\n<\/tr>\n<tr>\n<td valign=top width=141>\n<p><span>Obw\u00f3d bioder<\/span><\/p>\n<\/td>\n<td valign=top width=141>\n<p><span>85-88 cm<\/span><\/p>\n<\/td>\n<td valign=top width=142>\n<p><span>89-92 cm<\/span><\/p>\n<\/td>\n<td valign=top width=142>\n<p><span>93-96 cm<\/span><\/p>\n<\/td>\n<td valign=top width=142>\n<p><span>97-100 cm<\/span><\/p>\n<\/td>\n<td valign=top width=142>\n<p><span>101-104 cm<\/span><\/p>\n<\/td>\n<\/tr>\n<\/table>\n<p><span>\u00a0<\/span><\/p>\n","protected":false},"excerpt":{"rendered":"<p>Efecta &#8211; najnowsze figi modeluj\u0105ce marki Wol-bar to prawdziwy hit. S\u0105 wy\u017csze, umiej\u0119tnie wysmuklaj\u0105 rejon brzucha i tali, a do tego s\u0105 po\u0142\u0105czone z subteln\u0105, lekko transparentn\u0105, paseczkow\u0105 dzianin\u0105 dzi\u0119ki kt\u00f3rej prezentuj\u0105 si\u0119 lekko i nienagannie. G\u00f3ra podszyta silikonem. Sk\u0142ad: 58% poliamid, 42% elastan. \u00a0 Rozmiar S M L XL XXL Obw\u00f3d bioder 85-88 cm &hellip; <\/p>\n","protected":false},"featured_media":8964,"comment_status":"open","ping_status":"closed","template":"","meta":[],"product_brand":[],"product_cat":[48,24,41,40,39,42,43],"product_tag":[],"class_list":{"0":"post-7597","1":"product","2":"type-product","3":"status-publish","4":"has-post-thumbnail","6":"product_cat-majtki-podkategoria-do-bielizny","7":"product_cat-produkty","8":"product_cat-l","9":"product_cat-m","10":"product_cat-s","11":"product_cat-xl","12":"product_cat-2xl","14":"first","15":"instock","16":"sale","17":"taxable","18":"shipping-taxable","19":"purchasable","20":"product-type-simple"},"_links":{"self":[{"href":"https:\/\/butikhome.pl\/index.php\/wp-json\/wp\/v2\/product\/7597","targetHints":{"allow":["GET"]}}],"collection":[{"href":"https:\/\/butikhome.pl\/index.php\/wp-json\/wp\/v2\/product"}],"about":[{"href":"https:\/\/butikhome.pl\/index.php\/wp-json\/wp\/v2\/types\/product"}],"replies":[{"embeddable":true,"href":"https:\/\/butikhome.pl\/index.php\/wp-json\/wp\/v2\/comments?post=7597"}],"wp:featuredmedia":[{"embeddable":true,"href":"https:\/\/butikhome.pl\/index.php\/wp-json\/wp\/v2\/media\/8964"}],"wp:attachment":[{"href":"https:\/\/butikhome.pl\/index.php\/wp-json\/wp\/v2\/media?parent=7597"}],"wp:term":[{"taxonomy":"product_brand","embeddable":true,"href":"https:\/\/butikhome.pl\/index.php\/wp-json\/wp\/v2\/product_brand?post=7597"},{"taxonomy":"product_cat","embeddable":true,"href":"https:\/\/butikhome.pl\/index.php\/wp-json\/wp\/v2\/product_cat?post=7597"},{"taxonomy":"product_tag","embeddable":true,"href":"https:\/\/butikhome.pl\/index.php\/wp-json\/wp\/v2\/product_tag?post=7597"}],"curies":[{"name":"wp","href":"https:\/\/api.w.org\/{rel}","templated":true}]}}