{"id":7635,"date":"2023-01-26T18:07:33","date_gmt":"2023-01-26T17:07:33","guid":{"rendered":"https:\/\/butikhome.pl\/index.php\/produkt\/figi-elen-biale\/"},"modified":"2023-04-14T14:08:48","modified_gmt":"2023-04-14T12:08:48","slug":"figi-elen-biale","status":"publish","type":"product","link":"https:\/\/butikhome.pl\/index.php\/produkt\/figi-elen-biale\/","title":{"rendered":"Figi Elen Bia\u0142e"},"content":{"rendered":"<p>Seksowne figi, kt\u00f3re szczeg\u00f3lnie pi\u0119knie ozdobi\u0105 biodra. G\u0142adkie z przodu, koronkowe i zarazem kwieciste z ty\u0142u i po bokach. Fason optycznie wyd\u0142u\u017ca nogi. Sk\u0142ad: 83% poliamid, 17% elastan.<\/p>\n<p>&nbsp;<\/p>\n","protected":false},"excerpt":{"rendered":"<p>Seksowne figi, kt\u00f3re szczeg\u00f3lnie pi\u0119knie ozdobi\u0105 biodra. G\u0142adkie z przodu, koronkowe i zarazem kwieciste z ty\u0142u i po bokach. Fason optycznie wyd\u0142u\u017ca nogi. Sk\u0142ad: 83% poliamid, 17% elastan. &nbsp;<\/p>\n","protected":false},"featured_media":8940,"comment_status":"open","ping_status":"closed","template":"","meta":[],"product_brand":[],"product_cat":[48,24,41,40,39,42],"product_tag":[408,531,50,526,530,529,272],"class_list":{"0":"post-7635","1":"product","2":"type-product","3":"status-publish","4":"has-post-thumbnail","6":"product_cat-majtki-podkategoria-do-bielizny","7":"product_cat-produkty","8":"product_cat-l","9":"product_cat-m","10":"product_cat-s","11":"product_cat-xl","12":"product_tag-biale","13":"product_tag-fason-optycznie-wydluzajacy-nogi","14":"product_tag-figi","15":"product_tag-gladkie-z-przodu","16":"product_tag-koronkowe-z-tylu-i-po-bokach","17":"product_tag-ozdabiaja-biodra","18":"product_tag-seksowne","20":"first","21":"instock","22":"taxable","23":"shipping-taxable","24":"purchasable","25":"product-type-simple"},"_links":{"self":[{"href":"https:\/\/butikhome.pl\/index.php\/wp-json\/wp\/v2\/product\/7635","targetHints":{"allow":["GET"]}}],"collection":[{"href":"https:\/\/butikhome.pl\/index.php\/wp-json\/wp\/v2\/product"}],"about":[{"href":"https:\/\/butikhome.pl\/index.php\/wp-json\/wp\/v2\/types\/product"}],"replies":[{"embeddable":true,"href":"https:\/\/butikhome.pl\/index.php\/wp-json\/wp\/v2\/comments?post=7635"}],"wp:featuredmedia":[{"embeddable":true,"href":"https:\/\/butikhome.pl\/index.php\/wp-json\/wp\/v2\/media\/8940"}],"wp:attachment":[{"href":"https:\/\/butikhome.pl\/index.php\/wp-json\/wp\/v2\/media?parent=7635"}],"wp:term":[{"taxonomy":"product_brand","embeddable":true,"href":"https:\/\/butikhome.pl\/index.php\/wp-json\/wp\/v2\/product_brand?post=7635"},{"taxonomy":"product_cat","embeddable":true,"href":"https:\/\/butikhome.pl\/index.php\/wp-json\/wp\/v2\/product_cat?post=7635"},{"taxonomy":"product_tag","embeddable":true,"href":"https:\/\/butikhome.pl\/index.php\/wp-json\/wp\/v2\/product_tag?post=7635"}],"curies":[{"name":"wp","href":"https:\/\/api.w.org\/{rel}","templated":true}]}}