{"id":7642,"date":"2023-01-26T18:07:34","date_gmt":"2023-01-26T17:07:34","guid":{"rendered":"https:\/\/butikhome.pl\/index.php\/produkt\/figi-elia-bezowe\/"},"modified":"2023-04-14T14:08:33","modified_gmt":"2023-04-14T12:08:33","slug":"figi-elia-bezowe","status":"publish","type":"product","link":"https:\/\/butikhome.pl\/index.php\/produkt\/figi-elia-bezowe\/","title":{"rendered":"Figi Elia Be\u017cowe"},"content":{"rendered":"<p><span>G\u0142adkie, laserowo ci\u0119te na brzegach, subtelne figi o niskim kroju z linii Elia. Zdobione delikatn\u0105, gipiurow\u0105 aplikacj\u0105. Bezszwowe, b\u0119d\u0105 doskona\u0142e na co dzie\u0144. Sk\u0142ad: 83% poliamid, 17% elastan.<\/span><\/p>\n<p><span>\u00a0<\/span><\/p>\n","protected":false},"excerpt":{"rendered":"<p>G\u0142adkie, laserowo ci\u0119te na brzegach, subtelne figi o niskim kroju z linii Elia. Zdobione delikatn\u0105, gipiurow\u0105 aplikacj\u0105. Bezszwowe, b\u0119d\u0105 doskona\u0142e na co dzie\u0144. Sk\u0142ad: 83% poliamid, 17% elastan. \u00a0<\/p>\n","protected":false},"featured_media":8935,"comment_status":"open","ping_status":"closed","template":"","meta":[],"product_brand":[],"product_cat":[48,24,41,40,39],"product_tag":[],"class_list":{"0":"post-7642","1":"product","2":"type-product","3":"status-publish","4":"has-post-thumbnail","6":"product_cat-majtki-podkategoria-do-bielizny","7":"product_cat-produkty","8":"product_cat-l","9":"product_cat-m","10":"product_cat-s","12":"first","13":"instock","14":"taxable","15":"shipping-taxable","16":"purchasable","17":"product-type-simple"},"_links":{"self":[{"href":"https:\/\/butikhome.pl\/index.php\/wp-json\/wp\/v2\/product\/7642","targetHints":{"allow":["GET"]}}],"collection":[{"href":"https:\/\/butikhome.pl\/index.php\/wp-json\/wp\/v2\/product"}],"about":[{"href":"https:\/\/butikhome.pl\/index.php\/wp-json\/wp\/v2\/types\/product"}],"replies":[{"embeddable":true,"href":"https:\/\/butikhome.pl\/index.php\/wp-json\/wp\/v2\/comments?post=7642"}],"wp:featuredmedia":[{"embeddable":true,"href":"https:\/\/butikhome.pl\/index.php\/wp-json\/wp\/v2\/media\/8935"}],"wp:attachment":[{"href":"https:\/\/butikhome.pl\/index.php\/wp-json\/wp\/v2\/media?parent=7642"}],"wp:term":[{"taxonomy":"product_brand","embeddable":true,"href":"https:\/\/butikhome.pl\/index.php\/wp-json\/wp\/v2\/product_brand?post=7642"},{"taxonomy":"product_cat","embeddable":true,"href":"https:\/\/butikhome.pl\/index.php\/wp-json\/wp\/v2\/product_cat?post=7642"},{"taxonomy":"product_tag","embeddable":true,"href":"https:\/\/butikhome.pl\/index.php\/wp-json\/wp\/v2\/product_tag?post=7642"}],"curies":[{"name":"wp","href":"https:\/\/api.w.org\/{rel}","templated":true}]}}