{"id":7651,"date":"2023-01-26T18:07:35","date_gmt":"2023-01-26T17:07:35","guid":{"rendered":"https:\/\/butikhome.pl\/index.php\/produkt\/figi-elia-czerwone\/"},"modified":"2023-04-14T14:08:12","modified_gmt":"2023-04-14T12:08:12","slug":"figi-elia-czerwone","status":"publish","type":"product","link":"https:\/\/butikhome.pl\/index.php\/produkt\/figi-elia-czerwone\/","title":{"rendered":"Figi Elia Czerwone"},"content":{"rendered":"<p>G\u0142adkie, laserowo ci\u0119te na brzegach, subtelne figi o niskim kroju z linii Elia. Zdobione delikatn\u0105, gipiurow\u0105 aplikacj\u0105. Bezszwowe, b\u0119d\u0105 doskona\u0142e na co dzie\u0144. Sk\u0142ad: 83% poliamid, 17% elastan.<\/p>\n<p>&nbsp;<\/p>\n","protected":false},"excerpt":{"rendered":"<p>G\u0142adkie, laserowo ci\u0119te na brzegach, subtelne figi o niskim kroju z linii Elia. Zdobione delikatn\u0105, gipiurow\u0105 aplikacj\u0105. Bezszwowe, b\u0119d\u0105 doskona\u0142e na co dzie\u0144. Sk\u0142ad: 83% poliamid, 17% elastan. &nbsp;<\/p>\n","protected":false},"featured_media":8932,"comment_status":"open","ping_status":"closed","template":"","meta":[],"product_brand":[],"product_cat":[48,24,40,39],"product_tag":[520,60,512,519,517,51,273,518],"class_list":{"0":"post-7651","1":"product","2":"type-product","3":"status-publish","4":"has-post-thumbnail","6":"product_cat-majtki-podkategoria-do-bielizny","7":"product_cat-produkty","8":"product_cat-m","9":"product_cat-s","10":"product_tag-bezszwowe","11":"product_tag-ciete-laserowo","12":"product_tag-czerwone","13":"product_tag-delikatna-gipiurowa-aplikacja","14":"product_tag-doskonale-na-codzien","15":"product_tag-gladkie","16":"product_tag-niski-kroj","17":"product_tag-zdobienia","19":"first","20":"instock","21":"taxable","22":"shipping-taxable","23":"purchasable","24":"product-type-simple"},"_links":{"self":[{"href":"https:\/\/butikhome.pl\/index.php\/wp-json\/wp\/v2\/product\/7651","targetHints":{"allow":["GET"]}}],"collection":[{"href":"https:\/\/butikhome.pl\/index.php\/wp-json\/wp\/v2\/product"}],"about":[{"href":"https:\/\/butikhome.pl\/index.php\/wp-json\/wp\/v2\/types\/product"}],"replies":[{"embeddable":true,"href":"https:\/\/butikhome.pl\/index.php\/wp-json\/wp\/v2\/comments?post=7651"}],"wp:featuredmedia":[{"embeddable":true,"href":"https:\/\/butikhome.pl\/index.php\/wp-json\/wp\/v2\/media\/8932"}],"wp:attachment":[{"href":"https:\/\/butikhome.pl\/index.php\/wp-json\/wp\/v2\/media?parent=7651"}],"wp:term":[{"taxonomy":"product_brand","embeddable":true,"href":"https:\/\/butikhome.pl\/index.php\/wp-json\/wp\/v2\/product_brand?post=7651"},{"taxonomy":"product_cat","embeddable":true,"href":"https:\/\/butikhome.pl\/index.php\/wp-json\/wp\/v2\/product_cat?post=7651"},{"taxonomy":"product_tag","embeddable":true,"href":"https:\/\/butikhome.pl\/index.php\/wp-json\/wp\/v2\/product_tag?post=7651"}],"curies":[{"name":"wp","href":"https:\/\/api.w.org\/{rel}","templated":true}]}}