{"id":7668,"date":"2023-01-26T18:07:38","date_gmt":"2023-01-26T17:07:38","guid":{"rendered":"https:\/\/butikhome.pl\/index.php\/produkt\/figi-elis-ii-biale\/"},"modified":"2023-04-14T14:06:44","modified_gmt":"2023-04-14T12:06:44","slug":"figi-elis-ii-biale","status":"publish","type":"product","link":"https:\/\/butikhome.pl\/index.php\/produkt\/figi-elis-ii-biale\/","title":{"rendered":"Figi Elis II Bia\u0142e"},"content":{"rendered":"<p><span>Stylowe figi zdobione zjawiskow\u0105 koronk\u0105 po bokach. Delikatna, a\u017curowa, sprawia, \u017ce nogi optycznie wygl\u0105daj\u0105 na d\u0142u\u017csze, a ca\u0142e biodra prezentuj\u0105 si\u0119 niesamowicie seksownie. Sk\u0142ad: 83% poliamid, 17% elastan.<\/span><\/p>\n<p><span>\u00a0<\/span><\/p>\n","protected":false},"excerpt":{"rendered":"<p>Stylowe figi zdobione zjawiskow\u0105 koronk\u0105 po bokach. Delikatna, a\u017curowa, sprawia, \u017ce nogi optycznie wygl\u0105daj\u0105 na d\u0142u\u017csze, a ca\u0142e biodra prezentuj\u0105 si\u0119 niesamowicie seksownie. Sk\u0142ad: 83% poliamid, 17% elastan. \u00a0<\/p>\n","protected":false},"featured_media":8926,"comment_status":"open","ping_status":"closed","template":"","meta":[],"product_brand":[],"product_cat":[48,24,41,40,39,42],"product_tag":[],"class_list":{"0":"post-7668","1":"product","2":"type-product","3":"status-publish","4":"has-post-thumbnail","6":"product_cat-majtki-podkategoria-do-bielizny","7":"product_cat-produkty","8":"product_cat-l","9":"product_cat-m","10":"product_cat-s","11":"product_cat-xl","13":"first","14":"instock","15":"taxable","16":"shipping-taxable","17":"purchasable","18":"product-type-simple"},"_links":{"self":[{"href":"https:\/\/butikhome.pl\/index.php\/wp-json\/wp\/v2\/product\/7668","targetHints":{"allow":["GET"]}}],"collection":[{"href":"https:\/\/butikhome.pl\/index.php\/wp-json\/wp\/v2\/product"}],"about":[{"href":"https:\/\/butikhome.pl\/index.php\/wp-json\/wp\/v2\/types\/product"}],"replies":[{"embeddable":true,"href":"https:\/\/butikhome.pl\/index.php\/wp-json\/wp\/v2\/comments?post=7668"}],"wp:featuredmedia":[{"embeddable":true,"href":"https:\/\/butikhome.pl\/index.php\/wp-json\/wp\/v2\/media\/8926"}],"wp:attachment":[{"href":"https:\/\/butikhome.pl\/index.php\/wp-json\/wp\/v2\/media?parent=7668"}],"wp:term":[{"taxonomy":"product_brand","embeddable":true,"href":"https:\/\/butikhome.pl\/index.php\/wp-json\/wp\/v2\/product_brand?post=7668"},{"taxonomy":"product_cat","embeddable":true,"href":"https:\/\/butikhome.pl\/index.php\/wp-json\/wp\/v2\/product_cat?post=7668"},{"taxonomy":"product_tag","embeddable":true,"href":"https:\/\/butikhome.pl\/index.php\/wp-json\/wp\/v2\/product_tag?post=7668"}],"curies":[{"name":"wp","href":"https:\/\/api.w.org\/{rel}","templated":true}]}}