{"id":7702,"date":"2023-01-26T18:07:42","date_gmt":"2023-01-26T17:07:42","guid":{"rendered":"https:\/\/butikhome.pl\/index.php\/produkt\/figi-exepta-biale\/"},"modified":"2023-04-14T14:05:29","modified_gmt":"2023-04-14T12:05:29","slug":"figi-exepta-biale","status":"publish","type":"product","link":"https:\/\/butikhome.pl\/index.php\/produkt\/figi-exepta-biale\/","title":{"rendered":"Figi Exepta Bia\u0142e"},"content":{"rendered":"<p><span>Bielizna do zada\u0144 specjalnych, w wersji na co dzie\u0144. Oto delikatnie koryguj\u0105ce figi, o nieco wy\u017cszym fasonie, ze \u015bliczn\u0105 koronkow\u0105 lam\u00f3wk\u0105 wok\u00f3\u0142 ud. Lam\u00f3wka optycznie wyd\u0142u\u017ca nogi. Sk\u0142ad: 59% poliamid, 41% elastan.<\/span><\/p>\n<table border=1 cellspacing=0 cellpadding=3>\n<tr>\n<td valign=top>\n<p><span>Rozmiar<\/span><\/p>\n<\/td>\n<td valign=top>\n<p><span>S<\/span><\/p>\n<\/td>\n<td valign=top>\n<p><span>M<\/span><\/p>\n<\/td>\n<td valign=top>\n<p><span>L<\/span><\/p>\n<\/td>\n<td valign=top>\n<p><span>XL<\/span><\/p>\n<\/td>\n<td valign=top>\n<p><span>XXL<\/span><\/p>\n<\/td>\n<\/tr>\n<tr>\n<td valign=top>\n<p><span>Obw\u00f3d bioder<\/span><\/p>\n<\/td>\n<td valign=top>\n<p><span>85-88 cm<\/span><\/p>\n<\/td>\n<td valign=top>\n<p><span>89-92 cm<\/span><\/p>\n<\/td>\n<td valign=top>\n<p><span>93-96 cm<\/span><\/p>\n<\/td>\n<td valign=top>\n<p><span>97-100 cm<\/span><\/p>\n<\/td>\n<td valign=top>\n<p><span>101-104 cm<\/span><\/p>\n<\/td>\n<\/tr>\n<\/table>\n<p><span>\u00a0<\/span><\/p>\n","protected":false},"excerpt":{"rendered":"<p>Bielizna do zada\u0144 specjalnych, w wersji na co dzie\u0144. Oto delikatnie koryguj\u0105ce figi, o nieco wy\u017cszym fasonie, ze \u015bliczn\u0105 koronkow\u0105 lam\u00f3wk\u0105 wok\u00f3\u0142 ud. Lam\u00f3wka optycznie wyd\u0142u\u017ca nogi. Sk\u0142ad: 59% poliamid, 41% elastan. Rozmiar S M L XL XXL Obw\u00f3d bioder 85-88 cm 89-92 cm 93-96 cm 97-100 cm 101-104 cm \u00a0<\/p>\n","protected":false},"featured_media":8853,"comment_status":"open","ping_status":"closed","template":"","meta":[],"product_brand":[],"product_cat":[48,24,41,40,39,42,43],"product_tag":[],"class_list":{"0":"post-7702","1":"product","2":"type-product","3":"status-publish","4":"has-post-thumbnail","6":"product_cat-majtki-podkategoria-do-bielizny","7":"product_cat-produkty","8":"product_cat-l","9":"product_cat-m","10":"product_cat-s","11":"product_cat-xl","12":"product_cat-2xl","14":"first","15":"instock","16":"taxable","17":"shipping-taxable","18":"purchasable","19":"product-type-simple"},"_links":{"self":[{"href":"https:\/\/butikhome.pl\/index.php\/wp-json\/wp\/v2\/product\/7702","targetHints":{"allow":["GET"]}}],"collection":[{"href":"https:\/\/butikhome.pl\/index.php\/wp-json\/wp\/v2\/product"}],"about":[{"href":"https:\/\/butikhome.pl\/index.php\/wp-json\/wp\/v2\/types\/product"}],"replies":[{"embeddable":true,"href":"https:\/\/butikhome.pl\/index.php\/wp-json\/wp\/v2\/comments?post=7702"}],"wp:featuredmedia":[{"embeddable":true,"href":"https:\/\/butikhome.pl\/index.php\/wp-json\/wp\/v2\/media\/8853"}],"wp:attachment":[{"href":"https:\/\/butikhome.pl\/index.php\/wp-json\/wp\/v2\/media?parent=7702"}],"wp:term":[{"taxonomy":"product_brand","embeddable":true,"href":"https:\/\/butikhome.pl\/index.php\/wp-json\/wp\/v2\/product_brand?post=7702"},{"taxonomy":"product_cat","embeddable":true,"href":"https:\/\/butikhome.pl\/index.php\/wp-json\/wp\/v2\/product_cat?post=7702"},{"taxonomy":"product_tag","embeddable":true,"href":"https:\/\/butikhome.pl\/index.php\/wp-json\/wp\/v2\/product_tag?post=7702"}],"curies":[{"name":"wp","href":"https:\/\/api.w.org\/{rel}","templated":true}]}}