{"id":7731,"date":"2023-01-26T18:07:48","date_gmt":"2023-01-26T17:07:48","guid":{"rendered":"https:\/\/butikhome.pl\/index.php\/produkt\/figi-eywa-biale\/"},"modified":"2023-04-14T12:55:05","modified_gmt":"2023-04-14T10:55:05","slug":"figi-eywa-biale","status":"publish","type":"product","link":"https:\/\/butikhome.pl\/index.php\/produkt\/figi-eywa-biale\/","title":{"rendered":"Figi Eywa Bia\u0142e"},"content":{"rendered":"<p>G\u0142adkie, bardzo ciekawe figi, kt\u00f3re optycznie wysmuklaj\u0105 biodra i wyd\u0142u\u017caj\u0105 nogi. Dzieje si\u0119 tak za spraw\u0105 elastycznego tiulu, kt\u00f3ry pojawia si\u0119 tu w odpowiednich, wr\u0119cz strategicznych miejscach. Polska marka Wolbar &#8211; jedna z najlepszych, je\u015bli chodzi o bielizn\u0119. Sk\u0142ad: 83% poliamid, 17% elastan (poliuretan).<\/p>\n<p>&nbsp;<\/p>\n","protected":false},"excerpt":{"rendered":"<p>G\u0142adkie, bardzo ciekawe figi, kt\u00f3re optycznie wysmuklaj\u0105 biodra i wyd\u0142u\u017caj\u0105 nogi. Dzieje si\u0119 tak za spraw\u0105 elastycznego tiulu, kt\u00f3ry pojawia si\u0119 tu w odpowiednich, wr\u0119cz strategicznych miejscach. Polska marka Wolbar &#8211; jedna z najlepszych, je\u015bli chodzi o bielizn\u0119. Sk\u0142ad: 83% poliamid, 17% elastan (poliuretan). &nbsp;<\/p>\n","protected":false},"featured_media":8836,"comment_status":"open","ping_status":"closed","template":"","meta":[],"product_brand":[],"product_cat":[48,24,41,40,39],"product_tag":[],"class_list":{"0":"post-7731","1":"product","2":"type-product","3":"status-publish","4":"has-post-thumbnail","6":"product_cat-majtki-podkategoria-do-bielizny","7":"product_cat-produkty","8":"product_cat-l","9":"product_cat-m","10":"product_cat-s","12":"first","13":"instock","14":"sale","15":"taxable","16":"shipping-taxable","17":"purchasable","18":"product-type-simple"},"_links":{"self":[{"href":"https:\/\/butikhome.pl\/index.php\/wp-json\/wp\/v2\/product\/7731","targetHints":{"allow":["GET"]}}],"collection":[{"href":"https:\/\/butikhome.pl\/index.php\/wp-json\/wp\/v2\/product"}],"about":[{"href":"https:\/\/butikhome.pl\/index.php\/wp-json\/wp\/v2\/types\/product"}],"replies":[{"embeddable":true,"href":"https:\/\/butikhome.pl\/index.php\/wp-json\/wp\/v2\/comments?post=7731"}],"wp:featuredmedia":[{"embeddable":true,"href":"https:\/\/butikhome.pl\/index.php\/wp-json\/wp\/v2\/media\/8836"}],"wp:attachment":[{"href":"https:\/\/butikhome.pl\/index.php\/wp-json\/wp\/v2\/media?parent=7731"}],"wp:term":[{"taxonomy":"product_brand","embeddable":true,"href":"https:\/\/butikhome.pl\/index.php\/wp-json\/wp\/v2\/product_brand?post=7731"},{"taxonomy":"product_cat","embeddable":true,"href":"https:\/\/butikhome.pl\/index.php\/wp-json\/wp\/v2\/product_cat?post=7731"},{"taxonomy":"product_tag","embeddable":true,"href":"https:\/\/butikhome.pl\/index.php\/wp-json\/wp\/v2\/product_tag?post=7731"}],"curies":[{"name":"wp","href":"https:\/\/api.w.org\/{rel}","templated":true}]}}