{"id":7741,"date":"2023-01-26T18:07:50","date_gmt":"2023-01-26T17:07:50","guid":{"rendered":"https:\/\/butikhome.pl\/index.php\/produkt\/figi-fara-biale\/"},"modified":"2023-04-14T12:54:27","modified_gmt":"2023-04-14T10:54:27","slug":"figi-fara-biale","status":"publish","type":"product","link":"https:\/\/butikhome.pl\/index.php\/produkt\/figi-fara-biale\/","title":{"rendered":"Figi Fara Bia\u0142e"},"content":{"rendered":"<p><span>Totalnie g\u0142adki prz\u00f3d, g\u0142adkie brzegi ci\u0119te laserowo i&#8230; seksownie podkre\u015blone koronk\u0105 po\u015bladki! Oto figi, w kt\u00f3rych si\u0119 zakochasz! Sk\u0142ad: 83% poliamid, 17% elastan.<\/span><\/p>\n<p><span>\u00a0<\/span><\/p>\n","protected":false},"excerpt":{"rendered":"<p>Totalnie g\u0142adki prz\u00f3d, g\u0142adkie brzegi ci\u0119te laserowo i&#8230; seksownie podkre\u015blone koronk\u0105 po\u015bladki! Oto figi, w kt\u00f3rych si\u0119 zakochasz! Sk\u0142ad: 83% poliamid, 17% elastan. \u00a0<\/p>\n","protected":false},"featured_media":8831,"comment_status":"open","ping_status":"closed","template":"","meta":[],"product_brand":[],"product_cat":[48,24,41,40,39,42],"product_tag":[],"class_list":{"0":"post-7741","1":"product","2":"type-product","3":"status-publish","4":"has-post-thumbnail","6":"product_cat-majtki-podkategoria-do-bielizny","7":"product_cat-produkty","8":"product_cat-l","9":"product_cat-m","10":"product_cat-s","11":"product_cat-xl","13":"first","14":"instock","15":"sale","16":"taxable","17":"shipping-taxable","18":"purchasable","19":"product-type-simple"},"_links":{"self":[{"href":"https:\/\/butikhome.pl\/index.php\/wp-json\/wp\/v2\/product\/7741","targetHints":{"allow":["GET"]}}],"collection":[{"href":"https:\/\/butikhome.pl\/index.php\/wp-json\/wp\/v2\/product"}],"about":[{"href":"https:\/\/butikhome.pl\/index.php\/wp-json\/wp\/v2\/types\/product"}],"replies":[{"embeddable":true,"href":"https:\/\/butikhome.pl\/index.php\/wp-json\/wp\/v2\/comments?post=7741"}],"wp:featuredmedia":[{"embeddable":true,"href":"https:\/\/butikhome.pl\/index.php\/wp-json\/wp\/v2\/media\/8831"}],"wp:attachment":[{"href":"https:\/\/butikhome.pl\/index.php\/wp-json\/wp\/v2\/media?parent=7741"}],"wp:term":[{"taxonomy":"product_brand","embeddable":true,"href":"https:\/\/butikhome.pl\/index.php\/wp-json\/wp\/v2\/product_brand?post=7741"},{"taxonomy":"product_cat","embeddable":true,"href":"https:\/\/butikhome.pl\/index.php\/wp-json\/wp\/v2\/product_cat?post=7741"},{"taxonomy":"product_tag","embeddable":true,"href":"https:\/\/butikhome.pl\/index.php\/wp-json\/wp\/v2\/product_tag?post=7741"}],"curies":[{"name":"wp","href":"https:\/\/api.w.org\/{rel}","templated":true}]}}