{"id":7750,"date":"2023-01-26T18:07:53","date_gmt":"2023-01-26T17:07:53","guid":{"rendered":"https:\/\/butikhome.pl\/index.php\/produkt\/figi-fifi-czarne\/"},"modified":"2023-04-14T12:54:04","modified_gmt":"2023-04-14T10:54:04","slug":"figi-fifi-czarne","status":"publish","type":"product","link":"https:\/\/butikhome.pl\/index.php\/produkt\/figi-fifi-czarne\/","title":{"rendered":"Figi Fifi Czarne"},"content":{"rendered":"<p><span>Niskie biodr\u00f3wki, dzi\u0119ki kt\u00f3rym biodra wygl\u0105daj\u0105 sexy. \u015aliczn\u0105, satynow\u0105 kokardk\u0119 z przodu bielizny czaruj\u0105co dope\u0142niaj\u0105 koronkowe wstawki, tworz\u0105c wsp\u00f3lnie niebanalny duet. Ty\u0142 g\u0142adki. Sk\u0142ad: 83% poliamid, 17% elastan.<\/span><\/p>\n<p><span>\u00a0<\/span><\/p>\n","protected":false},"excerpt":{"rendered":"<p>Niskie biodr\u00f3wki, dzi\u0119ki kt\u00f3rym biodra wygl\u0105daj\u0105 sexy. \u015aliczn\u0105, satynow\u0105 kokardk\u0119 z przodu bielizny czaruj\u0105co dope\u0142niaj\u0105 koronkowe wstawki, tworz\u0105c wsp\u00f3lnie niebanalny duet. Ty\u0142 g\u0142adki. Sk\u0142ad: 83% poliamid, 17% elastan. \u00a0<\/p>\n","protected":false},"featured_media":8828,"comment_status":"open","ping_status":"closed","template":"","meta":[],"product_brand":[],"product_cat":[48,24,41,40,39],"product_tag":[],"class_list":{"0":"post-7750","1":"product","2":"type-product","3":"status-publish","4":"has-post-thumbnail","6":"product_cat-majtki-podkategoria-do-bielizny","7":"product_cat-produkty","8":"product_cat-l","9":"product_cat-m","10":"product_cat-s","12":"first","13":"instock","14":"taxable","15":"shipping-taxable","16":"purchasable","17":"product-type-simple"},"_links":{"self":[{"href":"https:\/\/butikhome.pl\/index.php\/wp-json\/wp\/v2\/product\/7750","targetHints":{"allow":["GET"]}}],"collection":[{"href":"https:\/\/butikhome.pl\/index.php\/wp-json\/wp\/v2\/product"}],"about":[{"href":"https:\/\/butikhome.pl\/index.php\/wp-json\/wp\/v2\/types\/product"}],"replies":[{"embeddable":true,"href":"https:\/\/butikhome.pl\/index.php\/wp-json\/wp\/v2\/comments?post=7750"}],"wp:featuredmedia":[{"embeddable":true,"href":"https:\/\/butikhome.pl\/index.php\/wp-json\/wp\/v2\/media\/8828"}],"wp:attachment":[{"href":"https:\/\/butikhome.pl\/index.php\/wp-json\/wp\/v2\/media?parent=7750"}],"wp:term":[{"taxonomy":"product_brand","embeddable":true,"href":"https:\/\/butikhome.pl\/index.php\/wp-json\/wp\/v2\/product_brand?post=7750"},{"taxonomy":"product_cat","embeddable":true,"href":"https:\/\/butikhome.pl\/index.php\/wp-json\/wp\/v2\/product_cat?post=7750"},{"taxonomy":"product_tag","embeddable":true,"href":"https:\/\/butikhome.pl\/index.php\/wp-json\/wp\/v2\/product_tag?post=7750"}],"curies":[{"name":"wp","href":"https:\/\/api.w.org\/{rel}","templated":true}]}}