{"id":7763,"date":"2023-01-26T18:07:55","date_gmt":"2023-01-26T17:07:55","guid":{"rendered":"https:\/\/butikhome.pl\/index.php\/produkt\/figi-fiki-biale\/"},"modified":"2023-04-14T12:53:42","modified_gmt":"2023-04-14T10:53:42","slug":"figi-fiki-biale","status":"publish","type":"product","link":"https:\/\/butikhome.pl\/index.php\/produkt\/figi-fiki-biale\/","title":{"rendered":"Figi Fiki Bia\u0142e"},"content":{"rendered":"<p>Zmys\u0142owe figi na podw\u00f3jnych, ozdobnych paskach. G\u0142adkie z przodu i transparentne po bokach. Tworz\u0105 efekt 2 w 1. Wygl\u0105daj\u0105 extra w\u0142a\u015bciwie na ka\u017cdych biodrach. Sk\u0142ad: 83% poliamid, 17% elastan.<\/p>\n","protected":false},"excerpt":{"rendered":"<p>Zmys\u0142owe figi na podw\u00f3jnych, ozdobnych paskach. G\u0142adkie z przodu i transparentne po bokach. Tworz\u0105 efekt 2 w 1. Wygl\u0105daj\u0105 extra w\u0142a\u015bciwie na ka\u017cdych biodrach. Sk\u0142ad: 83% poliamid, 17% elastan.<\/p>\n","protected":false},"featured_media":8820,"comment_status":"open","ping_status":"closed","template":"","meta":[],"product_brand":[],"product_cat":[48,24,41,39,42],"product_tag":[447,260,174,448,446],"class_list":{"0":"post-7763","1":"product","2":"type-product","3":"status-publish","4":"has-post-thumbnail","6":"product_cat-majtki-podkategoria-do-bielizny","7":"product_cat-produkty","8":"product_cat-l","9":"product_cat-s","10":"product_cat-xl","11":"product_tag-efekt-2w1","12":"product_tag-gladki-przod","13":"product_tag-transparentne-boki","14":"product_tag-wygladaja-pieknie-na-kazdych-biodrach","15":"product_tag-zmyslowe-figi","17":"first","18":"instock","19":"taxable","20":"shipping-taxable","21":"purchasable","22":"product-type-simple"},"_links":{"self":[{"href":"https:\/\/butikhome.pl\/index.php\/wp-json\/wp\/v2\/product\/7763","targetHints":{"allow":["GET"]}}],"collection":[{"href":"https:\/\/butikhome.pl\/index.php\/wp-json\/wp\/v2\/product"}],"about":[{"href":"https:\/\/butikhome.pl\/index.php\/wp-json\/wp\/v2\/types\/product"}],"replies":[{"embeddable":true,"href":"https:\/\/butikhome.pl\/index.php\/wp-json\/wp\/v2\/comments?post=7763"}],"wp:featuredmedia":[{"embeddable":true,"href":"https:\/\/butikhome.pl\/index.php\/wp-json\/wp\/v2\/media\/8820"}],"wp:attachment":[{"href":"https:\/\/butikhome.pl\/index.php\/wp-json\/wp\/v2\/media?parent=7763"}],"wp:term":[{"taxonomy":"product_brand","embeddable":true,"href":"https:\/\/butikhome.pl\/index.php\/wp-json\/wp\/v2\/product_brand?post=7763"},{"taxonomy":"product_cat","embeddable":true,"href":"https:\/\/butikhome.pl\/index.php\/wp-json\/wp\/v2\/product_cat?post=7763"},{"taxonomy":"product_tag","embeddable":true,"href":"https:\/\/butikhome.pl\/index.php\/wp-json\/wp\/v2\/product_tag?post=7763"}],"curies":[{"name":"wp","href":"https:\/\/api.w.org\/{rel}","templated":true}]}}