{"id":7788,"date":"2023-01-26T18:07:59","date_gmt":"2023-01-26T17:07:59","guid":{"rendered":"https:\/\/butikhome.pl\/index.php\/produkt\/figi-fluffy-soft-czarne\/"},"modified":"2023-04-14T13:50:10","modified_gmt":"2023-04-14T11:50:10","slug":"figi-fluffy-soft-czarne","status":"publish","type":"product","link":"https:\/\/butikhome.pl\/index.php\/produkt\/figi-fluffy-soft-czarne\/","title":{"rendered":"Figi Fluffy Soft Czarne"},"content":{"rendered":"<p>Urocze figi z koronkowymi bokami. Fason typu biodr\u00f3wki, \u015bwietnie zdobi cia\u0142o. Mi\u0119kka, bawe\u0142niana dzianina najwy\u017cszej jako\u015bci. Sk\u0142ad: 90% bawe\u0142na, 7% elastan, 3% poliamid.<\/p>\n<p>&nbsp;<\/p>\n<table border=\"1\" cellspacing=\"0\" cellpadding=\"3\">\n<tbody>\n<tr>\n<td valign=\"top\" width=\"141\">Rozmiar<\/td>\n<td valign=\"top\" width=\"141\">S<\/td>\n<td valign=\"top\" width=\"142\">M<\/td>\n<td valign=\"top\" width=\"142\">L<\/td>\n<td valign=\"top\" width=\"142\">XL<\/td>\n<td valign=\"top\" width=\"142\">XXL<\/td>\n<\/tr>\n<tr>\n<td valign=\"top\" width=\"141\">Obw\u00f3d bioder<\/td>\n<td valign=\"top\" width=\"141\">85-88 cm<\/td>\n<td valign=\"top\" width=\"142\">89-92 cm<\/td>\n<td valign=\"top\" width=\"142\">93-96 cm<\/td>\n<td valign=\"top\" width=\"142\">97-100 cm<\/td>\n<td valign=\"top\" width=\"142\">101-104 cm<\/td>\n<\/tr>\n<\/tbody>\n<\/table>\n<p>&nbsp;<\/p>\n","protected":false},"excerpt":{"rendered":"<p>Urocze figi z koronkowymi bokami. Fason typu biodr\u00f3wki, \u015bwietnie zdobi cia\u0142o. Mi\u0119kka, bawe\u0142niana dzianina najwy\u017cszej jako\u015bci. Sk\u0142ad: 90% bawe\u0142na, 7% elastan, 3% poliamid. &nbsp; Rozmiar S M L XL XXL Obw\u00f3d bioder 85-88 cm 89-92 cm 93-96 cm 97-100 cm 101-104 cm &nbsp;<\/p>\n","protected":false},"featured_media":8810,"comment_status":"open","ping_status":"closed","template":"","meta":[],"product_brand":[],"product_cat":[48,24,41,40,39,42],"product_tag":[],"class_list":{"0":"post-7788","1":"product","2":"type-product","3":"status-publish","4":"has-post-thumbnail","6":"product_cat-majtki-podkategoria-do-bielizny","7":"product_cat-produkty","8":"product_cat-l","9":"product_cat-m","10":"product_cat-s","11":"product_cat-xl","13":"first","14":"instock","15":"taxable","16":"shipping-taxable","17":"purchasable","18":"product-type-simple"},"_links":{"self":[{"href":"https:\/\/butikhome.pl\/index.php\/wp-json\/wp\/v2\/product\/7788","targetHints":{"allow":["GET"]}}],"collection":[{"href":"https:\/\/butikhome.pl\/index.php\/wp-json\/wp\/v2\/product"}],"about":[{"href":"https:\/\/butikhome.pl\/index.php\/wp-json\/wp\/v2\/types\/product"}],"replies":[{"embeddable":true,"href":"https:\/\/butikhome.pl\/index.php\/wp-json\/wp\/v2\/comments?post=7788"}],"wp:featuredmedia":[{"embeddable":true,"href":"https:\/\/butikhome.pl\/index.php\/wp-json\/wp\/v2\/media\/8810"}],"wp:attachment":[{"href":"https:\/\/butikhome.pl\/index.php\/wp-json\/wp\/v2\/media?parent=7788"}],"wp:term":[{"taxonomy":"product_brand","embeddable":true,"href":"https:\/\/butikhome.pl\/index.php\/wp-json\/wp\/v2\/product_brand?post=7788"},{"taxonomy":"product_cat","embeddable":true,"href":"https:\/\/butikhome.pl\/index.php\/wp-json\/wp\/v2\/product_cat?post=7788"},{"taxonomy":"product_tag","embeddable":true,"href":"https:\/\/butikhome.pl\/index.php\/wp-json\/wp\/v2\/product_tag?post=7788"}],"curies":[{"name":"wp","href":"https:\/\/api.w.org\/{rel}","templated":true}]}}