{"id":7795,"date":"2023-01-26T18:08:00","date_gmt":"2023-01-26T17:08:00","guid":{"rendered":"https:\/\/butikhome.pl\/index.php\/produkt\/figi-fortissima-czarne\/"},"modified":"2023-04-14T13:49:52","modified_gmt":"2023-04-14T11:49:52","slug":"figi-fortissima-czarne","status":"publish","type":"product","link":"https:\/\/butikhome.pl\/index.php\/produkt\/figi-fortissima-czarne\/","title":{"rendered":"Figi Fortissima Czarne"},"content":{"rendered":"<p><span>Wysokie, modeluj\u0105ce cia\u0142o figi ze secjalistycznej linii Fortissima, od Wolbar. Jedwabi\u015bcie g\u0142adkie, podszyte u g\u00f3ry silikonem, dzi\u0119ki kt\u00f3remu nie opadaj\u0105. Szwy p\u0142askie, nogawki ci\u0119te laserowo. Jedne z najlepszych fig z kategorii bielizny wyszczuplaj\u0105cej. Sk\u0142ad: 58% poliamid, 42% elastan.<\/span><\/p>\n<p><span>\u00a0<\/span><\/p>\n<table border=1 cellspacing=0 cellpadding=3>\n<tr>\n<td valign=top width=235>\n<p><span>Rozmiar<\/span><\/p>\n<\/td>\n<td valign=top width=235>\n<p><span>S<\/span><\/p>\n<\/td>\n<td valign=top width=236>\n<p><span>M<\/span><\/p>\n<\/td>\n<td valign=top width=236>\n<p><span>L<\/span><\/p>\n<\/td>\n<td valign=top width=236>\n<p><span>XL<\/span><\/p>\n<\/td>\n<td valign=top width=236>\n<p><span>XXL<\/span><\/p>\n<\/td>\n<\/tr>\n<tr>\n<td valign=top width=235>\n<p><span>Obw\u00f3d bioder<\/span><\/p>\n<\/td>\n<td valign=top width=235>\n<p><span>82-92 cm<\/span><\/p>\n<\/td>\n<td valign=top width=236>\n<p><span>92-104 cm<\/span><\/p>\n<\/td>\n<td valign=top width=236>\n<p><span>104-114 cm<\/span><\/p>\n<\/td>\n<td valign=top width=236>\n<p><span>114-126 cm<\/span><\/p>\n<\/td>\n<td valign=top width=236>\n<p><span>126 cm-138 cm<\/span><\/p>\n<\/td>\n<\/tr>\n<\/table>\n<p><span>\u00a0<\/span><\/p>\n","protected":false},"excerpt":{"rendered":"<p>Wysokie, modeluj\u0105ce cia\u0142o figi ze secjalistycznej linii Fortissima, od Wolbar. Jedwabi\u015bcie g\u0142adkie, podszyte u g\u00f3ry silikonem, dzi\u0119ki kt\u00f3remu nie opadaj\u0105. Szwy p\u0142askie, nogawki ci\u0119te laserowo. Jedne z najlepszych fig z kategorii bielizny wyszczuplaj\u0105cej. Sk\u0142ad: 58% poliamid, 42% elastan. \u00a0 Rozmiar S M L XL XXL Obw\u00f3d bioder 82-92 cm 92-104 cm 104-114 cm 114-126 cm &hellip; <\/p>\n","protected":false},"featured_media":8805,"comment_status":"open","ping_status":"closed","template":"","meta":[],"product_brand":[],"product_cat":[48,24,41,40,39,42,43],"product_tag":[],"class_list":{"0":"post-7795","1":"product","2":"type-product","3":"status-publish","4":"has-post-thumbnail","6":"product_cat-majtki-podkategoria-do-bielizny","7":"product_cat-produkty","8":"product_cat-l","9":"product_cat-m","10":"product_cat-s","11":"product_cat-xl","12":"product_cat-2xl","14":"first","15":"instock","16":"taxable","17":"shipping-taxable","18":"purchasable","19":"product-type-simple"},"_links":{"self":[{"href":"https:\/\/butikhome.pl\/index.php\/wp-json\/wp\/v2\/product\/7795","targetHints":{"allow":["GET"]}}],"collection":[{"href":"https:\/\/butikhome.pl\/index.php\/wp-json\/wp\/v2\/product"}],"about":[{"href":"https:\/\/butikhome.pl\/index.php\/wp-json\/wp\/v2\/types\/product"}],"replies":[{"embeddable":true,"href":"https:\/\/butikhome.pl\/index.php\/wp-json\/wp\/v2\/comments?post=7795"}],"wp:featuredmedia":[{"embeddable":true,"href":"https:\/\/butikhome.pl\/index.php\/wp-json\/wp\/v2\/media\/8805"}],"wp:attachment":[{"href":"https:\/\/butikhome.pl\/index.php\/wp-json\/wp\/v2\/media?parent=7795"}],"wp:term":[{"taxonomy":"product_brand","embeddable":true,"href":"https:\/\/butikhome.pl\/index.php\/wp-json\/wp\/v2\/product_brand?post=7795"},{"taxonomy":"product_cat","embeddable":true,"href":"https:\/\/butikhome.pl\/index.php\/wp-json\/wp\/v2\/product_cat?post=7795"},{"taxonomy":"product_tag","embeddable":true,"href":"https:\/\/butikhome.pl\/index.php\/wp-json\/wp\/v2\/product_tag?post=7795"}],"curies":[{"name":"wp","href":"https:\/\/api.w.org\/{rel}","templated":true}]}}