{"id":7842,"date":"2023-01-26T18:08:07","date_gmt":"2023-01-26T17:08:07","guid":{"rendered":"https:\/\/butikhome.pl\/index.php\/produkt\/figi-gabe-czarne\/"},"modified":"2023-04-14T13:48:20","modified_gmt":"2023-04-14T11:48:20","slug":"figi-gabe-czarne","status":"publish","type":"product","link":"https:\/\/butikhome.pl\/index.php\/produkt\/figi-gabe-czarne\/","title":{"rendered":"Figi Gabe Czarne"},"content":{"rendered":"<p><span>Gabe to nieco pe\u0142niejsze figi, kt\u00f3re doskonale przylegaj\u0105 do cia\u0142a, elastycznie je modeluj\u0105c. Zupe\u0142nie g\u0142adki ty\u0142 i prz\u00f3d przeszywa dekoracyjna koronka, zalotnie przebiegaj\u0105ca w przedniej cz\u0119\u015bci kompozycji. Du\u017ce, delikatne kwiaty o pi\u0119knie rozkwit\u0142ych p\u0105kach to co\u015b co staje si\u0119 tutaj inspiruj\u0105cym i wyr\u00f3\u017cniaj\u0105cym elementem, wprowadzaj\u0105cym niesamowity, bardzo kobiecy wygl\u0105d. Wygoda po\u0142\u0105czona z eleganckim wdzi\u0119kiem.<\/span><\/p>\n<table border=1 cellspacing=0 cellpadding=3>\n<tr>\n<td valign=top width=141>\n<p><span>Rozmiar<\/span><\/p>\n<\/td>\n<td valign=top width=141>\n<p><span>S<\/span><\/p>\n<\/td>\n<td valign=top width=142>\n<p><span>M<\/span><\/p>\n<\/td>\n<td valign=top width=142>\n<p><span>L<\/span><\/p>\n<\/td>\n<td valign=top width=142>\n<p><span>XL<\/span><\/p>\n<\/td>\n<td valign=top width=142>\n<p><span>XXL<\/span><\/p>\n<\/td>\n<\/tr>\n<tr>\n<td valign=top width=141>\n<p><span>Obw\u00f3d bioder<\/span><\/p>\n<\/td>\n<td valign=top width=141>\n<p><span>85-88 cm<\/span><\/p>\n<\/td>\n<td valign=top width=142>\n<p><span>89-92 cm<\/span><\/p>\n<\/td>\n<td valign=top width=142>\n<p><span>93-96 cm<\/span><\/p>\n<\/td>\n<td valign=top width=142>\n<p><span>97-100 cm<\/span><\/p>\n<\/td>\n<td valign=top width=142>\n<p><span>101-104 cm<\/span><\/p>\n<\/td>\n<\/tr>\n<\/table>\n<p><span>\u00a0<\/span><\/p>\n","protected":false},"excerpt":{"rendered":"<p>Gabe to nieco pe\u0142niejsze figi, kt\u00f3re doskonale przylegaj\u0105 do cia\u0142a, elastycznie je modeluj\u0105c. Zupe\u0142nie g\u0142adki ty\u0142 i prz\u00f3d przeszywa dekoracyjna koronka, zalotnie przebiegaj\u0105ca w przedniej cz\u0119\u015bci kompozycji. Du\u017ce, delikatne kwiaty o pi\u0119knie rozkwit\u0142ych p\u0105kach to co\u015b co staje si\u0119 tutaj inspiruj\u0105cym i wyr\u00f3\u017cniaj\u0105cym elementem, wprowadzaj\u0105cym niesamowity, bardzo kobiecy wygl\u0105d. Wygoda po\u0142\u0105czona z eleganckim wdzi\u0119kiem. Rozmiar &hellip; <\/p>\n","protected":false},"featured_media":8789,"comment_status":"open","ping_status":"closed","template":"","meta":[],"product_brand":[],"product_cat":[48,24,41,40,42,43],"product_tag":[],"class_list":{"0":"post-7842","1":"product","2":"type-product","3":"status-publish","4":"has-post-thumbnail","6":"product_cat-majtki-podkategoria-do-bielizny","7":"product_cat-produkty","8":"product_cat-l","9":"product_cat-m","10":"product_cat-xl","11":"product_cat-2xl","13":"first","14":"instock","15":"sale","16":"taxable","17":"shipping-taxable","18":"purchasable","19":"product-type-simple"},"_links":{"self":[{"href":"https:\/\/butikhome.pl\/index.php\/wp-json\/wp\/v2\/product\/7842","targetHints":{"allow":["GET"]}}],"collection":[{"href":"https:\/\/butikhome.pl\/index.php\/wp-json\/wp\/v2\/product"}],"about":[{"href":"https:\/\/butikhome.pl\/index.php\/wp-json\/wp\/v2\/types\/product"}],"replies":[{"embeddable":true,"href":"https:\/\/butikhome.pl\/index.php\/wp-json\/wp\/v2\/comments?post=7842"}],"wp:featuredmedia":[{"embeddable":true,"href":"https:\/\/butikhome.pl\/index.php\/wp-json\/wp\/v2\/media\/8789"}],"wp:attachment":[{"href":"https:\/\/butikhome.pl\/index.php\/wp-json\/wp\/v2\/media?parent=7842"}],"wp:term":[{"taxonomy":"product_brand","embeddable":true,"href":"https:\/\/butikhome.pl\/index.php\/wp-json\/wp\/v2\/product_brand?post=7842"},{"taxonomy":"product_cat","embeddable":true,"href":"https:\/\/butikhome.pl\/index.php\/wp-json\/wp\/v2\/product_cat?post=7842"},{"taxonomy":"product_tag","embeddable":true,"href":"https:\/\/butikhome.pl\/index.php\/wp-json\/wp\/v2\/product_tag?post=7842"}],"curies":[{"name":"wp","href":"https:\/\/api.w.org\/{rel}","templated":true}]}}