{"id":7856,"date":"2023-01-26T18:08:09","date_gmt":"2023-01-26T17:08:09","guid":{"rendered":"https:\/\/butikhome.pl\/index.php\/produkt\/figi-hera-biale\/"},"modified":"2023-04-14T13:37:52","modified_gmt":"2023-04-14T11:37:52","slug":"figi-hera-biale","status":"publish","type":"product","link":"https:\/\/butikhome.pl\/index.php\/produkt\/figi-hera-biale\/","title":{"rendered":"Figi Hera Bia\u0142e"},"content":{"rendered":"<p>Wysoko wykrojone, bardzo zgrabne figi z koronkowymi bokami to zawsze dobry wyb\u00f3r. B\u0119d\u0105 wygodne a do tego optycznie wyd\u0142u\u017c\u0105 nogi i podkre\u015bl\u0105 biodra w romantycznym stylu. Sk\u0142ad: 83% poliamid, 17% elastan.<\/p>\n","protected":false},"excerpt":{"rendered":"<p>Wysoko wykrojone, bardzo zgrabne figi z koronkowymi bokami to zawsze dobry wyb\u00f3r. B\u0119d\u0105 wygodne a do tego optycznie wyd\u0142u\u017c\u0105 nogi i podkre\u015bl\u0105 biodra w romantycznym stylu. Sk\u0142ad: 83% poliamid, 17% elastan.<\/p>\n","protected":false},"featured_media":8783,"comment_status":"open","ping_status":"closed","template":"","meta":[],"product_brand":[],"product_cat":[48,24,41,40,39],"product_tag":[397,179,395],"class_list":{"0":"post-7856","1":"product","2":"type-product","3":"status-publish","4":"has-post-thumbnail","6":"product_cat-majtki-podkategoria-do-bielizny","7":"product_cat-produkty","8":"product_cat-l","9":"product_cat-m","10":"product_cat-s","11":"product_tag-koronkowe-boki","12":"product_tag-optycznie-wydluzaja-nogi","13":"product_tag-wysoko-wykrojone","15":"first","16":"instock","17":"sale","18":"taxable","19":"shipping-taxable","20":"purchasable","21":"product-type-simple"},"_links":{"self":[{"href":"https:\/\/butikhome.pl\/index.php\/wp-json\/wp\/v2\/product\/7856","targetHints":{"allow":["GET"]}}],"collection":[{"href":"https:\/\/butikhome.pl\/index.php\/wp-json\/wp\/v2\/product"}],"about":[{"href":"https:\/\/butikhome.pl\/index.php\/wp-json\/wp\/v2\/types\/product"}],"replies":[{"embeddable":true,"href":"https:\/\/butikhome.pl\/index.php\/wp-json\/wp\/v2\/comments?post=7856"}],"wp:featuredmedia":[{"embeddable":true,"href":"https:\/\/butikhome.pl\/index.php\/wp-json\/wp\/v2\/media\/8783"}],"wp:attachment":[{"href":"https:\/\/butikhome.pl\/index.php\/wp-json\/wp\/v2\/media?parent=7856"}],"wp:term":[{"taxonomy":"product_brand","embeddable":true,"href":"https:\/\/butikhome.pl\/index.php\/wp-json\/wp\/v2\/product_brand?post=7856"},{"taxonomy":"product_cat","embeddable":true,"href":"https:\/\/butikhome.pl\/index.php\/wp-json\/wp\/v2\/product_cat?post=7856"},{"taxonomy":"product_tag","embeddable":true,"href":"https:\/\/butikhome.pl\/index.php\/wp-json\/wp\/v2\/product_tag?post=7856"}],"curies":[{"name":"wp","href":"https:\/\/api.w.org\/{rel}","templated":true}]}}