{"id":7859,"date":"2023-01-26T18:08:10","date_gmt":"2023-01-26T17:08:10","guid":{"rendered":"https:\/\/butikhome.pl\/index.php\/produkt\/figi-hera-czarne\/"},"modified":"2023-04-14T13:37:43","modified_gmt":"2023-04-14T11:37:43","slug":"figi-hera-czarne","status":"publish","type":"product","link":"https:\/\/butikhome.pl\/index.php\/produkt\/figi-hera-czarne\/","title":{"rendered":"Figi Hera Czarne"},"content":{"rendered":"<p><span>Wysoko wykrojone, bardzo zgrabne figi z koronkowymi bokami to zawsze dobry wyb\u00f3r. B\u0119d\u0105 wygodne a do tego optycznie wyd\u0142u\u017c\u0105 nogi i podkre\u015bl\u0105 biodra w romantycznym stylu. Sk\u0142ad: 83% poliamid, 17% elastan.<\/span><\/p>\n<p><span>\u00a0<\/span><\/p>\n","protected":false},"excerpt":{"rendered":"<p>Wysoko wykrojone, bardzo zgrabne figi z koronkowymi bokami to zawsze dobry wyb\u00f3r. B\u0119d\u0105 wygodne a do tego optycznie wyd\u0142u\u017c\u0105 nogi i podkre\u015bl\u0105 biodra w romantycznym stylu. Sk\u0142ad: 83% poliamid, 17% elastan. \u00a0<\/p>\n","protected":false},"featured_media":8777,"comment_status":"open","ping_status":"closed","template":"","meta":[],"product_brand":[],"product_cat":[48,24],"product_tag":[],"class_list":{"0":"post-7859","1":"product","2":"type-product","3":"status-publish","4":"has-post-thumbnail","6":"product_cat-majtki-podkategoria-do-bielizny","7":"product_cat-produkty","9":"first","10":"instock","11":"sale","12":"taxable","13":"shipping-taxable","14":"purchasable","15":"product-type-simple"},"_links":{"self":[{"href":"https:\/\/butikhome.pl\/index.php\/wp-json\/wp\/v2\/product\/7859","targetHints":{"allow":["GET"]}}],"collection":[{"href":"https:\/\/butikhome.pl\/index.php\/wp-json\/wp\/v2\/product"}],"about":[{"href":"https:\/\/butikhome.pl\/index.php\/wp-json\/wp\/v2\/types\/product"}],"replies":[{"embeddable":true,"href":"https:\/\/butikhome.pl\/index.php\/wp-json\/wp\/v2\/comments?post=7859"}],"wp:featuredmedia":[{"embeddable":true,"href":"https:\/\/butikhome.pl\/index.php\/wp-json\/wp\/v2\/media\/8777"}],"wp:attachment":[{"href":"https:\/\/butikhome.pl\/index.php\/wp-json\/wp\/v2\/media?parent=7859"}],"wp:term":[{"taxonomy":"product_brand","embeddable":true,"href":"https:\/\/butikhome.pl\/index.php\/wp-json\/wp\/v2\/product_brand?post=7859"},{"taxonomy":"product_cat","embeddable":true,"href":"https:\/\/butikhome.pl\/index.php\/wp-json\/wp\/v2\/product_cat?post=7859"},{"taxonomy":"product_tag","embeddable":true,"href":"https:\/\/butikhome.pl\/index.php\/wp-json\/wp\/v2\/product_tag?post=7859"}],"curies":[{"name":"wp","href":"https:\/\/api.w.org\/{rel}","templated":true}]}}