{"id":7907,"date":"2023-01-26T18:08:20","date_gmt":"2023-01-26T17:08:20","guid":{"rendered":"https:\/\/butikhome.pl\/index.php\/produkt\/figi-idealia-czarne\/"},"modified":"2023-04-14T13:15:38","modified_gmt":"2023-04-14T11:15:38","slug":"figi-idealia-czarne","status":"publish","type":"product","link":"https:\/\/butikhome.pl\/index.php\/produkt\/figi-idealia-czarne\/","title":{"rendered":"Figi Idealia Czarne"},"content":{"rendered":"<p><span>Idalia to wy\u017csze figi, zgrabnie modeluj\u0105ce sylwetk\u0119, kt\u00f3re dyskretnie ukryj\u0105 si\u0119 pod kreacj\u0105. Pomog\u0105 wyszczupli\u0107 brzuch, wysmukli\u0107 lini\u0119 bioder i zaakcentowa\u0107 tali\u0119. To tak\u017ce bielizna wykonana z dzianiny wysokiej jako\u015bci, z delikatnymi, a\u017curowymi wstawkami z przodu. W pasie gumka podszyta silikonem. Sk\u0142ad: 58% poliamid, 42% elastan.<\/span><\/p>\n<p><span>\u00a0<\/span><\/p>\n<table border=1 cellspacing=0 cellpadding=3>\n<tr>\n<td valign=top width=141>\n<p><span>Rozmiar<\/span><\/p>\n<\/td>\n<td valign=top width=141>\n<p><span>S<\/span><\/p>\n<\/td>\n<td valign=top width=142>\n<p><span>M<\/span><\/p>\n<\/td>\n<td valign=top width=142>\n<p><span>L<\/span><\/p>\n<\/td>\n<td valign=top width=142>\n<p><span>XL<\/span><\/p>\n<\/td>\n<td valign=top width=142>\n<p><span>XXL<\/span><\/p>\n<\/td>\n<\/tr>\n<tr>\n<td valign=top width=141>\n<p><span>Obw\u00f3d bioder<\/span><\/p>\n<\/td>\n<td valign=top width=141>\n<p><span>85-88 cm<\/span><\/p>\n<\/td>\n<td valign=top width=142>\n<p><span>89-92 cm<\/span><\/p>\n<\/td>\n<td valign=top width=142>\n<p><span>93-96 cm<\/span><\/p>\n<\/td>\n<td valign=top width=142>\n<p><span>97-100 cm<\/span><\/p>\n<\/td>\n<td valign=top width=142>\n<p><span>101-104 cm<\/span><\/p>\n<\/td>\n<\/tr>\n<\/table>\n<p><span>\u00a0<\/span><\/p>\n","protected":false},"excerpt":{"rendered":"<p>Idalia to wy\u017csze figi, zgrabnie modeluj\u0105ce sylwetk\u0119, kt\u00f3re dyskretnie ukryj\u0105 si\u0119 pod kreacj\u0105. Pomog\u0105 wyszczupli\u0107 brzuch, wysmukli\u0107 lini\u0119 bioder i zaakcentowa\u0107 tali\u0119. To tak\u017ce bielizna wykonana z dzianiny wysokiej jako\u015bci, z delikatnymi, a\u017curowymi wstawkami z przodu. W pasie gumka podszyta silikonem. Sk\u0142ad: 58% poliamid, 42% elastan. \u00a0 Rozmiar S M L XL XXL Obw\u00f3d bioder &hellip; <\/p>\n","protected":false},"featured_media":8757,"comment_status":"open","ping_status":"closed","template":"","meta":[],"product_brand":[],"product_cat":[48,24,41,40,39,42,43],"product_tag":[],"class_list":{"0":"post-7907","1":"product","2":"type-product","3":"status-publish","4":"has-post-thumbnail","6":"product_cat-majtki-podkategoria-do-bielizny","7":"product_cat-produkty","8":"product_cat-l","9":"product_cat-m","10":"product_cat-s","11":"product_cat-xl","12":"product_cat-2xl","14":"first","15":"instock","16":"taxable","17":"shipping-taxable","18":"purchasable","19":"product-type-simple"},"_links":{"self":[{"href":"https:\/\/butikhome.pl\/index.php\/wp-json\/wp\/v2\/product\/7907","targetHints":{"allow":["GET"]}}],"collection":[{"href":"https:\/\/butikhome.pl\/index.php\/wp-json\/wp\/v2\/product"}],"about":[{"href":"https:\/\/butikhome.pl\/index.php\/wp-json\/wp\/v2\/types\/product"}],"replies":[{"embeddable":true,"href":"https:\/\/butikhome.pl\/index.php\/wp-json\/wp\/v2\/comments?post=7907"}],"wp:featuredmedia":[{"embeddable":true,"href":"https:\/\/butikhome.pl\/index.php\/wp-json\/wp\/v2\/media\/8757"}],"wp:attachment":[{"href":"https:\/\/butikhome.pl\/index.php\/wp-json\/wp\/v2\/media?parent=7907"}],"wp:term":[{"taxonomy":"product_brand","embeddable":true,"href":"https:\/\/butikhome.pl\/index.php\/wp-json\/wp\/v2\/product_brand?post=7907"},{"taxonomy":"product_cat","embeddable":true,"href":"https:\/\/butikhome.pl\/index.php\/wp-json\/wp\/v2\/product_cat?post=7907"},{"taxonomy":"product_tag","embeddable":true,"href":"https:\/\/butikhome.pl\/index.php\/wp-json\/wp\/v2\/product_tag?post=7907"}],"curies":[{"name":"wp","href":"https:\/\/api.w.org\/{rel}","templated":true}]}}