{"id":7971,"date":"2023-01-26T18:08:30","date_gmt":"2023-01-26T17:08:30","guid":{"rendered":"https:\/\/butikhome.pl\/index.php\/produkt\/figi-lara-biale\/"},"modified":"2023-04-14T13:12:45","modified_gmt":"2023-04-14T11:12:45","slug":"figi-lara-biale","status":"publish","type":"product","link":"https:\/\/butikhome.pl\/index.php\/produkt\/figi-lara-biale\/","title":{"rendered":"Figi Lara Bia\u0142e"},"content":{"rendered":"<p><span>Du\u017ce, inspiruj\u0105ce li\u015bcie zmys\u0142owo wyhaftowane na delikatnym, lekko prze\u015bwituj\u0105cym tiulu to co\u015b, co staje si\u0119 tutaj pon\u0119tnym atutem tworz\u0105cym kreacj\u0119 niezwyk\u0142ego\u00a0wdzi\u0119ku i kobieco\u015bci. Subtelne niczym pierwsze,\u00a0poranne promienie s\u0142o\u0144ca wzory doskonale komponuj\u0105 si\u0119 z tu\u00a0g\u0142adk\u0105 i elastyczn\u0105, naturaln\u0105 tkanink\u0105 tworz\u0105c\u0105 zar\u00f3wno prz\u00f3d jak i ty\u0142 ca\u0142ej kompozycji.<\/span><\/p>\n<p><span>Sk\u0142ad: 83% poliamid, 17% elastan.<\/span><\/p>\n<table border=1 cellspacing=0 cellpadding=3>\n<tr>\n<td valign=top>\n<p><span>Rozmiar<\/span><\/p>\n<\/td>\n<td valign=top>\n<p><span>S<\/span><\/p>\n<\/td>\n<td valign=top>\n<p><span>M<\/span><\/p>\n<\/td>\n<td valign=top>\n<p><span>L<\/span><\/p>\n<\/td>\n<td valign=top>\n<p><span>XL<\/span><\/p>\n<\/td>\n<td valign=top>\n<p><span>XXL<\/span><\/p>\n<\/td>\n<\/tr>\n<tr>\n<td valign=top>\n<p><span>Obw\u00f3d bioder<\/span><\/p>\n<\/td>\n<td valign=top>\n<p><span>85-88 cm<\/span><\/p>\n<\/td>\n<td valign=top>\n<p><span>89-92 cm<\/span><\/p>\n<\/td>\n<td valign=top>\n<p><span>93-96 cm<\/span><\/p>\n<\/td>\n<td valign=top>\n<p><span>97-100 cm<\/span><\/p>\n<\/td>\n<td valign=top>\n<p><span>101-104 cm<\/span><\/p>\n<\/td>\n<\/tr>\n<\/table>\n<p><span>\u00a0<\/span><\/p>\n","protected":false},"excerpt":{"rendered":"<p>Du\u017ce, inspiruj\u0105ce li\u015bcie zmys\u0142owo wyhaftowane na delikatnym, lekko prze\u015bwituj\u0105cym tiulu to co\u015b, co staje si\u0119 tutaj pon\u0119tnym atutem tworz\u0105cym kreacj\u0119 niezwyk\u0142ego\u00a0wdzi\u0119ku i kobieco\u015bci. Subtelne niczym pierwsze,\u00a0poranne promienie s\u0142o\u0144ca wzory doskonale komponuj\u0105 si\u0119 z tu\u00a0g\u0142adk\u0105 i elastyczn\u0105, naturaln\u0105 tkanink\u0105 tworz\u0105c\u0105 zar\u00f3wno prz\u00f3d jak i ty\u0142 ca\u0142ej kompozycji. Sk\u0142ad: 83% poliamid, 17% elastan. Rozmiar S M L &hellip; <\/p>\n","protected":false},"featured_media":8730,"comment_status":"open","ping_status":"closed","template":"","meta":[],"product_brand":[],"product_cat":[48,24,41,40,42,43],"product_tag":[],"class_list":{"0":"post-7971","1":"product","2":"type-product","3":"status-publish","4":"has-post-thumbnail","6":"product_cat-majtki-podkategoria-do-bielizny","7":"product_cat-produkty","8":"product_cat-l","9":"product_cat-m","10":"product_cat-xl","11":"product_cat-2xl","13":"first","14":"instock","15":"taxable","16":"shipping-taxable","17":"purchasable","18":"product-type-simple"},"_links":{"self":[{"href":"https:\/\/butikhome.pl\/index.php\/wp-json\/wp\/v2\/product\/7971","targetHints":{"allow":["GET"]}}],"collection":[{"href":"https:\/\/butikhome.pl\/index.php\/wp-json\/wp\/v2\/product"}],"about":[{"href":"https:\/\/butikhome.pl\/index.php\/wp-json\/wp\/v2\/types\/product"}],"replies":[{"embeddable":true,"href":"https:\/\/butikhome.pl\/index.php\/wp-json\/wp\/v2\/comments?post=7971"}],"wp:featuredmedia":[{"embeddable":true,"href":"https:\/\/butikhome.pl\/index.php\/wp-json\/wp\/v2\/media\/8730"}],"wp:attachment":[{"href":"https:\/\/butikhome.pl\/index.php\/wp-json\/wp\/v2\/media?parent=7971"}],"wp:term":[{"taxonomy":"product_brand","embeddable":true,"href":"https:\/\/butikhome.pl\/index.php\/wp-json\/wp\/v2\/product_brand?post=7971"},{"taxonomy":"product_cat","embeddable":true,"href":"https:\/\/butikhome.pl\/index.php\/wp-json\/wp\/v2\/product_cat?post=7971"},{"taxonomy":"product_tag","embeddable":true,"href":"https:\/\/butikhome.pl\/index.php\/wp-json\/wp\/v2\/product_tag?post=7971"}],"curies":[{"name":"wp","href":"https:\/\/api.w.org\/{rel}","templated":true}]}}