{"id":8019,"date":"2023-01-26T18:08:39","date_gmt":"2023-01-26T17:08:39","guid":{"rendered":"https:\/\/butikhome.pl\/index.php\/produkt\/figi-luxa-biale\/"},"modified":"2023-04-14T13:11:28","modified_gmt":"2023-04-14T11:11:28","slug":"figi-luxa-biale","status":"publish","type":"product","link":"https:\/\/butikhome.pl\/index.php\/produkt\/figi-luxa-biale\/","title":{"rendered":"Figi Luxa Bia\u0142e"},"content":{"rendered":"<p><span>Delikatne, pi\u0119kne i bardzo wygodne figi. Wyr\u00f3\u017cniaj\u0105 si\u0119 wyj\u0105tkowo urocz\u0105 koronk\u0105, kt\u00f3ra z lekko\u015bci\u0105 zdobi prawie ca\u0142y ty\u0142 bielizny, boki i cz\u0119\u015b\u0107 przodu. Sk\u0142ad: 83% poliamid, 17% elastan.<\/span><\/p>\n<p><span>\u00a0<\/span><\/p>\n","protected":false},"excerpt":{"rendered":"<p>Delikatne, pi\u0119kne i bardzo wygodne figi. Wyr\u00f3\u017cniaj\u0105 si\u0119 wyj\u0105tkowo urocz\u0105 koronk\u0105, kt\u00f3ra z lekko\u015bci\u0105 zdobi prawie ca\u0142y ty\u0142 bielizny, boki i cz\u0119\u015b\u0107 przodu. Sk\u0142ad: 83% poliamid, 17% elastan. \u00a0<\/p>\n","protected":false},"featured_media":8710,"comment_status":"open","ping_status":"closed","template":"","meta":[],"product_brand":[],"product_cat":[48,24,41,40,42,43],"product_tag":[],"class_list":{"0":"post-8019","1":"product","2":"type-product","3":"status-publish","4":"has-post-thumbnail","6":"product_cat-majtki-podkategoria-do-bielizny","7":"product_cat-produkty","8":"product_cat-l","9":"product_cat-m","10":"product_cat-xl","11":"product_cat-2xl","13":"first","14":"instock","15":"taxable","16":"shipping-taxable","17":"purchasable","18":"product-type-simple"},"_links":{"self":[{"href":"https:\/\/butikhome.pl\/index.php\/wp-json\/wp\/v2\/product\/8019","targetHints":{"allow":["GET"]}}],"collection":[{"href":"https:\/\/butikhome.pl\/index.php\/wp-json\/wp\/v2\/product"}],"about":[{"href":"https:\/\/butikhome.pl\/index.php\/wp-json\/wp\/v2\/types\/product"}],"replies":[{"embeddable":true,"href":"https:\/\/butikhome.pl\/index.php\/wp-json\/wp\/v2\/comments?post=8019"}],"wp:featuredmedia":[{"embeddable":true,"href":"https:\/\/butikhome.pl\/index.php\/wp-json\/wp\/v2\/media\/8710"}],"wp:attachment":[{"href":"https:\/\/butikhome.pl\/index.php\/wp-json\/wp\/v2\/media?parent=8019"}],"wp:term":[{"taxonomy":"product_brand","embeddable":true,"href":"https:\/\/butikhome.pl\/index.php\/wp-json\/wp\/v2\/product_brand?post=8019"},{"taxonomy":"product_cat","embeddable":true,"href":"https:\/\/butikhome.pl\/index.php\/wp-json\/wp\/v2\/product_cat?post=8019"},{"taxonomy":"product_tag","embeddable":true,"href":"https:\/\/butikhome.pl\/index.php\/wp-json\/wp\/v2\/product_tag?post=8019"}],"curies":[{"name":"wp","href":"https:\/\/api.w.org\/{rel}","templated":true}]}}