{"id":8027,"date":"2023-01-26T18:08:40","date_gmt":"2023-01-26T17:08:40","guid":{"rendered":"https:\/\/butikhome.pl\/index.php\/produkt\/figi-maestria-bezowe\/"},"modified":"2023-04-14T13:11:12","modified_gmt":"2023-04-14T11:11:12","slug":"figi-maestria-bezowe","status":"publish","type":"product","link":"https:\/\/butikhome.pl\/index.php\/produkt\/figi-maestria-bezowe\/","title":{"rendered":"Figi Maestria Be\u017cowe"},"content":{"rendered":"<p>Bardzo kobiece figi o wy\u017cszym kroju, uzupe\u0142nione wstawkami z pi\u0119knej koronki. Prz\u00f3d z pionowymi ci\u0119ciami, modeluje rejon brzucha i bioder. Ty\u0142 z efektem subtelnego prze\u015bwitu, delikatnie podnosi po\u015bladki. Wysoka jako\u015b\u0107. Sk\u0142ad: 58% poliamid, 42% elastan.<\/p>\n<p>&nbsp;<\/p>\n<table border=\"1\" cellspacing=\"0\" cellpadding=\"3\">\n<tbody>\n<tr>\n<td valign=\"top\" width=\"141\">Rozmiar<\/td>\n<td valign=\"top\" width=\"141\">S<\/td>\n<td valign=\"top\" width=\"142\">M<\/td>\n<td valign=\"top\" width=\"142\">L<\/td>\n<td valign=\"top\" width=\"142\">XL<\/td>\n<td valign=\"top\" width=\"142\">XXL<\/td>\n<\/tr>\n<tr>\n<td valign=\"top\" width=\"141\">Obw\u00f3d bioder<\/td>\n<td valign=\"top\" width=\"141\">85-88 cm<\/td>\n<td valign=\"top\" width=\"142\">89-92 cm<\/td>\n<td valign=\"top\" width=\"142\">93-96 cm<\/td>\n<td valign=\"top\" width=\"142\">97-100 cm<\/td>\n<td valign=\"top\" width=\"142\">101-104 cm<\/td>\n<\/tr>\n<\/tbody>\n<\/table>\n<p>&nbsp;<\/p>\n","protected":false},"excerpt":{"rendered":"<p>Bardzo kobiece figi o wy\u017cszym kroju, uzupe\u0142nione wstawkami z pi\u0119knej koronki. Prz\u00f3d z pionowymi ci\u0119ciami, modeluje rejon brzucha i bioder. Ty\u0142 z efektem subtelnego prze\u015bwitu, delikatnie podnosi po\u015bladki. Wysoka jako\u015b\u0107. Sk\u0142ad: 58% poliamid, 42% elastan. &nbsp; Rozmiar S M L XL XXL Obw\u00f3d bioder 85-88 cm 89-92 cm 93-96 cm 97-100 cm 101-104 cm &nbsp;<\/p>\n","protected":false},"featured_media":8704,"comment_status":"open","ping_status":"closed","template":"","meta":[],"product_brand":[],"product_cat":[48,24,41,40,39,42],"product_tag":[300,109,199,298,299,301,225],"class_list":{"0":"post-8027","1":"product","2":"type-product","3":"status-publish","4":"has-post-thumbnail","6":"product_cat-majtki-podkategoria-do-bielizny","7":"product_cat-produkty","8":"product_cat-l","9":"product_cat-m","10":"product_cat-s","11":"product_cat-xl","12":"product_tag-delikatnie-podnosi-posladki","13":"product_tag-kobiece-figi","14":"product_tag-koronkowe-wstawki","15":"product_tag-modeluje-rejon-brzucha-i-bioder","16":"product_tag-tyl-z-efektem-subtelnego-przeswitu","17":"product_tag-wysoka-jakosc","18":"product_tag-wysokie","20":"first","21":"instock","22":"sale","23":"taxable","24":"shipping-taxable","25":"purchasable","26":"product-type-simple"},"_links":{"self":[{"href":"https:\/\/butikhome.pl\/index.php\/wp-json\/wp\/v2\/product\/8027","targetHints":{"allow":["GET"]}}],"collection":[{"href":"https:\/\/butikhome.pl\/index.php\/wp-json\/wp\/v2\/product"}],"about":[{"href":"https:\/\/butikhome.pl\/index.php\/wp-json\/wp\/v2\/types\/product"}],"replies":[{"embeddable":true,"href":"https:\/\/butikhome.pl\/index.php\/wp-json\/wp\/v2\/comments?post=8027"}],"wp:featuredmedia":[{"embeddable":true,"href":"https:\/\/butikhome.pl\/index.php\/wp-json\/wp\/v2\/media\/8704"}],"wp:attachment":[{"href":"https:\/\/butikhome.pl\/index.php\/wp-json\/wp\/v2\/media?parent=8027"}],"wp:term":[{"taxonomy":"product_brand","embeddable":true,"href":"https:\/\/butikhome.pl\/index.php\/wp-json\/wp\/v2\/product_brand?post=8027"},{"taxonomy":"product_cat","embeddable":true,"href":"https:\/\/butikhome.pl\/index.php\/wp-json\/wp\/v2\/product_cat?post=8027"},{"taxonomy":"product_tag","embeddable":true,"href":"https:\/\/butikhome.pl\/index.php\/wp-json\/wp\/v2\/product_tag?post=8027"}],"curies":[{"name":"wp","href":"https:\/\/api.w.org\/{rel}","templated":true}]}}