{"id":8046,"date":"2023-01-26T18:08:43","date_gmt":"2023-01-26T17:08:43","guid":{"rendered":"https:\/\/butikhome.pl\/index.php\/produkt\/figi-maja-czarne\/"},"modified":"2023-04-14T13:10:43","modified_gmt":"2023-04-14T11:10:43","slug":"figi-maja-czarne","status":"publish","type":"product","link":"https:\/\/butikhome.pl\/index.php\/produkt\/figi-maja-czarne\/","title":{"rendered":"Figi Maja Czarne"},"content":{"rendered":"<p><span>Ciekawe figi, kt\u00f3rych sekret tkwi\u00a0w osobliwym po\u0142\u0105czeniu g\u0142adkiej tkaniny oraz a\u017curowej, elastycznej koronki, subtelnie opinaj\u0105cej okolice bikini oraz talii. Bardzo kobiece i delikatne, b\u0119d\u0105 doskona\u0142e, je\u015bli pragniesz wygody i kobieco\u015bci. Sk\u0142ad: 83% poliamid, 17% elastan.<\/span><\/p>\n<p><span>\u00a0<\/span><\/p>\n","protected":false},"excerpt":{"rendered":"<p>Ciekawe figi, kt\u00f3rych sekret tkwi\u00a0w osobliwym po\u0142\u0105czeniu g\u0142adkiej tkaniny oraz a\u017curowej, elastycznej koronki, subtelnie opinaj\u0105cej okolice bikini oraz talii. Bardzo kobiece i delikatne, b\u0119d\u0105 doskona\u0142e, je\u015bli pragniesz wygody i kobieco\u015bci. Sk\u0142ad: 83% poliamid, 17% elastan. \u00a0<\/p>\n","protected":false},"featured_media":8698,"comment_status":"open","ping_status":"closed","template":"","meta":[],"product_brand":[],"product_cat":[48,24,41,40,39,42],"product_tag":[],"class_list":{"0":"post-8046","1":"product","2":"type-product","3":"status-publish","4":"has-post-thumbnail","6":"product_cat-majtki-podkategoria-do-bielizny","7":"product_cat-produkty","8":"product_cat-l","9":"product_cat-m","10":"product_cat-s","11":"product_cat-xl","13":"first","14":"instock","15":"taxable","16":"shipping-taxable","17":"purchasable","18":"product-type-simple"},"_links":{"self":[{"href":"https:\/\/butikhome.pl\/index.php\/wp-json\/wp\/v2\/product\/8046","targetHints":{"allow":["GET"]}}],"collection":[{"href":"https:\/\/butikhome.pl\/index.php\/wp-json\/wp\/v2\/product"}],"about":[{"href":"https:\/\/butikhome.pl\/index.php\/wp-json\/wp\/v2\/types\/product"}],"replies":[{"embeddable":true,"href":"https:\/\/butikhome.pl\/index.php\/wp-json\/wp\/v2\/comments?post=8046"}],"wp:featuredmedia":[{"embeddable":true,"href":"https:\/\/butikhome.pl\/index.php\/wp-json\/wp\/v2\/media\/8698"}],"wp:attachment":[{"href":"https:\/\/butikhome.pl\/index.php\/wp-json\/wp\/v2\/media?parent=8046"}],"wp:term":[{"taxonomy":"product_brand","embeddable":true,"href":"https:\/\/butikhome.pl\/index.php\/wp-json\/wp\/v2\/product_brand?post=8046"},{"taxonomy":"product_cat","embeddable":true,"href":"https:\/\/butikhome.pl\/index.php\/wp-json\/wp\/v2\/product_cat?post=8046"},{"taxonomy":"product_tag","embeddable":true,"href":"https:\/\/butikhome.pl\/index.php\/wp-json\/wp\/v2\/product_tag?post=8046"}],"curies":[{"name":"wp","href":"https:\/\/api.w.org\/{rel}","templated":true}]}}