{"id":8064,"date":"2023-01-26T18:08:46","date_gmt":"2023-01-26T17:08:46","guid":{"rendered":"https:\/\/butikhome.pl\/index.php\/produkt\/figi-mild-soft-bezowe\/"},"modified":"2023-04-14T13:10:06","modified_gmt":"2023-04-14T11:10:06","slug":"figi-mild-soft-bezowe","status":"publish","type":"product","link":"https:\/\/butikhome.pl\/index.php\/produkt\/figi-mild-soft-bezowe\/","title":{"rendered":"Figi Mild Soft Be\u017cowe"},"content":{"rendered":"<p><span>Wyj\u0105tkowo mi\u0119kkie, g\u0142adkie figi, wyko\u0144czone p\u0142askimi szwami. Wykonane z wysokogatunkowej bawe\u0142ny. Idealne pod ka\u017cd\u0105 kreacj\u0119. Ponadczasowe i praktyczne. Seksowny, niski kr\u00f3j. Sk\u0142ad: 90% bawe\u0142na, 7% elastan, 3% poliamid.<\/span><\/p>\n<p><span>\u00a0<\/span><\/p>\n","protected":false},"excerpt":{"rendered":"<p>Wyj\u0105tkowo mi\u0119kkie, g\u0142adkie figi, wyko\u0144czone p\u0142askimi szwami. Wykonane z wysokogatunkowej bawe\u0142ny. Idealne pod ka\u017cd\u0105 kreacj\u0119. Ponadczasowe i praktyczne. Seksowny, niski kr\u00f3j. Sk\u0142ad: 90% bawe\u0142na, 7% elastan, 3% poliamid. \u00a0<\/p>\n","protected":false},"featured_media":8690,"comment_status":"open","ping_status":"closed","template":"","meta":[],"product_brand":[],"product_cat":[48,24,41,40,39,42],"product_tag":[],"class_list":{"0":"post-8064","1":"product","2":"type-product","3":"status-publish","4":"has-post-thumbnail","6":"product_cat-majtki-podkategoria-do-bielizny","7":"product_cat-produkty","8":"product_cat-l","9":"product_cat-m","10":"product_cat-s","11":"product_cat-xl","13":"first","14":"instock","15":"taxable","16":"shipping-taxable","17":"purchasable","18":"product-type-simple"},"_links":{"self":[{"href":"https:\/\/butikhome.pl\/index.php\/wp-json\/wp\/v2\/product\/8064","targetHints":{"allow":["GET"]}}],"collection":[{"href":"https:\/\/butikhome.pl\/index.php\/wp-json\/wp\/v2\/product"}],"about":[{"href":"https:\/\/butikhome.pl\/index.php\/wp-json\/wp\/v2\/types\/product"}],"replies":[{"embeddable":true,"href":"https:\/\/butikhome.pl\/index.php\/wp-json\/wp\/v2\/comments?post=8064"}],"wp:featuredmedia":[{"embeddable":true,"href":"https:\/\/butikhome.pl\/index.php\/wp-json\/wp\/v2\/media\/8690"}],"wp:attachment":[{"href":"https:\/\/butikhome.pl\/index.php\/wp-json\/wp\/v2\/media?parent=8064"}],"wp:term":[{"taxonomy":"product_brand","embeddable":true,"href":"https:\/\/butikhome.pl\/index.php\/wp-json\/wp\/v2\/product_brand?post=8064"},{"taxonomy":"product_cat","embeddable":true,"href":"https:\/\/butikhome.pl\/index.php\/wp-json\/wp\/v2\/product_cat?post=8064"},{"taxonomy":"product_tag","embeddable":true,"href":"https:\/\/butikhome.pl\/index.php\/wp-json\/wp\/v2\/product_tag?post=8064"}],"curies":[{"name":"wp","href":"https:\/\/api.w.org\/{rel}","templated":true}]}}