{"id":8068,"date":"2023-01-26T18:08:46","date_gmt":"2023-01-26T17:08:46","guid":{"rendered":"https:\/\/butikhome.pl\/index.php\/produkt\/figi-mild-soft-biale\/"},"modified":"2023-04-14T13:09:58","modified_gmt":"2023-04-14T11:09:58","slug":"figi-mild-soft-biale","status":"publish","type":"product","link":"https:\/\/butikhome.pl\/index.php\/produkt\/figi-mild-soft-biale\/","title":{"rendered":"Figi Mild Soft Bia\u0142e"},"content":{"rendered":"<p><span>Wyj\u0105tkowo mi\u0119kkie, g\u0142adkie figi, wyko\u0144czone p\u0142askimi szwami. Wykonane z wysokogatunkowej bawe\u0142ny. Idealne pod ka\u017cd\u0105 kreacj\u0119. Ponadczasowe i praktyczne. Seksowny, niski kr\u00f3j. Sk\u0142ad: 90% bawe\u0142na, 7% elastan, 3% poliamid.<\/span><\/p>\n<p><span>\u00a0<\/span><\/p>\n","protected":false},"excerpt":{"rendered":"<p>Wyj\u0105tkowo mi\u0119kkie, g\u0142adkie figi, wyko\u0144czone p\u0142askimi szwami. Wykonane z wysokogatunkowej bawe\u0142ny. Idealne pod ka\u017cd\u0105 kreacj\u0119. Ponadczasowe i praktyczne. Seksowny, niski kr\u00f3j. Sk\u0142ad: 90% bawe\u0142na, 7% elastan, 3% poliamid. \u00a0<\/p>\n","protected":false},"featured_media":8688,"comment_status":"open","ping_status":"closed","template":"","meta":[],"product_brand":[],"product_cat":[48,24,41,39],"product_tag":[],"class_list":{"0":"post-8068","1":"product","2":"type-product","3":"status-publish","4":"has-post-thumbnail","6":"product_cat-majtki-podkategoria-do-bielizny","7":"product_cat-produkty","8":"product_cat-l","9":"product_cat-s","11":"first","12":"instock","13":"taxable","14":"shipping-taxable","15":"purchasable","16":"product-type-simple"},"_links":{"self":[{"href":"https:\/\/butikhome.pl\/index.php\/wp-json\/wp\/v2\/product\/8068","targetHints":{"allow":["GET"]}}],"collection":[{"href":"https:\/\/butikhome.pl\/index.php\/wp-json\/wp\/v2\/product"}],"about":[{"href":"https:\/\/butikhome.pl\/index.php\/wp-json\/wp\/v2\/types\/product"}],"replies":[{"embeddable":true,"href":"https:\/\/butikhome.pl\/index.php\/wp-json\/wp\/v2\/comments?post=8068"}],"wp:featuredmedia":[{"embeddable":true,"href":"https:\/\/butikhome.pl\/index.php\/wp-json\/wp\/v2\/media\/8688"}],"wp:attachment":[{"href":"https:\/\/butikhome.pl\/index.php\/wp-json\/wp\/v2\/media?parent=8068"}],"wp:term":[{"taxonomy":"product_brand","embeddable":true,"href":"https:\/\/butikhome.pl\/index.php\/wp-json\/wp\/v2\/product_brand?post=8068"},{"taxonomy":"product_cat","embeddable":true,"href":"https:\/\/butikhome.pl\/index.php\/wp-json\/wp\/v2\/product_cat?post=8068"},{"taxonomy":"product_tag","embeddable":true,"href":"https:\/\/butikhome.pl\/index.php\/wp-json\/wp\/v2\/product_tag?post=8068"}],"curies":[{"name":"wp","href":"https:\/\/api.w.org\/{rel}","templated":true}]}}