{"id":8072,"date":"2023-01-26T18:08:46","date_gmt":"2023-01-26T17:08:46","guid":{"rendered":"https:\/\/butikhome.pl\/index.php\/produkt\/figi-mild-soft-czarne\/"},"modified":"2023-04-14T13:09:51","modified_gmt":"2023-04-14T11:09:51","slug":"figi-mild-soft-czarne","status":"publish","type":"product","link":"https:\/\/butikhome.pl\/index.php\/produkt\/figi-mild-soft-czarne\/","title":{"rendered":"Figi Mild Soft Czarne"},"content":{"rendered":"<p>Wyj\u0105tkowo mi\u0119kkie, g\u0142adkie figi, wyko\u0144czone p\u0142askimi szwami. Wykonane z wysokogatunkowej bawe\u0142ny. Idealne pod ka\u017cd\u0105 kreacj\u0119. Ponadczasowe i praktyczne. Seksowny, niski kr\u00f3j. Sk\u0142ad: 90% bawe\u0142na, 7% elastan, 3% poliamid.<\/p>\n<p>&nbsp;<\/p>\n","protected":false},"excerpt":{"rendered":"<p>Wyj\u0105tkowo mi\u0119kkie, g\u0142adkie figi, wyko\u0144czone p\u0142askimi szwami. Wykonane z wysokogatunkowej bawe\u0142ny. Idealne pod ka\u017cd\u0105 kreacj\u0119. Ponadczasowe i praktyczne. Seksowny, niski kr\u00f3j. Sk\u0142ad: 90% bawe\u0142na, 7% elastan, 3% poliamid. &nbsp;<\/p>\n","protected":false},"featured_media":8693,"comment_status":"open","ping_status":"closed","template":"","meta":[],"product_brand":[],"product_cat":[48,24,41,40,39,42],"product_tag":[51,72,273,154,272,271],"class_list":{"0":"post-8072","1":"product","2":"type-product","3":"status-publish","4":"has-post-thumbnail","6":"product_cat-majtki-podkategoria-do-bielizny","7":"product_cat-produkty","8":"product_cat-l","9":"product_cat-m","10":"product_cat-s","11":"product_cat-xl","12":"product_tag-gladkie","13":"product_tag-miekkie","14":"product_tag-niski-kroj","15":"product_tag-plaskie-szwy","16":"product_tag-seksowne","17":"product_tag-wysokogatunkowa-bawelna","19":"first","20":"instock","21":"taxable","22":"shipping-taxable","23":"purchasable","24":"product-type-simple"},"_links":{"self":[{"href":"https:\/\/butikhome.pl\/index.php\/wp-json\/wp\/v2\/product\/8072","targetHints":{"allow":["GET"]}}],"collection":[{"href":"https:\/\/butikhome.pl\/index.php\/wp-json\/wp\/v2\/product"}],"about":[{"href":"https:\/\/butikhome.pl\/index.php\/wp-json\/wp\/v2\/types\/product"}],"replies":[{"embeddable":true,"href":"https:\/\/butikhome.pl\/index.php\/wp-json\/wp\/v2\/comments?post=8072"}],"wp:featuredmedia":[{"embeddable":true,"href":"https:\/\/butikhome.pl\/index.php\/wp-json\/wp\/v2\/media\/8693"}],"wp:attachment":[{"href":"https:\/\/butikhome.pl\/index.php\/wp-json\/wp\/v2\/media?parent=8072"}],"wp:term":[{"taxonomy":"product_brand","embeddable":true,"href":"https:\/\/butikhome.pl\/index.php\/wp-json\/wp\/v2\/product_brand?post=8072"},{"taxonomy":"product_cat","embeddable":true,"href":"https:\/\/butikhome.pl\/index.php\/wp-json\/wp\/v2\/product_cat?post=8072"},{"taxonomy":"product_tag","embeddable":true,"href":"https:\/\/butikhome.pl\/index.php\/wp-json\/wp\/v2\/product_tag?post=8072"}],"curies":[{"name":"wp","href":"https:\/\/api.w.org\/{rel}","templated":true}]}}