{"id":8088,"date":"2023-01-26T18:08:49","date_gmt":"2023-01-26T17:08:49","guid":{"rendered":"https:\/\/butikhome.pl\/index.php\/produkt\/figi-minima-bezowe\/"},"modified":"2023-04-14T13:09:23","modified_gmt":"2023-04-14T11:09:23","slug":"figi-minima-bezowe","status":"publish","type":"product","link":"https:\/\/butikhome.pl\/index.php\/produkt\/figi-minima-bezowe\/","title":{"rendered":"Figi Minima Be\u017cowe"},"content":{"rendered":"<p>Minima to figi, kt\u00f3re pracuj\u0105 nad twoj\u0105 sylwetk\u0105. Lekko uciskaj\u0105c j\u0105 wyszczuplaj\u0105 brzuszek i modeluj\u0105 lini\u0119 ud. Boki i ty\u0142 wykonano z oddychaj\u0105cej siateczki, zwi\u0119kszaj\u0105 komfort u\u017cytkowania. Fason nieco wy\u017cszy, bardzo wygodny. Sk\u0142ad: 58% poliamid, 42% elastan.<\/p>\n<p>&nbsp;<\/p>\n<table border=\"1\" cellspacing=\"0\" cellpadding=\"3\">\n<tbody>\n<tr>\n<td valign=\"top\" width=\"141\">Rozmiar<\/td>\n<td valign=\"top\" width=\"141\">S<\/td>\n<td valign=\"top\" width=\"142\">M<\/td>\n<td valign=\"top\" width=\"142\">L<\/td>\n<td valign=\"top\" width=\"142\">XL<\/td>\n<td valign=\"top\" width=\"142\">XXL<\/td>\n<\/tr>\n<tr>\n<td valign=\"top\" width=\"141\">Obw\u00f3d bioder<\/td>\n<td valign=\"top\" width=\"141\">85-88 cm<\/td>\n<td valign=\"top\" width=\"142\">89-92 cm<\/td>\n<td valign=\"top\" width=\"142\">93-96 cm<\/td>\n<td valign=\"top\" width=\"142\">97-100 cm<\/td>\n<td valign=\"top\" width=\"142\">101-104 cm<\/td>\n<\/tr>\n<\/tbody>\n<\/table>\n<p>&nbsp;<\/p>\n","protected":false},"excerpt":{"rendered":"<p>Minima to figi, kt\u00f3re pracuj\u0105 nad twoj\u0105 sylwetk\u0105. Lekko uciskaj\u0105c j\u0105 wyszczuplaj\u0105 brzuszek i modeluj\u0105 lini\u0119 ud. Boki i ty\u0142 wykonano z oddychaj\u0105cej siateczki, zwi\u0119kszaj\u0105 komfort u\u017cytkowania. Fason nieco wy\u017cszy, bardzo wygodny. Sk\u0142ad: 58% poliamid, 42% elastan. &nbsp; Rozmiar S M L XL XXL Obw\u00f3d bioder 85-88 cm 89-92 cm 93-96 cm 97-100 cm 101-104 &hellip; <\/p>\n","protected":false},"featured_media":8682,"comment_status":"open","ping_status":"closed","template":"","meta":[],"product_brand":[],"product_cat":[48,24,41,40,39,42,43],"product_tag":[149,263,163,83,262],"class_list":{"0":"post-8088","1":"product","2":"type-product","3":"status-publish","4":"has-post-thumbnail","6":"product_cat-majtki-podkategoria-do-bielizny","7":"product_cat-produkty","8":"product_cat-l","9":"product_cat-m","10":"product_cat-s","11":"product_cat-xl","12":"product_cat-2xl","13":"product_tag-bardzo-wygodne","14":"product_tag-boki-i-tyl-wykonany-z-oddychajacej-siateczki","15":"product_tag-modeluja-linie-ud","16":"product_tag-modelujace","17":"product_tag-wyszczuplajace-brzuszek","19":"first","20":"instock","21":"taxable","22":"shipping-taxable","23":"purchasable","24":"product-type-simple"},"_links":{"self":[{"href":"https:\/\/butikhome.pl\/index.php\/wp-json\/wp\/v2\/product\/8088","targetHints":{"allow":["GET"]}}],"collection":[{"href":"https:\/\/butikhome.pl\/index.php\/wp-json\/wp\/v2\/product"}],"about":[{"href":"https:\/\/butikhome.pl\/index.php\/wp-json\/wp\/v2\/types\/product"}],"replies":[{"embeddable":true,"href":"https:\/\/butikhome.pl\/index.php\/wp-json\/wp\/v2\/comments?post=8088"}],"wp:featuredmedia":[{"embeddable":true,"href":"https:\/\/butikhome.pl\/index.php\/wp-json\/wp\/v2\/media\/8682"}],"wp:attachment":[{"href":"https:\/\/butikhome.pl\/index.php\/wp-json\/wp\/v2\/media?parent=8088"}],"wp:term":[{"taxonomy":"product_brand","embeddable":true,"href":"https:\/\/butikhome.pl\/index.php\/wp-json\/wp\/v2\/product_brand?post=8088"},{"taxonomy":"product_cat","embeddable":true,"href":"https:\/\/butikhome.pl\/index.php\/wp-json\/wp\/v2\/product_cat?post=8088"},{"taxonomy":"product_tag","embeddable":true,"href":"https:\/\/butikhome.pl\/index.php\/wp-json\/wp\/v2\/product_tag?post=8088"}],"curies":[{"name":"wp","href":"https:\/\/api.w.org\/{rel}","templated":true}]}}