{"id":8093,"date":"2023-01-26T18:08:50","date_gmt":"2023-01-26T17:08:50","guid":{"rendered":"https:\/\/butikhome.pl\/index.php\/produkt\/figi-minima-biale\/"},"modified":"2023-04-14T13:09:16","modified_gmt":"2023-04-14T11:09:16","slug":"figi-minima-biale","status":"publish","type":"product","link":"https:\/\/butikhome.pl\/index.php\/produkt\/figi-minima-biale\/","title":{"rendered":"Figi Minima Bia\u0142e"},"content":{"rendered":"<p><span>Minima to figi, kt\u00f3re pracuj\u0105 nad twoj\u0105 sylwetk\u0105. Lekko uciskaj\u0105c j\u0105 wyszczuplaj\u0105 brzuszek i modeluj\u0105 lini\u0119 ud. Boki i ty\u0142 wykonano z oddychaj\u0105cej siateczki, zwi\u0119kszaj\u0105 komfort u\u017cytkowania. Fason nieco wy\u017cszy, bardzo wygodny. Sk\u0142ad: 58% poliamid, 42% elastan. <\/span><\/p>\n<table border=1 cellspacing=0 cellpadding=3>\n<tr>\n<td valign=top>\n<p><span>Rozmiar<\/span><\/p>\n<\/td>\n<td valign=top>\n<p><span>S<\/span><\/p>\n<\/td>\n<td valign=top>\n<p><span>M<\/span><\/p>\n<\/td>\n<td valign=top>\n<p><span>L<\/span><\/p>\n<\/td>\n<td valign=top>\n<p><span>XL<\/span><\/p>\n<\/td>\n<td valign=top>\n<p><span>XXL<\/span><\/p>\n<\/td>\n<\/tr>\n<tr>\n<td valign=top>\n<p><span>Obw\u00f3d bioder<\/span><\/p>\n<\/td>\n<td valign=top>\n<p><span>85-88 cm<\/span><\/p>\n<\/td>\n<td valign=top>\n<p><span>89-92 cm<\/span><\/p>\n<\/td>\n<td valign=top>\n<p><span>93-96 cm<\/span><\/p>\n<\/td>\n<td valign=top>\n<p><span>97-100 cm<\/span><\/p>\n<\/td>\n<td valign=top>\n<p><span>101-104 cm<\/span><\/p>\n<\/td>\n<\/tr>\n<\/table>\n<p><span>\u00a0<\/span><\/p>\n","protected":false},"excerpt":{"rendered":"<p>Minima to figi, kt\u00f3re pracuj\u0105 nad twoj\u0105 sylwetk\u0105. Lekko uciskaj\u0105c j\u0105 wyszczuplaj\u0105 brzuszek i modeluj\u0105 lini\u0119 ud. Boki i ty\u0142 wykonano z oddychaj\u0105cej siateczki, zwi\u0119kszaj\u0105 komfort u\u017cytkowania. Fason nieco wy\u017cszy, bardzo wygodny. Sk\u0142ad: 58% poliamid, 42% elastan. Rozmiar S M L XL XXL Obw\u00f3d bioder 85-88 cm 89-92 cm 93-96 cm 97-100 cm 101-104 cm &hellip; <\/p>\n","protected":false},"featured_media":8678,"comment_status":"open","ping_status":"closed","template":"","meta":[],"product_brand":[],"product_cat":[48,24,40,39,42,43],"product_tag":[],"class_list":{"0":"post-8093","1":"product","2":"type-product","3":"status-publish","4":"has-post-thumbnail","6":"product_cat-majtki-podkategoria-do-bielizny","7":"product_cat-produkty","8":"product_cat-m","9":"product_cat-s","10":"product_cat-xl","11":"product_cat-2xl","13":"first","14":"instock","15":"taxable","16":"shipping-taxable","17":"purchasable","18":"product-type-simple"},"_links":{"self":[{"href":"https:\/\/butikhome.pl\/index.php\/wp-json\/wp\/v2\/product\/8093","targetHints":{"allow":["GET"]}}],"collection":[{"href":"https:\/\/butikhome.pl\/index.php\/wp-json\/wp\/v2\/product"}],"about":[{"href":"https:\/\/butikhome.pl\/index.php\/wp-json\/wp\/v2\/types\/product"}],"replies":[{"embeddable":true,"href":"https:\/\/butikhome.pl\/index.php\/wp-json\/wp\/v2\/comments?post=8093"}],"wp:featuredmedia":[{"embeddable":true,"href":"https:\/\/butikhome.pl\/index.php\/wp-json\/wp\/v2\/media\/8678"}],"wp:attachment":[{"href":"https:\/\/butikhome.pl\/index.php\/wp-json\/wp\/v2\/media?parent=8093"}],"wp:term":[{"taxonomy":"product_brand","embeddable":true,"href":"https:\/\/butikhome.pl\/index.php\/wp-json\/wp\/v2\/product_brand?post=8093"},{"taxonomy":"product_cat","embeddable":true,"href":"https:\/\/butikhome.pl\/index.php\/wp-json\/wp\/v2\/product_cat?post=8093"},{"taxonomy":"product_tag","embeddable":true,"href":"https:\/\/butikhome.pl\/index.php\/wp-json\/wp\/v2\/product_tag?post=8093"}],"curies":[{"name":"wp","href":"https:\/\/api.w.org\/{rel}","templated":true}]}}