{"id":8103,"date":"2023-01-26T18:08:51","date_gmt":"2023-01-26T17:08:51","guid":{"rendered":"https:\/\/butikhome.pl\/index.php\/produkt\/figi-misteria-bezowe\/"},"modified":"2023-04-14T13:09:01","modified_gmt":"2023-04-14T11:09:01","slug":"figi-misteria-bezowe","status":"publish","type":"product","link":"https:\/\/butikhome.pl\/index.php\/produkt\/figi-misteria-bezowe\/","title":{"rendered":"Figi Misteria Be\u017cowe"},"content":{"rendered":"<p><span>Wygodne, nieco wy\u017csze figi, subtelnie modeluj\u0105ce rejon brzucha, kt\u00f3re uwodz\u0105 zar\u00f3wno komfortowym krojem jak i pi\u0119kn\u0105 koronk\u0105. Koronka na po\u015bladkach, seksownie je akcentuje. Sk\u0142ad: 58% poliamid, 42% elastan.<\/span><\/p>\n<p><span>\u00a0<\/span><\/p>\n","protected":false},"excerpt":{"rendered":"<p>Wygodne, nieco wy\u017csze figi, subtelnie modeluj\u0105ce rejon brzucha, kt\u00f3re uwodz\u0105 zar\u00f3wno komfortowym krojem jak i pi\u0119kn\u0105 koronk\u0105. Koronka na po\u015bladkach, seksownie je akcentuje. Sk\u0142ad: 58% poliamid, 42% elastan. \u00a0<\/p>\n","protected":false},"featured_media":8675,"comment_status":"open","ping_status":"closed","template":"","meta":[],"product_brand":[],"product_cat":[48,24,41,40,39,42],"product_tag":[],"class_list":{"0":"post-8103","1":"product","2":"type-product","3":"status-publish","4":"has-post-thumbnail","6":"product_cat-majtki-podkategoria-do-bielizny","7":"product_cat-produkty","8":"product_cat-l","9":"product_cat-m","10":"product_cat-s","11":"product_cat-xl","13":"first","14":"instock","15":"sale","16":"taxable","17":"shipping-taxable","18":"purchasable","19":"product-type-simple"},"_links":{"self":[{"href":"https:\/\/butikhome.pl\/index.php\/wp-json\/wp\/v2\/product\/8103","targetHints":{"allow":["GET"]}}],"collection":[{"href":"https:\/\/butikhome.pl\/index.php\/wp-json\/wp\/v2\/product"}],"about":[{"href":"https:\/\/butikhome.pl\/index.php\/wp-json\/wp\/v2\/types\/product"}],"replies":[{"embeddable":true,"href":"https:\/\/butikhome.pl\/index.php\/wp-json\/wp\/v2\/comments?post=8103"}],"wp:featuredmedia":[{"embeddable":true,"href":"https:\/\/butikhome.pl\/index.php\/wp-json\/wp\/v2\/media\/8675"}],"wp:attachment":[{"href":"https:\/\/butikhome.pl\/index.php\/wp-json\/wp\/v2\/media?parent=8103"}],"wp:term":[{"taxonomy":"product_brand","embeddable":true,"href":"https:\/\/butikhome.pl\/index.php\/wp-json\/wp\/v2\/product_brand?post=8103"},{"taxonomy":"product_cat","embeddable":true,"href":"https:\/\/butikhome.pl\/index.php\/wp-json\/wp\/v2\/product_cat?post=8103"},{"taxonomy":"product_tag","embeddable":true,"href":"https:\/\/butikhome.pl\/index.php\/wp-json\/wp\/v2\/product_tag?post=8103"}],"curies":[{"name":"wp","href":"https:\/\/api.w.org\/{rel}","templated":true}]}}