{"id":8120,"date":"2023-01-26T18:08:56","date_gmt":"2023-01-26T17:08:56","guid":{"rendered":"https:\/\/butikhome.pl\/index.php\/produkt\/figi-modelia-biale\/"},"modified":"2023-04-14T13:08:30","modified_gmt":"2023-04-14T11:08:30","slug":"figi-modelia-biale","status":"publish","type":"product","link":"https:\/\/butikhome.pl\/index.php\/produkt\/figi-modelia-biale\/","title":{"rendered":"Figi Modelia Bia\u0142e"},"content":{"rendered":"<p><span>Wysokie, pe\u0142ne figi koryguj\u0105ce, mocno wyszczuplaj\u0105ce. Wyko\u0144czone ta\u015bm\u0105 silikonow\u0105, by zapewni\u0107 lepsze trzymanie w g\u00f3rnej partii bielizny. Tu\u017c przy udach koronka. Ukryte pod ubraniem pozwol\u0105 wyrze\u017abi\u0107\u00a0wymarzon\u0105 sylwetk\u0119.\u00a0Warto mie\u0107 je w swojej garderobie. <\/span><\/p>\n<p><span>Wysoko\u015b\u0107 fig S-40 cm, M-41 cm, L-42 cm, XL-43 cm, XXL-44 cm.<\/span><\/p>\n<p><span>Sk\u0142ad: poliamid 58%, elastan 42%.<\/span><\/p>\n<p><span>\u00a0<\/span><\/p>\n<table border=1 cellspacing=0 cellpadding=3>\n<tr>\n<td valign=top width=141>\n<p><span>Rozmiar<\/span><\/p>\n<\/td>\n<td valign=top width=141>\n<p><span>S<\/span><\/p>\n<\/td>\n<td valign=top width=142>\n<p><span>M<\/span><\/p>\n<\/td>\n<td valign=top width=142>\n<p><span>L<\/span><\/p>\n<\/td>\n<td valign=top width=142>\n<p><span>XL<\/span><\/p>\n<\/td>\n<td valign=top width=142>\n<p><span>XXL<\/span><\/p>\n<\/td>\n<\/tr>\n<tr>\n<td valign=top width=141>\n<p><span>Obw\u00f3d bioder<\/span><\/p>\n<\/td>\n<td valign=top width=141>\n<p><span>85-88 cm<\/span><\/p>\n<\/td>\n<td valign=top width=142>\n<p><span>89-92 cm<\/span><\/p>\n<\/td>\n<td valign=top width=142>\n<p><span>93-96 cm<\/span><\/p>\n<\/td>\n<td valign=top width=142>\n<p><span>97-100 cm<\/span><\/p>\n<\/td>\n<td valign=top width=142>\n<p><span>101-104 cm<\/span><\/p>\n<\/td>\n<\/tr>\n<\/table>\n<p><span>\u00a0<\/span><\/p>\n","protected":false},"excerpt":{"rendered":"<p>Wysokie, pe\u0142ne figi koryguj\u0105ce, mocno wyszczuplaj\u0105ce. Wyko\u0144czone ta\u015bm\u0105 silikonow\u0105, by zapewni\u0107 lepsze trzymanie w g\u00f3rnej partii bielizny. Tu\u017c przy udach koronka. Ukryte pod ubraniem pozwol\u0105 wyrze\u017abi\u0107\u00a0wymarzon\u0105 sylwetk\u0119.\u00a0Warto mie\u0107 je w swojej garderobie. Wysoko\u015b\u0107 fig S-40 cm, M-41 cm, L-42 cm, XL-43 cm, XXL-44 cm. Sk\u0142ad: poliamid 58%, elastan 42%. \u00a0 Rozmiar S M L XL &hellip; <\/p>\n","protected":false},"featured_media":8667,"comment_status":"open","ping_status":"closed","template":"","meta":[],"product_brand":[],"product_cat":[48,24,41,40,39,42,43],"product_tag":[],"class_list":{"0":"post-8120","1":"product","2":"type-product","3":"status-publish","4":"has-post-thumbnail","6":"product_cat-majtki-podkategoria-do-bielizny","7":"product_cat-produkty","8":"product_cat-l","9":"product_cat-m","10":"product_cat-s","11":"product_cat-xl","12":"product_cat-2xl","14":"first","15":"instock","16":"taxable","17":"shipping-taxable","18":"purchasable","19":"product-type-simple"},"_links":{"self":[{"href":"https:\/\/butikhome.pl\/index.php\/wp-json\/wp\/v2\/product\/8120","targetHints":{"allow":["GET"]}}],"collection":[{"href":"https:\/\/butikhome.pl\/index.php\/wp-json\/wp\/v2\/product"}],"about":[{"href":"https:\/\/butikhome.pl\/index.php\/wp-json\/wp\/v2\/types\/product"}],"replies":[{"embeddable":true,"href":"https:\/\/butikhome.pl\/index.php\/wp-json\/wp\/v2\/comments?post=8120"}],"wp:featuredmedia":[{"embeddable":true,"href":"https:\/\/butikhome.pl\/index.php\/wp-json\/wp\/v2\/media\/8667"}],"wp:attachment":[{"href":"https:\/\/butikhome.pl\/index.php\/wp-json\/wp\/v2\/media?parent=8120"}],"wp:term":[{"taxonomy":"product_brand","embeddable":true,"href":"https:\/\/butikhome.pl\/index.php\/wp-json\/wp\/v2\/product_brand?post=8120"},{"taxonomy":"product_cat","embeddable":true,"href":"https:\/\/butikhome.pl\/index.php\/wp-json\/wp\/v2\/product_cat?post=8120"},{"taxonomy":"product_tag","embeddable":true,"href":"https:\/\/butikhome.pl\/index.php\/wp-json\/wp\/v2\/product_tag?post=8120"}],"curies":[{"name":"wp","href":"https:\/\/api.w.org\/{rel}","templated":true}]}}