{"id":8173,"date":"2023-01-26T18:09:06","date_gmt":"2023-01-26T17:09:06","guid":{"rendered":"https:\/\/butikhome.pl\/index.php\/produkt\/figi-navi-czarne\/"},"modified":"2023-04-14T13:07:10","modified_gmt":"2023-04-14T11:07:10","slug":"figi-navi-czarne","status":"publish","type":"product","link":"https:\/\/butikhome.pl\/index.php\/produkt\/figi-navi-czarne\/","title":{"rendered":"Figi Navi Czarne"},"content":{"rendered":"<p>Wygodne figi, kt\u00f3re rewelacyjnie prezentuj\u0105 si\u0119 na sylwetce. Model typu Clean Cut &#8211; idealnie spaja si\u0119 z cia\u0142em i nie odznacza pod odzie\u017c\u0105. Klasyczny kr\u00f3j sprytnie zestawiono tu z wykwintn\u0105 koronk\u0105 wysokiej jako\u015bci oraz delikatnym tiulem, na po\u015bladkach. Sk\u0142ad 83% poliamid, 17% elasatan.<\/p>\n<p>&nbsp;<\/p>\n<table border=\"1\" cellspacing=\"0\" cellpadding=\"3\">\n<tbody>\n<tr>\n<td valign=\"top\" width=\"141\">Rozmiar<\/td>\n<td valign=\"top\" width=\"141\">S<\/td>\n<td valign=\"top\" width=\"142\">M<\/td>\n<td valign=\"top\" width=\"142\">L<\/td>\n<td valign=\"top\" width=\"142\">XL<\/td>\n<td valign=\"top\" width=\"142\">XXL<\/td>\n<\/tr>\n<tr>\n<td valign=\"top\" width=\"141\">Obw\u00f3d bioder<\/td>\n<td valign=\"top\" width=\"141\">85-88 cm<\/td>\n<td valign=\"top\" width=\"142\">89-92 cm<\/td>\n<td valign=\"top\" width=\"142\">93-96 cm<\/td>\n<td valign=\"top\" width=\"142\">97-100 cm<\/td>\n<td valign=\"top\" width=\"142\">101-104 cm<\/td>\n<\/tr>\n<\/tbody>\n<\/table>\n<p>&nbsp;<\/p>\n","protected":false},"excerpt":{"rendered":"<p>Wygodne figi, kt\u00f3re rewelacyjnie prezentuj\u0105 si\u0119 na sylwetce. Model typu Clean Cut &#8211; idealnie spaja si\u0119 z cia\u0142em i nie odznacza pod odzie\u017c\u0105. Klasyczny kr\u00f3j sprytnie zestawiono tu z wykwintn\u0105 koronk\u0105 wysokiej jako\u015bci oraz delikatnym tiulem, na po\u015bladkach. Sk\u0142ad 83% poliamid, 17% elasatan. &nbsp; Rozmiar S M L XL XXL Obw\u00f3d bioder 85-88 cm 89-92 &hellip; <\/p>\n","protected":false},"featured_media":8646,"comment_status":"open","ping_status":"closed","template":"","meta":[],"product_brand":[],"product_cat":[48,24,41,40,39,42],"product_tag":[213,217,215,214,124,216],"class_list":{"0":"post-8173","1":"product","2":"type-product","3":"status-publish","4":"has-post-thumbnail","6":"product_cat-majtki-podkategoria-do-bielizny","7":"product_cat-produkty","8":"product_cat-l","9":"product_cat-m","10":"product_cat-s","11":"product_cat-xl","12":"product_tag-clean-cut","13":"product_tag-delikatny-kroj","14":"product_tag-nie-odznacza-sie-pod-ubraniem","15":"product_tag-spaja-sie-z-cialem","16":"product_tag-wygodne-figi","17":"product_tag-wykwintna-koronka","19":"first","20":"instock","21":"taxable","22":"shipping-taxable","23":"purchasable","24":"product-type-simple"},"_links":{"self":[{"href":"https:\/\/butikhome.pl\/index.php\/wp-json\/wp\/v2\/product\/8173","targetHints":{"allow":["GET"]}}],"collection":[{"href":"https:\/\/butikhome.pl\/index.php\/wp-json\/wp\/v2\/product"}],"about":[{"href":"https:\/\/butikhome.pl\/index.php\/wp-json\/wp\/v2\/types\/product"}],"replies":[{"embeddable":true,"href":"https:\/\/butikhome.pl\/index.php\/wp-json\/wp\/v2\/comments?post=8173"}],"wp:featuredmedia":[{"embeddable":true,"href":"https:\/\/butikhome.pl\/index.php\/wp-json\/wp\/v2\/media\/8646"}],"wp:attachment":[{"href":"https:\/\/butikhome.pl\/index.php\/wp-json\/wp\/v2\/media?parent=8173"}],"wp:term":[{"taxonomy":"product_brand","embeddable":true,"href":"https:\/\/butikhome.pl\/index.php\/wp-json\/wp\/v2\/product_brand?post=8173"},{"taxonomy":"product_cat","embeddable":true,"href":"https:\/\/butikhome.pl\/index.php\/wp-json\/wp\/v2\/product_cat?post=8173"},{"taxonomy":"product_tag","embeddable":true,"href":"https:\/\/butikhome.pl\/index.php\/wp-json\/wp\/v2\/product_tag?post=8173"}],"curies":[{"name":"wp","href":"https:\/\/api.w.org\/{rel}","templated":true}]}}