{"id":8185,"date":"2023-01-26T18:09:08","date_gmt":"2023-01-26T17:09:08","guid":{"rendered":"https:\/\/butikhome.pl\/index.php\/produkt\/figi-nietopeszyca-2508\/"},"modified":"2023-04-14T13:06:39","modified_gmt":"2023-04-14T11:06:39","slug":"figi-nietopeszyca-2508","status":"publish","type":"product","link":"https:\/\/butikhome.pl\/index.php\/produkt\/figi-nietopeszyca-2508\/","title":{"rendered":"Figi Nietopeszyca 2508"},"content":{"rendered":"<p><span>Poznaj najnowsz\u0105 kolekcj\u0119 bielizny producenta Wol-bar!\u00a0Linia Funny to pomys\u0142owe, zabawne nadruki, ciekawa kolorystyka oraz przede wszystkim najwy\u017csza jako\u015b\u0107 (naturalne w\u0142\u00f3kna, najlepsze dzianiny oraz fason, kt\u00f3ry zadba o Tw\u00f3j komfort i wygod\u0119). W tej ods\u0142onie &#8211; prawie Drakula czyli s\u0142odki, fioletowy nietoperz z dwoma ostrymi k\u0142ami&#8230;<\/span><\/p>\n<table border=1 cellspacing=0 cellpadding=3>\n<tr>\n<td valign=top width=141>\n<p><span>Rozmiar<\/span><\/p>\n<\/td>\n<td valign=top width=141>\n<p><span>S<\/span><\/p>\n<\/td>\n<td valign=top width=142>\n<p><span>M<\/span><\/p>\n<\/td>\n<td valign=top width=142>\n<p><span>L<\/span><\/p>\n<\/td>\n<td valign=top width=142>\n<p><span>XL<\/span><\/p>\n<\/td>\n<td valign=top width=142>\n<p><span>XXL<\/span><\/p>\n<\/td>\n<\/tr>\n<tr>\n<td valign=top width=141>\n<p><span>Obw\u00f3d bioder<\/span><\/p>\n<\/td>\n<td valign=top width=141>\n<p><span>85-88 cm<\/span><\/p>\n<\/td>\n<td valign=top width=142>\n<p><span>89-92 cm<\/span><\/p>\n<\/td>\n<td valign=top width=142>\n<p><span>93-96 cm<\/span><\/p>\n<\/td>\n<td valign=top width=142>\n<p><span>97-100 cm<\/span><\/p>\n<\/td>\n<td valign=top width=142>\n<p><span>101-104 cm<\/span><\/p>\n<\/td>\n<\/tr>\n<\/table>\n<p><span>\u00a0<\/span><\/p>\n","protected":false},"excerpt":{"rendered":"<p>Poznaj najnowsz\u0105 kolekcj\u0119 bielizny producenta Wol-bar!\u00a0Linia Funny to pomys\u0142owe, zabawne nadruki, ciekawa kolorystyka oraz przede wszystkim najwy\u017csza jako\u015b\u0107 (naturalne w\u0142\u00f3kna, najlepsze dzianiny oraz fason, kt\u00f3ry zadba o Tw\u00f3j komfort i wygod\u0119). W tej ods\u0142onie &#8211; prawie Drakula czyli s\u0142odki, fioletowy nietoperz z dwoma ostrymi k\u0142ami&#8230; Rozmiar S M L XL XXL Obw\u00f3d bioder 85-88 cm &hellip; <\/p>\n","protected":false},"featured_media":8642,"comment_status":"open","ping_status":"closed","template":"","meta":[],"product_brand":[],"product_cat":[48,24,41,40,39,42,37],"product_tag":[],"class_list":{"0":"post-8185","1":"product","2":"type-product","3":"status-publish","4":"has-post-thumbnail","6":"product_cat-majtki-podkategoria-do-bielizny","7":"product_cat-produkty","8":"product_cat-l","9":"product_cat-m","10":"product_cat-s","11":"product_cat-xl","12":"product_cat-xs","14":"first","15":"instock","16":"taxable","17":"shipping-taxable","18":"purchasable","19":"product-type-simple"},"_links":{"self":[{"href":"https:\/\/butikhome.pl\/index.php\/wp-json\/wp\/v2\/product\/8185","targetHints":{"allow":["GET"]}}],"collection":[{"href":"https:\/\/butikhome.pl\/index.php\/wp-json\/wp\/v2\/product"}],"about":[{"href":"https:\/\/butikhome.pl\/index.php\/wp-json\/wp\/v2\/types\/product"}],"replies":[{"embeddable":true,"href":"https:\/\/butikhome.pl\/index.php\/wp-json\/wp\/v2\/comments?post=8185"}],"wp:featuredmedia":[{"embeddable":true,"href":"https:\/\/butikhome.pl\/index.php\/wp-json\/wp\/v2\/media\/8642"}],"wp:attachment":[{"href":"https:\/\/butikhome.pl\/index.php\/wp-json\/wp\/v2\/media?parent=8185"}],"wp:term":[{"taxonomy":"product_brand","embeddable":true,"href":"https:\/\/butikhome.pl\/index.php\/wp-json\/wp\/v2\/product_brand?post=8185"},{"taxonomy":"product_cat","embeddable":true,"href":"https:\/\/butikhome.pl\/index.php\/wp-json\/wp\/v2\/product_cat?post=8185"},{"taxonomy":"product_tag","embeddable":true,"href":"https:\/\/butikhome.pl\/index.php\/wp-json\/wp\/v2\/product_tag?post=8185"}],"curies":[{"name":"wp","href":"https:\/\/api.w.org\/{rel}","templated":true}]}}