{"id":8204,"date":"2023-01-26T18:09:11","date_gmt":"2023-01-26T17:09:11","guid":{"rendered":"https:\/\/butikhome.pl\/index.php\/produkt\/figi-nova-biale\/"},"modified":"2023-04-14T13:05:56","modified_gmt":"2023-04-14T11:05:56","slug":"figi-nova-biale","status":"publish","type":"product","link":"https:\/\/butikhome.pl\/index.php\/produkt\/figi-nova-biale\/","title":{"rendered":"Figi Nova Bia\u0142e"},"content":{"rendered":"<p>Koronkowe i niesamowicie pi\u0119kne, nieco pe\u0142niejsze figi Nova, marki Wolbar. Masz ochot\u0119 rozpocz\u0105\u0107 dzie\u0144 od tej cudownej, bardzo kobiecej tkaniny? &#8211; \u015bmia\u0142o si\u0119gnij po t\u0105 bielizn\u0119, kt\u00f3r\u0105 a\u017c mi\u0142o mie\u0107 na sobie. Koronka delikatna i elastyczna, od razu pozwala czu\u0107 si\u0119 pi\u0119knie. Sk\u0142ad: 83% poliamid, 17% elastan.<\/p>\n<p>&nbsp;<\/p>\n<table border=\"1\" cellspacing=\"0\" cellpadding=\"3\">\n<tbody>\n<tr>\n<td valign=\"top\" width=\"141\">Rozmiar<\/td>\n<td valign=\"top\" width=\"141\">S<\/td>\n<td valign=\"top\" width=\"142\">M<\/td>\n<td valign=\"top\" width=\"142\">L<\/td>\n<td valign=\"top\" width=\"142\">XL<\/td>\n<td valign=\"top\" width=\"142\">XXL<\/td>\n<\/tr>\n<tr>\n<td valign=\"top\" width=\"141\">Obw\u00f3d bioder<\/td>\n<td valign=\"top\" width=\"141\">85-88 cm<\/td>\n<td valign=\"top\" width=\"142\">89-92 cm<\/td>\n<td valign=\"top\" width=\"142\">93-96 cm<\/td>\n<td valign=\"top\" width=\"142\">97-100 cm<\/td>\n<td valign=\"top\" width=\"142\">101-104 cm<\/td>\n<\/tr>\n<\/tbody>\n<\/table>\n<p>&nbsp;<\/p>\n","protected":false},"excerpt":{"rendered":"<p>Koronkowe i niesamowicie pi\u0119kne, nieco pe\u0142niejsze figi Nova, marki Wolbar. Masz ochot\u0119 rozpocz\u0105\u0107 dzie\u0144 od tej cudownej, bardzo kobiecej tkaniny? &#8211; \u015bmia\u0142o si\u0119gnij po t\u0105 bielizn\u0119, kt\u00f3r\u0105 a\u017c mi\u0142o mie\u0107 na sobie. Koronka delikatna i elastyczna, od razu pozwala czu\u0107 si\u0119 pi\u0119knie. Sk\u0142ad: 83% poliamid, 17% elastan. &nbsp; Rozmiar S M L XL XXL Obw\u00f3d &hellip; <\/p>\n","protected":false},"featured_media":8633,"comment_status":"open","ping_status":"closed","template":"","meta":[],"product_brand":[],"product_cat":[48,24,41,40,39,42],"product_tag":[147,193,194],"class_list":{"0":"post-8204","1":"product","2":"type-product","3":"status-publish","4":"has-post-thumbnail","6":"product_cat-majtki-podkategoria-do-bielizny","7":"product_cat-produkty","8":"product_cat-l","9":"product_cat-m","10":"product_cat-s","11":"product_cat-xl","12":"product_tag-bardzo-kobiece","13":"product_tag-koronkow-piekne","14":"product_tag-koronkowex","16":"first","17":"instock","18":"taxable","19":"shipping-taxable","20":"purchasable","21":"product-type-simple"},"_links":{"self":[{"href":"https:\/\/butikhome.pl\/index.php\/wp-json\/wp\/v2\/product\/8204","targetHints":{"allow":["GET"]}}],"collection":[{"href":"https:\/\/butikhome.pl\/index.php\/wp-json\/wp\/v2\/product"}],"about":[{"href":"https:\/\/butikhome.pl\/index.php\/wp-json\/wp\/v2\/types\/product"}],"replies":[{"embeddable":true,"href":"https:\/\/butikhome.pl\/index.php\/wp-json\/wp\/v2\/comments?post=8204"}],"wp:featuredmedia":[{"embeddable":true,"href":"https:\/\/butikhome.pl\/index.php\/wp-json\/wp\/v2\/media\/8633"}],"wp:attachment":[{"href":"https:\/\/butikhome.pl\/index.php\/wp-json\/wp\/v2\/media?parent=8204"}],"wp:term":[{"taxonomy":"product_brand","embeddable":true,"href":"https:\/\/butikhome.pl\/index.php\/wp-json\/wp\/v2\/product_brand?post=8204"},{"taxonomy":"product_cat","embeddable":true,"href":"https:\/\/butikhome.pl\/index.php\/wp-json\/wp\/v2\/product_cat?post=8204"},{"taxonomy":"product_tag","embeddable":true,"href":"https:\/\/butikhome.pl\/index.php\/wp-json\/wp\/v2\/product_tag?post=8204"}],"curies":[{"name":"wp","href":"https:\/\/api.w.org\/{rel}","templated":true}]}}