{"id":8207,"date":"2023-01-26T18:09:11","date_gmt":"2023-01-26T17:09:11","guid":{"rendered":"https:\/\/butikhome.pl\/index.php\/produkt\/figi-nova-czarne\/"},"modified":"2023-04-14T13:05:49","modified_gmt":"2023-04-14T11:05:49","slug":"figi-nova-czarne","status":"publish","type":"product","link":"https:\/\/butikhome.pl\/index.php\/produkt\/figi-nova-czarne\/","title":{"rendered":"Figi Nova Czarne"},"content":{"rendered":"<p><span>Koronkowe i niesamowicie pi\u0119kne, nieco pe\u0142niejsze figi Nova, marki Wolbar. Masz ochot\u0119 rozpocz\u0105\u0107 dzie\u0144 od tej cudownej, bardzo kobiecej tkaniny? &#8211; \u015bmia\u0142o si\u0119gnij po t\u0105 bielizn\u0119, kt\u00f3r\u0105 a\u017c mi\u0142o mie\u0107 na sobie. Koronka delikatna i elastyczna, od razu pozwala czu\u0107 si\u0119 pi\u0119knie. Sk\u0142ad: 83% poliamid, 17% elastan.<\/span><\/p>\n<p><span>\u00a0<\/span><\/p>\n<table border=1 cellspacing=0 cellpadding=3>\n<tr>\n<td valign=top width=141>\n<p><span>Rozmiar<\/span><\/p>\n<\/td>\n<td valign=top width=141>\n<p><span>S<\/span><\/p>\n<\/td>\n<td valign=top width=142>\n<p><span>M<\/span><\/p>\n<\/td>\n<td valign=top width=142>\n<p><span>L<\/span><\/p>\n<\/td>\n<td valign=top width=142>\n<p><span>XL<\/span><\/p>\n<\/td>\n<td valign=top width=142>\n<p><span>XXL<\/span><\/p>\n<\/td>\n<\/tr>\n<tr>\n<td valign=top width=141>\n<p><span>Obw\u00f3d bioder<\/span><\/p>\n<\/td>\n<td valign=top width=141>\n<p><span>85-88 cm<\/span><\/p>\n<\/td>\n<td valign=top width=142>\n<p><span>89-92 cm<\/span><\/p>\n<\/td>\n<td valign=top width=142>\n<p><span>93-96 cm<\/span><\/p>\n<\/td>\n<td valign=top width=142>\n<p><span>97-100 cm<\/span><\/p>\n<\/td>\n<td valign=top width=142>\n<p><span>101-104 cm<\/span><\/p>\n<\/td>\n<\/tr>\n<\/table>\n<p><span>\u00a0<\/span><\/p>\n","protected":false},"excerpt":{"rendered":"<p>Koronkowe i niesamowicie pi\u0119kne, nieco pe\u0142niejsze figi Nova, marki Wolbar. Masz ochot\u0119 rozpocz\u0105\u0107 dzie\u0144 od tej cudownej, bardzo kobiecej tkaniny? &#8211; \u015bmia\u0142o si\u0119gnij po t\u0105 bielizn\u0119, kt\u00f3r\u0105 a\u017c mi\u0142o mie\u0107 na sobie. Koronka delikatna i elastyczna, od razu pozwala czu\u0107 si\u0119 pi\u0119knie. Sk\u0142ad: 83% poliamid, 17% elastan. \u00a0 Rozmiar S M L XL XXL Obw\u00f3d &hellip; <\/p>\n","protected":false},"featured_media":8631,"comment_status":"open","ping_status":"closed","template":"","meta":[],"product_brand":[],"product_cat":[48,24,41,39,42],"product_tag":[],"class_list":{"0":"post-8207","1":"product","2":"type-product","3":"status-publish","4":"has-post-thumbnail","6":"product_cat-majtki-podkategoria-do-bielizny","7":"product_cat-produkty","8":"product_cat-l","9":"product_cat-s","10":"product_cat-xl","12":"first","13":"instock","14":"taxable","15":"shipping-taxable","16":"purchasable","17":"product-type-simple"},"_links":{"self":[{"href":"https:\/\/butikhome.pl\/index.php\/wp-json\/wp\/v2\/product\/8207","targetHints":{"allow":["GET"]}}],"collection":[{"href":"https:\/\/butikhome.pl\/index.php\/wp-json\/wp\/v2\/product"}],"about":[{"href":"https:\/\/butikhome.pl\/index.php\/wp-json\/wp\/v2\/types\/product"}],"replies":[{"embeddable":true,"href":"https:\/\/butikhome.pl\/index.php\/wp-json\/wp\/v2\/comments?post=8207"}],"wp:featuredmedia":[{"embeddable":true,"href":"https:\/\/butikhome.pl\/index.php\/wp-json\/wp\/v2\/media\/8631"}],"wp:attachment":[{"href":"https:\/\/butikhome.pl\/index.php\/wp-json\/wp\/v2\/media?parent=8207"}],"wp:term":[{"taxonomy":"product_brand","embeddable":true,"href":"https:\/\/butikhome.pl\/index.php\/wp-json\/wp\/v2\/product_brand?post=8207"},{"taxonomy":"product_cat","embeddable":true,"href":"https:\/\/butikhome.pl\/index.php\/wp-json\/wp\/v2\/product_cat?post=8207"},{"taxonomy":"product_tag","embeddable":true,"href":"https:\/\/butikhome.pl\/index.php\/wp-json\/wp\/v2\/product_tag?post=8207"}],"curies":[{"name":"wp","href":"https:\/\/api.w.org\/{rel}","templated":true}]}}