{"id":8222,"date":"2023-01-26T18:09:13","date_gmt":"2023-01-26T17:09:13","guid":{"rendered":"https:\/\/butikhome.pl\/index.php\/produkt\/figi-poly-ii-czarne\/"},"modified":"2023-04-14T12:51:05","modified_gmt":"2023-04-14T10:51:05","slug":"figi-poly-ii-czarne","status":"publish","type":"product","link":"https:\/\/butikhome.pl\/index.php\/produkt\/figi-poly-ii-czarne\/","title":{"rendered":"Figi Poly II Czarne"},"content":{"rendered":"<p><span>Bardzo zgrabne figi z transparentnymi bokami, kt\u00f3re dodatkowo podkre\u015blono subtelnym haftem wok\u00f3\u0142 ud. Kr\u00f3j, kt\u00f3ry optycznie wyd\u0142u\u017ca nogi daj\u0105c sexy efekt. Sk\u0142ad: 83% poliamid, 17% elastan.<\/span><\/p>\n<p><span>\u00a0<\/span><\/p>\n<table border=1 cellspacing=0 cellpadding=3>\n<tr>\n<td valign=top>\n<p><span>Rozmiar<\/span><\/p>\n<\/td>\n<td valign=top>\n<p><span>S<\/span><\/p>\n<\/td>\n<td valign=top>\n<p><span>M<\/span><\/p>\n<\/td>\n<td valign=top>\n<p><span>L<\/span><\/p>\n<\/td>\n<td valign=top>\n<p><span>XL<\/span><\/p>\n<\/td>\n<td valign=top>\n<p><span>XXL<\/span><\/p>\n<\/td>\n<\/tr>\n<tr>\n<td valign=top>\n<p><span>Obw\u00f3d bioder<\/span><\/p>\n<\/td>\n<td valign=top>\n<p><span>85-88 cm<\/span><\/p>\n<\/td>\n<td valign=top>\n<p><span>89-92 cm<\/span><\/p>\n<\/td>\n<td valign=top>\n<p><span>93-96 cm<\/span><\/p>\n<\/td>\n<td valign=top>\n<p><span>97-100 cm<\/span><\/p>\n<\/td>\n<td valign=top>\n<p><span>101-104 cm<\/span><\/p>\n<\/td>\n<\/tr>\n<\/table>\n<p><span>\u00a0<\/span><\/p>\n","protected":false},"excerpt":{"rendered":"<p>Bardzo zgrabne figi z transparentnymi bokami, kt\u00f3re dodatkowo podkre\u015blono subtelnym haftem wok\u00f3\u0142 ud. Kr\u00f3j, kt\u00f3ry optycznie wyd\u0142u\u017ca nogi daj\u0105c sexy efekt. Sk\u0142ad: 83% poliamid, 17% elastan. \u00a0 Rozmiar S M L XL XXL Obw\u00f3d bioder 85-88 cm 89-92 cm 93-96 cm 97-100 cm 101-104 cm \u00a0<\/p>\n","protected":false},"featured_media":8625,"comment_status":"open","ping_status":"closed","template":"","meta":[],"product_brand":[],"product_cat":[48,24,40,42],"product_tag":[],"class_list":{"0":"post-8222","1":"product","2":"type-product","3":"status-publish","4":"has-post-thumbnail","6":"product_cat-majtki-podkategoria-do-bielizny","7":"product_cat-produkty","8":"product_cat-m","9":"product_cat-xl","11":"first","12":"instock","13":"taxable","14":"shipping-taxable","15":"purchasable","16":"product-type-simple"},"_links":{"self":[{"href":"https:\/\/butikhome.pl\/index.php\/wp-json\/wp\/v2\/product\/8222","targetHints":{"allow":["GET"]}}],"collection":[{"href":"https:\/\/butikhome.pl\/index.php\/wp-json\/wp\/v2\/product"}],"about":[{"href":"https:\/\/butikhome.pl\/index.php\/wp-json\/wp\/v2\/types\/product"}],"replies":[{"embeddable":true,"href":"https:\/\/butikhome.pl\/index.php\/wp-json\/wp\/v2\/comments?post=8222"}],"wp:featuredmedia":[{"embeddable":true,"href":"https:\/\/butikhome.pl\/index.php\/wp-json\/wp\/v2\/media\/8625"}],"wp:attachment":[{"href":"https:\/\/butikhome.pl\/index.php\/wp-json\/wp\/v2\/media?parent=8222"}],"wp:term":[{"taxonomy":"product_brand","embeddable":true,"href":"https:\/\/butikhome.pl\/index.php\/wp-json\/wp\/v2\/product_brand?post=8222"},{"taxonomy":"product_cat","embeddable":true,"href":"https:\/\/butikhome.pl\/index.php\/wp-json\/wp\/v2\/product_cat?post=8222"},{"taxonomy":"product_tag","embeddable":true,"href":"https:\/\/butikhome.pl\/index.php\/wp-json\/wp\/v2\/product_tag?post=8222"}],"curies":[{"name":"wp","href":"https:\/\/api.w.org\/{rel}","templated":true}]}}