{"id":8236,"date":"2023-01-26T18:09:16","date_gmt":"2023-01-26T17:09:16","guid":{"rendered":"https:\/\/butikhome.pl\/index.php\/produkt\/figi-preciosa-czarne\/"},"modified":"2023-04-14T12:50:37","modified_gmt":"2023-04-14T10:50:37","slug":"figi-preciosa-czarne","status":"publish","type":"product","link":"https:\/\/butikhome.pl\/index.php\/produkt\/figi-preciosa-czarne\/","title":{"rendered":"Figi Preciosa Czarne"},"content":{"rendered":"<p>Wysokie figi, kt\u00f3re w dolnej cz\u0119\u015bci kusz\u0105 pi\u0119kn\u0105, a\u017curow\u0105 koronk\u0105, a w g\u00f3rnej cz\u0119\u015bci pracuj\u0105 nad twoj\u0105 sylwetk\u0105. Lekko uciskaj\u0105c j\u0105, wyszczuplaj\u0105 brzuszek, wydobywaj\u0105 tali\u0119 i modeluj\u0105 lini\u0119 ud. Wykonane z mi\u0119kkiej tkaniny. Od wewn\u0105trz silikonowa ta\u015bma, kt\u00f3ra pozwala trzyma\u0107 bielizn\u0119 na swoim miejscu (figi nie zsuwaj\u0105 si\u0119). Koronka zdecydowanie zachwyca spojrzenie i podkre\u015bla po\u015bladki. Bielizna do zada\u0144 specjalnych jeszcze nigdy chyba nie by\u0142a tak sexy! Sk\u0142ad: 59% poliamid, 41% elastan.<\/p>\n<table border=\"1\" cellspacing=\"0\" cellpadding=\"3\">\n<tbody>\n<tr>\n<td valign=\"top\" width=\"141\">Rozmiar<\/td>\n<td valign=\"top\" width=\"141\">S<\/td>\n<td valign=\"top\" width=\"142\">M<\/td>\n<td valign=\"top\" width=\"142\">L<\/td>\n<td valign=\"top\" width=\"142\">XL<\/td>\n<td valign=\"top\" width=\"142\">XXL<\/td>\n<\/tr>\n<tr>\n<td valign=\"top\" width=\"141\">Obw\u00f3d bioder<\/td>\n<td valign=\"top\" width=\"141\">85-88 cm<\/td>\n<td valign=\"top\" width=\"142\">89-92 cm<\/td>\n<td valign=\"top\" width=\"142\">93-96 cm<\/td>\n<td valign=\"top\" width=\"142\">97-100 cm<\/td>\n<td valign=\"top\" width=\"142\">101-104 cm<\/td>\n<\/tr>\n<\/tbody>\n<\/table>\n<p>&nbsp;<\/p>\n","protected":false},"excerpt":{"rendered":"<p>Wysokie figi, kt\u00f3re w dolnej cz\u0119\u015bci kusz\u0105 pi\u0119kn\u0105, a\u017curow\u0105 koronk\u0105, a w g\u00f3rnej cz\u0119\u015bci pracuj\u0105 nad twoj\u0105 sylwetk\u0105. Lekko uciskaj\u0105c j\u0105, wyszczuplaj\u0105 brzuszek, wydobywaj\u0105 tali\u0119 i modeluj\u0105 lini\u0119 ud. Wykonane z mi\u0119kkiej tkaniny. Od wewn\u0105trz silikonowa ta\u015bma, kt\u00f3ra pozwala trzyma\u0107 bielizn\u0119 na swoim miejscu (figi nie zsuwaj\u0105 si\u0119). Koronka zdecydowanie zachwyca spojrzenie i podkre\u015bla po\u015bladki. &hellip; <\/p>\n","protected":false},"featured_media":8619,"comment_status":"open","ping_status":"closed","template":"","meta":[],"product_brand":[],"product_cat":[48,24,40,42],"product_tag":[],"class_list":{"0":"post-8236","1":"product","2":"type-product","3":"status-publish","4":"has-post-thumbnail","6":"product_cat-majtki-podkategoria-do-bielizny","7":"product_cat-produkty","8":"product_cat-m","9":"product_cat-xl","11":"first","12":"instock","13":"taxable","14":"shipping-taxable","15":"purchasable","16":"product-type-simple"},"_links":{"self":[{"href":"https:\/\/butikhome.pl\/index.php\/wp-json\/wp\/v2\/product\/8236","targetHints":{"allow":["GET"]}}],"collection":[{"href":"https:\/\/butikhome.pl\/index.php\/wp-json\/wp\/v2\/product"}],"about":[{"href":"https:\/\/butikhome.pl\/index.php\/wp-json\/wp\/v2\/types\/product"}],"replies":[{"embeddable":true,"href":"https:\/\/butikhome.pl\/index.php\/wp-json\/wp\/v2\/comments?post=8236"}],"wp:featuredmedia":[{"embeddable":true,"href":"https:\/\/butikhome.pl\/index.php\/wp-json\/wp\/v2\/media\/8619"}],"wp:attachment":[{"href":"https:\/\/butikhome.pl\/index.php\/wp-json\/wp\/v2\/media?parent=8236"}],"wp:term":[{"taxonomy":"product_brand","embeddable":true,"href":"https:\/\/butikhome.pl\/index.php\/wp-json\/wp\/v2\/product_brand?post=8236"},{"taxonomy":"product_cat","embeddable":true,"href":"https:\/\/butikhome.pl\/index.php\/wp-json\/wp\/v2\/product_cat?post=8236"},{"taxonomy":"product_tag","embeddable":true,"href":"https:\/\/butikhome.pl\/index.php\/wp-json\/wp\/v2\/product_tag?post=8236"}],"curies":[{"name":"wp","href":"https:\/\/api.w.org\/{rel}","templated":true}]}}