{"id":8256,"date":"2023-01-26T18:09:18","date_gmt":"2023-01-26T17:09:18","guid":{"rendered":"https:\/\/butikhome.pl\/index.php\/produkt\/figi-promessa-czarne\/"},"modified":"2023-04-14T12:49:59","modified_gmt":"2023-04-14T10:49:59","slug":"figi-promessa-czarne","status":"publish","type":"product","link":"https:\/\/butikhome.pl\/index.php\/produkt\/figi-promessa-czarne\/","title":{"rendered":"Figi Promessa Czarne"},"content":{"rendered":"<p>Promessa to subtelnie modeluj\u0105ce sylwetk\u0119, g\u0142adkie figi ci\u0119te laserowo, o mi\u0119kkich, p\u0142askich szwach. To bielizna, kt\u00f3r\u0105 z powodzeniem mo\u017cesz za\u0142o\u017cy\u0107 na co dzie\u0144. Idealnie wpasuj\u0105 si\u0119 pod ubranie, a przy okazji s\u0105 bardzo wygodne. Kr\u00f3j wy\u017cszy, po\u015bladki zdobione delikatn\u0105 koronk\u0105. Sk\u0142ad: 58% poliamid, 42% elastan.<\/p>\n<table border=\"1\" cellspacing=\"0\" cellpadding=\"3\">\n<tbody>\n<tr>\n<td valign=\"top\" width=\"141\">Rozmiar<\/td>\n<td valign=\"top\" width=\"141\">S<\/td>\n<td valign=\"top\" width=\"142\">M<\/td>\n<td valign=\"top\" width=\"142\">L<\/td>\n<td valign=\"top\" width=\"142\">XL<\/td>\n<td valign=\"top\" width=\"142\">XXL<\/td>\n<\/tr>\n<tr>\n<td valign=\"top\" width=\"141\">Obw\u00f3d bioder<\/td>\n<td valign=\"top\" width=\"141\">85-88 cm<\/td>\n<td valign=\"top\" width=\"142\">89-92 cm<\/td>\n<td valign=\"top\" width=\"142\">93-96 cm<\/td>\n<td valign=\"top\" width=\"142\">97-100 cm<\/td>\n<td valign=\"top\" width=\"142\">101-104 cm<\/td>\n<\/tr>\n<\/tbody>\n<\/table>\n<p>&nbsp;<\/p>\n","protected":false},"excerpt":{"rendered":"<p>Promessa to subtelnie modeluj\u0105ce sylwetk\u0119, g\u0142adkie figi ci\u0119te laserowo, o mi\u0119kkich, p\u0142askich szwach. To bielizna, kt\u00f3r\u0105 z powodzeniem mo\u017cesz za\u0142o\u017cy\u0107 na co dzie\u0144. Idealnie wpasuj\u0105 si\u0119 pod ubranie, a przy okazji s\u0105 bardzo wygodne. Kr\u00f3j wy\u017cszy, po\u015bladki zdobione delikatn\u0105 koronk\u0105. Sk\u0142ad: 58% poliamid, 42% elastan. Rozmiar S M L XL XXL Obw\u00f3d bioder 85-88 cm &hellip; <\/p>\n","protected":false},"featured_media":8611,"comment_status":"open","ping_status":"closed","template":"","meta":[],"product_brand":[],"product_cat":[48,24,40],"product_tag":[149,154,155,153,100,65],"class_list":{"0":"post-8256","1":"product","2":"type-product","3":"status-publish","4":"has-post-thumbnail","6":"product_cat-majtki-podkategoria-do-bielizny","7":"product_cat-produkty","8":"product_cat-m","9":"product_tag-bardzo-wygodne","10":"product_tag-plaskie-szwy","11":"product_tag-posladki-ozdobione-koronka","12":"product_tag-subtelnie-modelujace-sylwetke","13":"product_tag-wycinane-laserowo","14":"product_tag-wyzszy-stan","16":"first","17":"instock","18":"taxable","19":"shipping-taxable","20":"purchasable","21":"product-type-simple"},"_links":{"self":[{"href":"https:\/\/butikhome.pl\/index.php\/wp-json\/wp\/v2\/product\/8256","targetHints":{"allow":["GET"]}}],"collection":[{"href":"https:\/\/butikhome.pl\/index.php\/wp-json\/wp\/v2\/product"}],"about":[{"href":"https:\/\/butikhome.pl\/index.php\/wp-json\/wp\/v2\/types\/product"}],"replies":[{"embeddable":true,"href":"https:\/\/butikhome.pl\/index.php\/wp-json\/wp\/v2\/comments?post=8256"}],"wp:featuredmedia":[{"embeddable":true,"href":"https:\/\/butikhome.pl\/index.php\/wp-json\/wp\/v2\/media\/8611"}],"wp:attachment":[{"href":"https:\/\/butikhome.pl\/index.php\/wp-json\/wp\/v2\/media?parent=8256"}],"wp:term":[{"taxonomy":"product_brand","embeddable":true,"href":"https:\/\/butikhome.pl\/index.php\/wp-json\/wp\/v2\/product_brand?post=8256"},{"taxonomy":"product_cat","embeddable":true,"href":"https:\/\/butikhome.pl\/index.php\/wp-json\/wp\/v2\/product_cat?post=8256"},{"taxonomy":"product_tag","embeddable":true,"href":"https:\/\/butikhome.pl\/index.php\/wp-json\/wp\/v2\/product_tag?post=8256"}],"curies":[{"name":"wp","href":"https:\/\/api.w.org\/{rel}","templated":true}]}}