{"id":8309,"date":"2023-01-26T18:09:27","date_gmt":"2023-01-26T17:09:27","guid":{"rendered":"https:\/\/butikhome.pl\/index.php\/produkt\/figi-sara-ii-new-czarne\/"},"modified":"2023-04-14T12:48:03","modified_gmt":"2023-04-14T10:48:03","slug":"figi-sara-ii-new-czarne","status":"publish","type":"product","link":"https:\/\/butikhome.pl\/index.php\/produkt\/figi-sara-ii-new-czarne\/","title":{"rendered":"Figi Sara II New Czarne"},"content":{"rendered":"<p><span>Wygodne figi o klasycznej linii i nieco wy\u017cszym stanie. G\u0142adkie, dopieszczone pi\u0119kn\u0105 koronk\u0105, kt\u00f3ra dekoruje uda oraz male\u0144k\u0105 kokardk\u0105 na \u015brodku. Materia\u0142: mi\u0119kka, elastyczna mikrofibra &#8211; poliamid 83%, elastan 17%.<\/span><\/p>\n<p><span>\u00a0<\/span><\/p>\n<table border=1 cellspacing=0 cellpadding=3>\n<tr>\n<td valign=top width=141>\n<p><span>Rozmiar<\/span><\/p>\n<\/td>\n<td valign=top width=141>\n<p><span>S<\/span><\/p>\n<\/td>\n<td valign=top width=142>\n<p><span>M<\/span><\/p>\n<\/td>\n<td valign=top width=142>\n<p><span>L<\/span><\/p>\n<\/td>\n<td valign=top width=142>\n<p><span>XL<\/span><\/p>\n<\/td>\n<td valign=top width=142>\n<p><span>XXL<\/span><\/p>\n<\/td>\n<\/tr>\n<tr>\n<td valign=top width=141>\n<p><span>Obw\u00f3d bioder<\/span><\/p>\n<\/td>\n<td valign=top width=141>\n<p><span>85-88 cm<\/span><\/p>\n<\/td>\n<td valign=top width=142>\n<p><span>89-92 cm<\/span><\/p>\n<\/td>\n<td valign=top width=142>\n<p><span>93-96 cm<\/span><\/p>\n<\/td>\n<td valign=top width=142>\n<p><span>97-100 cm<\/span><\/p>\n<\/td>\n<td valign=top width=142>\n<p><span>101-104 cm<\/span><\/p>\n<\/td>\n<\/tr>\n<\/table>\n<p><span>\u00a0<\/span><\/p>\n","protected":false},"excerpt":{"rendered":"<p>Wygodne figi o klasycznej linii i nieco wy\u017cszym stanie. G\u0142adkie, dopieszczone pi\u0119kn\u0105 koronk\u0105, kt\u00f3ra dekoruje uda oraz male\u0144k\u0105 kokardk\u0105 na \u015brodku. Materia\u0142: mi\u0119kka, elastyczna mikrofibra &#8211; poliamid 83%, elastan 17%. \u00a0 Rozmiar S M L XL XXL Obw\u00f3d bioder 85-88 cm 89-92 cm 93-96 cm 97-100 cm 101-104 cm \u00a0<\/p>\n","protected":false},"featured_media":8585,"comment_status":"open","ping_status":"closed","template":"","meta":[],"product_brand":[],"product_cat":[48,24,41,40,39],"product_tag":[],"class_list":{"0":"post-8309","1":"product","2":"type-product","3":"status-publish","4":"has-post-thumbnail","6":"product_cat-majtki-podkategoria-do-bielizny","7":"product_cat-produkty","8":"product_cat-l","9":"product_cat-m","10":"product_cat-s","12":"first","13":"instock","14":"taxable","15":"shipping-taxable","16":"purchasable","17":"product-type-simple"},"_links":{"self":[{"href":"https:\/\/butikhome.pl\/index.php\/wp-json\/wp\/v2\/product\/8309","targetHints":{"allow":["GET"]}}],"collection":[{"href":"https:\/\/butikhome.pl\/index.php\/wp-json\/wp\/v2\/product"}],"about":[{"href":"https:\/\/butikhome.pl\/index.php\/wp-json\/wp\/v2\/types\/product"}],"replies":[{"embeddable":true,"href":"https:\/\/butikhome.pl\/index.php\/wp-json\/wp\/v2\/comments?post=8309"}],"wp:featuredmedia":[{"embeddable":true,"href":"https:\/\/butikhome.pl\/index.php\/wp-json\/wp\/v2\/media\/8585"}],"wp:attachment":[{"href":"https:\/\/butikhome.pl\/index.php\/wp-json\/wp\/v2\/media?parent=8309"}],"wp:term":[{"taxonomy":"product_brand","embeddable":true,"href":"https:\/\/butikhome.pl\/index.php\/wp-json\/wp\/v2\/product_brand?post=8309"},{"taxonomy":"product_cat","embeddable":true,"href":"https:\/\/butikhome.pl\/index.php\/wp-json\/wp\/v2\/product_cat?post=8309"},{"taxonomy":"product_tag","embeddable":true,"href":"https:\/\/butikhome.pl\/index.php\/wp-json\/wp\/v2\/product_tag?post=8309"}],"curies":[{"name":"wp","href":"https:\/\/api.w.org\/{rel}","templated":true}]}}