{"id":8328,"date":"2023-01-26T18:09:30","date_gmt":"2023-01-26T17:09:30","guid":{"rendered":"https:\/\/butikhome.pl\/index.php\/produkt\/figi-secretia-czarne\/"},"modified":"2023-04-14T12:46:45","modified_gmt":"2023-04-14T10:46:45","slug":"figi-secretia-czarne","status":"publish","type":"product","link":"https:\/\/butikhome.pl\/index.php\/produkt\/figi-secretia-czarne\/","title":{"rendered":"Figi Secretia Czarne"},"content":{"rendered":"<p><span>Secretia &#8211; wysokie figi modeluj\u0105ce wykonane z g\u0142adziej dzianiny. Model koryguj\u0105cy lini\u0119 brzucha, talii i bioder, dyskretny. Dzi\u0119ki wysokiej zawarto\u015bci bawe\u0142ny i elastanu bielizna jest bardzo komfortowa i przyjemna w noszeniu. W pasie wzmocniony panel utrzymuj\u0105cy mi\u0119\u015bnie brzucha. Sk\u0142ad: 30% micromodal, 40% elastan, 30% bawe\u0142na.<\/span><\/p>\n<p><span>\u00a0<\/span><\/p>\n<table border=1 cellspacing=0 cellpadding=3>\n<tr>\n<td valign=top width=141>\n<p><span>Rozmiar<\/span><\/p>\n<\/td>\n<td valign=top width=141>\n<p><span>S<\/span><\/p>\n<\/td>\n<td valign=top width=142>\n<p><span>M<\/span><\/p>\n<\/td>\n<td valign=top width=142>\n<p><span>L<\/span><\/p>\n<\/td>\n<td valign=top width=142>\n<p><span>XL<\/span><\/p>\n<\/td>\n<td valign=top width=142>\n<p><span>XXL<\/span><\/p>\n<\/td>\n<\/tr>\n<tr>\n<td valign=top width=141>\n<p><span>Obw\u00f3d bioder<\/span><\/p>\n<\/td>\n<td valign=top width=141>\n<p><span>85-88 cm<\/span><\/p>\n<\/td>\n<td valign=top width=142>\n<p><span>89-92 cm<\/span><\/p>\n<\/td>\n<td valign=top width=142>\n<p><span>93-96 cm<\/span><\/p>\n<\/td>\n<td valign=top width=142>\n<p><span>97-100 cm<\/span><\/p>\n<\/td>\n<td valign=top width=142>\n<p><span>101-104 cm<\/span><\/p>\n<\/td>\n<\/tr>\n<\/table>\n<p><span>\u00a0<\/span><\/p>\n","protected":false},"excerpt":{"rendered":"<p>Secretia &#8211; wysokie figi modeluj\u0105ce wykonane z g\u0142adziej dzianiny. Model koryguj\u0105cy lini\u0119 brzucha, talii i bioder, dyskretny. Dzi\u0119ki wysokiej zawarto\u015bci bawe\u0142ny i elastanu bielizna jest bardzo komfortowa i przyjemna w noszeniu. W pasie wzmocniony panel utrzymuj\u0105cy mi\u0119\u015bnie brzucha. Sk\u0142ad: 30% micromodal, 40% elastan, 30% bawe\u0142na. \u00a0 Rozmiar S M L XL XXL Obw\u00f3d bioder 85-88 &hellip; <\/p>\n","protected":false},"featured_media":8577,"comment_status":"open","ping_status":"closed","template":"","meta":[],"product_brand":[],"product_cat":[48,24,40],"product_tag":[],"class_list":{"0":"post-8328","1":"product","2":"type-product","3":"status-publish","4":"has-post-thumbnail","6":"product_cat-majtki-podkategoria-do-bielizny","7":"product_cat-produkty","8":"product_cat-m","10":"first","11":"instock","12":"taxable","13":"shipping-taxable","14":"purchasable","15":"product-type-simple"},"_links":{"self":[{"href":"https:\/\/butikhome.pl\/index.php\/wp-json\/wp\/v2\/product\/8328","targetHints":{"allow":["GET"]}}],"collection":[{"href":"https:\/\/butikhome.pl\/index.php\/wp-json\/wp\/v2\/product"}],"about":[{"href":"https:\/\/butikhome.pl\/index.php\/wp-json\/wp\/v2\/types\/product"}],"replies":[{"embeddable":true,"href":"https:\/\/butikhome.pl\/index.php\/wp-json\/wp\/v2\/comments?post=8328"}],"wp:featuredmedia":[{"embeddable":true,"href":"https:\/\/butikhome.pl\/index.php\/wp-json\/wp\/v2\/media\/8577"}],"wp:attachment":[{"href":"https:\/\/butikhome.pl\/index.php\/wp-json\/wp\/v2\/media?parent=8328"}],"wp:term":[{"taxonomy":"product_brand","embeddable":true,"href":"https:\/\/butikhome.pl\/index.php\/wp-json\/wp\/v2\/product_brand?post=8328"},{"taxonomy":"product_cat","embeddable":true,"href":"https:\/\/butikhome.pl\/index.php\/wp-json\/wp\/v2\/product_cat?post=8328"},{"taxonomy":"product_tag","embeddable":true,"href":"https:\/\/butikhome.pl\/index.php\/wp-json\/wp\/v2\/product_tag?post=8328"}],"curies":[{"name":"wp","href":"https:\/\/api.w.org\/{rel}","templated":true}]}}