{"id":8343,"date":"2023-01-26T18:09:33","date_gmt":"2023-01-26T17:09:33","guid":{"rendered":"https:\/\/butikhome.pl\/index.php\/produkt\/figi-sentima-czarne\/"},"modified":"2023-04-14T12:46:21","modified_gmt":"2023-04-14T10:46:21","slug":"figi-sentima-czarne","status":"publish","type":"product","link":"https:\/\/butikhome.pl\/index.php\/produkt\/figi-sentima-czarne\/","title":{"rendered":"Figi Sentima Czarne"},"content":{"rendered":"<p><span>Idealne dope\u0142nienie eleganckiej kreacji &#8211; bielizna niewidoczna pod ubraniem i dyskretnie modeluj\u0105ca cia\u0142o. G\u0142adka, z a\u017curowymi (ci\u0119tymi laserowo) wyko\u0144czeniami przy udach, co sprawia, \u017ce nogi wydaj\u0105 si\u0119 d\u0142u\u017csze, a sylwetka smuklejsza. Dost\u0119pne w kilku kolorach. Je\u015bli czujesz, \u017ce Twoja sylwetka nie wygl\u0105da jeszcze perfekcyjnie, a przed Tob\u0105 wielkie wyj\u015bcie &#8211; wybierz to, co pozwoli Ci wygl\u0105da\u0107 wspaniale! Sk\u0142ad: 83% poliamid, 17% elastan. <\/span><\/p>\n<p><span>\u00a0<\/span><\/p>\n<table border=1 cellspacing=0 cellpadding=3>\n<tr>\n<td valign=top width=141>\n<p><span>Rozmiar<\/span><\/p>\n<\/td>\n<td valign=top width=141>\n<p><span>S<\/span><\/p>\n<\/td>\n<td valign=top width=142>\n<p><span>M<\/span><\/p>\n<\/td>\n<td valign=top width=142>\n<p><span>L<\/span><\/p>\n<\/td>\n<td valign=top width=142>\n<p><span>XL<\/span><\/p>\n<\/td>\n<td valign=top width=142>\n<p><span>XXL<\/span><\/p>\n<\/td>\n<\/tr>\n<tr>\n<td valign=top width=141>\n<p><span>Obw\u00f3d bioder<\/span><\/p>\n<\/td>\n<td valign=top width=141>\n<p><span>85-88 cm<\/span><\/p>\n<\/td>\n<td valign=top width=142>\n<p><span>89-92 cm<\/span><\/p>\n<\/td>\n<td valign=top width=142>\n<p><span>93-96 cm<\/span><\/p>\n<\/td>\n<td valign=top width=142>\n<p><span>97-100 cm<\/span><\/p>\n<\/td>\n<td valign=top width=142>\n<p><span>101-104 cm<\/span><\/p>\n<\/td>\n<\/tr>\n<\/table>\n<p><span>\u00a0<\/span><\/p>\n","protected":false},"excerpt":{"rendered":"<p>Idealne dope\u0142nienie eleganckiej kreacji &#8211; bielizna niewidoczna pod ubraniem i dyskretnie modeluj\u0105ca cia\u0142o. G\u0142adka, z a\u017curowymi (ci\u0119tymi laserowo) wyko\u0144czeniami przy udach, co sprawia, \u017ce nogi wydaj\u0105 si\u0119 d\u0142u\u017csze, a sylwetka smuklejsza. Dost\u0119pne w kilku kolorach. Je\u015bli czujesz, \u017ce Twoja sylwetka nie wygl\u0105da jeszcze perfekcyjnie, a przed Tob\u0105 wielkie wyj\u015bcie &#8211; wybierz to, co pozwoli Ci &hellip; <\/p>\n","protected":false},"featured_media":8572,"comment_status":"open","ping_status":"closed","template":"","meta":[],"product_brand":[],"product_cat":[48,24,41,40,39,42,43],"product_tag":[],"class_list":{"0":"post-8343","1":"product","2":"type-product","3":"status-publish","4":"has-post-thumbnail","6":"product_cat-majtki-podkategoria-do-bielizny","7":"product_cat-produkty","8":"product_cat-l","9":"product_cat-m","10":"product_cat-s","11":"product_cat-xl","12":"product_cat-2xl","14":"first","15":"instock","16":"taxable","17":"shipping-taxable","18":"purchasable","19":"product-type-simple"},"_links":{"self":[{"href":"https:\/\/butikhome.pl\/index.php\/wp-json\/wp\/v2\/product\/8343","targetHints":{"allow":["GET"]}}],"collection":[{"href":"https:\/\/butikhome.pl\/index.php\/wp-json\/wp\/v2\/product"}],"about":[{"href":"https:\/\/butikhome.pl\/index.php\/wp-json\/wp\/v2\/types\/product"}],"replies":[{"embeddable":true,"href":"https:\/\/butikhome.pl\/index.php\/wp-json\/wp\/v2\/comments?post=8343"}],"wp:featuredmedia":[{"embeddable":true,"href":"https:\/\/butikhome.pl\/index.php\/wp-json\/wp\/v2\/media\/8572"}],"wp:attachment":[{"href":"https:\/\/butikhome.pl\/index.php\/wp-json\/wp\/v2\/media?parent=8343"}],"wp:term":[{"taxonomy":"product_brand","embeddable":true,"href":"https:\/\/butikhome.pl\/index.php\/wp-json\/wp\/v2\/product_brand?post=8343"},{"taxonomy":"product_cat","embeddable":true,"href":"https:\/\/butikhome.pl\/index.php\/wp-json\/wp\/v2\/product_cat?post=8343"},{"taxonomy":"product_tag","embeddable":true,"href":"https:\/\/butikhome.pl\/index.php\/wp-json\/wp\/v2\/product_tag?post=8343"}],"curies":[{"name":"wp","href":"https:\/\/api.w.org\/{rel}","templated":true}]}}